{"id":5911,"date":"2026-04-07T13:57:14","date_gmt":"2026-04-07T11:57:14","guid":{"rendered":"https:\/\/fibercrafters.pl\/?post_type=product&#038;p=5911"},"modified":"2026-04-07T14:01:52","modified_gmt":"2026-04-07T12:01:52","slug":"zapiecie-magnetyczne-skora-naturalna-olej-silny-magnes-do-przyszycia-dziurki","status":"publish","type":"product","link":"https:\/\/fibercrafters.pl\/en\/product\/zapiecie-magnetyczne-skora-naturalna-olej-silny-magnes-do-przyszycia-dziurki\/","title":{"rendered":"Zapi\u0119cie magnetyczne sk\u00f3ra naturalna OLEJ silny magnes do przyszycia  DZIURKI"},"content":{"rendered":"<p dir=\"ltr\">Zapi\u0119cie magnetyczne ze sk\u00f3ry naturalnej do przyszycia<br \/>\nDodaj swojej realizacji nie tylko funkcjonalno\u015b\u0107, ale i wyj\u0105tkowy detal<\/p>\n<p dir=\"ltr\">Nasze zapi\u0119cia magnetyczne to po\u0142\u0105czenie estetyki i praktycznego rozwi\u0105zania do torebek, koszy i projekt\u00f3w handmade.<br \/>\nCo wyr\u00f3\u017cnia nasze zapi\u0119cia?<br \/>\n\u2714\ufe0f silne magnesy \u2013 pewne zamkni\u0119cie bez wysi\u0142ku<br \/>\n\u2714\ufe0f naturalna, certyfikowana sk\u00f3ra juchtowa \u2013 trwa\u0142a, odporna i pi\u0119knie si\u0119 starzeje<br \/>\n\u2714\ufe0f grubo\u015b\u0107 sk\u00f3ry: 1,4 mm \u2013 idealny balans mi\u0119dzy sztywno\u015bci\u0105 a elastyczno\u015bci\u0105<br \/>\n\u2714\ufe0f gotowe do wszycia \u2013 praktyczne otwory u\u0142atwiaj\u0105 monta\u017c<\/p>\n<p dir=\"ltr\">Wymiary:<br \/>\nok. 5,5 \u00d7 6 \u00d7 5 cm<\/p>\n<p dir=\"ltr\">\nDost\u0119pne kolory:<br \/>\nczarny \u2013 klasyczny i ponadczasowy<br \/>\nczekolada \u2013 g\u0142\u0119boki, elegancki br\u0105z<br \/>\nolej \u2013 ciep\u0142y, naturalny odcie\u0144 br\u0105zu<br \/>\ncamel \u2013 jasny, stylowy be\u017cowo-br\u0105zowy<\/p>\n<p dir=\"ltr\">Inspiracja<br \/>\nZapi\u0119cie w kolorze czekolada zosta\u0142o wykorzystane w koszu uszytym przez<br \/>\nwww.talktothelapka.pl\u2060<\/p>\n<p dir=\"ltr\">\u2013 efekt? Stylowy, dopracowany projekt z charakterem<\/p>\n<p dir=\"ltr\">Idealne do:<br \/>\ntorebek szytych ze sznurka<br \/>\nkoszyk\u00f3w<br \/>\nprojekt\u00f3w handmade premium<\/p>\n<p dir=\"ltr\">\nTw\u00f3rz projekty, kt\u00f3re nie tylko wygl\u0105daj\u0105 pi\u0119knie, ale s\u0105 te\u017c dopracowane w ka\u017cdym detalu<\/p>","protected":false},"excerpt":{"rendered":"<p>Zapi\u0119cie magnetyczne ze sk\u00f3ry naturalnej do przyszycia Dodaj swojej realizacji nie tylko funkcjonalno\u015b\u0107, ale i wyj\u0105tkowy detal Nasze zapi\u0119cia magnetyczne&#8230;<\/p>","protected":false},"featured_media":5920,"template":"","meta":[],"product_brand":[],"product_cat":[98],"product_tag":[],"class_list":{"0":"post-5911","1":"product","2":"type-product","3":"status-publish","4":"has-post-thumbnail","6":"product_cat-dodatki-ze-skory-naturalnej","8":"first","9":"instock","10":"shipping-taxable","11":"purchasable","12":"product-type-simple"},"yoast_head":"<!-- This site is optimized with the Yoast SEO plugin v26.7 - https:\/\/yoast.com\/wordpress\/plugins\/seo\/ -->\n<title>Zapi\u0119cie magnetyczne sk\u00f3ra naturalna OLEJ silny magnes do przyszycia DZIURKI | Fibercrafters<\/title>\n<meta name=\"robots\" content=\"index, follow, max-snippet:-1, max-image-preview:large, max-video-preview:-1\" \/>\n<link rel=\"canonical\" href=\"https:\/\/fibercrafters.pl\/en\/product\/zapiecie-magnetyczne-skora-naturalna-olej-silny-magnes-do-przyszycia-dziurki\/\" \/>\n<meta property=\"og:locale\" content=\"en_US\" \/>\n<meta property=\"og:type\" content=\"article\" \/>\n<meta property=\"og:title\" content=\"Zapi\u0119cie magnetyczne sk\u00f3ra naturalna OLEJ silny magnes do przyszycia DZIURKI | Fibercrafters\" \/>\n<meta property=\"og:description\" content=\"Zapi\u0119cie magnetyczne ze sk\u00f3ry naturalnej do przyszycia Dodaj swojej realizacji nie tylko funkcjonalno\u015b\u0107, ale i wyj\u0105tkowy detal Nasze zapi\u0119cia magnetyczne...\" \/>\n<meta property=\"og:url\" content=\"https:\/\/fibercrafters.pl\/en\/product\/zapiecie-magnetyczne-skora-naturalna-olej-silny-magnes-do-przyszycia-dziurki\/\" \/>\n<meta property=\"og:site_name\" content=\"Fibercrafters\" \/>\n<meta property=\"article:publisher\" content=\"https:\/\/www.facebook.com\/people\/Fiber-Crafters\/61562841616266\/\" \/>\n<meta property=\"article:modified_time\" content=\"2026-04-07T12:01:52+00:00\" \/>\n<meta property=\"og:image\" content=\"https:\/\/fibercrafters.pl\/wp-content\/uploads\/2026\/04\/gridart_20260407_133226206.jpg\" \/>\n\t<meta property=\"og:image:width\" content=\"4096\" \/>\n\t<meta property=\"og:image:height\" content=\"4096\" \/>\n\t<meta property=\"og:image:type\" content=\"image\/jpeg\" \/>\n<meta name=\"twitter:card\" content=\"summary_large_image\" \/>\n<meta name=\"twitter:label1\" content=\"Est. reading time\" \/>\n\t<meta name=\"twitter:data1\" content=\"2 minutes\" \/>\n<script type=\"application\/ld+json\" class=\"yoast-schema-graph\">{\"@context\":\"https:\/\/schema.org\",\"@graph\":[{\"@type\":\"WebPage\",\"@id\":\"https:\/\/fibercrafters.pl\/produkt\/zapiecie-magnetyczne-skora-naturalna-olej-silny-magnes-do-przyszycia-dziurki\/\",\"url\":\"https:\/\/fibercrafters.pl\/produkt\/zapiecie-magnetyczne-skora-naturalna-olej-silny-magnes-do-przyszycia-dziurki\/\",\"name\":\"Zapi\u0119cie magnetyczne sk\u00f3ra naturalna OLEJ silny magnes do przyszycia DZIURKI | Fibercrafters\",\"isPartOf\":{\"@id\":\"https:\/\/fibercrafters.pl\/#website\"},\"primaryImageOfPage\":{\"@id\":\"https:\/\/fibercrafters.pl\/produkt\/zapiecie-magnetyczne-skora-naturalna-olej-silny-magnes-do-przyszycia-dziurki\/#primaryimage\"},\"image\":{\"@id\":\"https:\/\/fibercrafters.pl\/produkt\/zapiecie-magnetyczne-skora-naturalna-olej-silny-magnes-do-przyszycia-dziurki\/#primaryimage\"},\"thumbnailUrl\":\"https:\/\/fibercrafters.pl\/wp-content\/uploads\/2026\/04\/gridart_20260407_133226206.jpg\",\"datePublished\":\"2026-04-07T11:57:14+00:00\",\"dateModified\":\"2026-04-07T12:01:52+00:00\",\"breadcrumb\":{\"@id\":\"https:\/\/fibercrafters.pl\/produkt\/zapiecie-magnetyczne-skora-naturalna-olej-silny-magnes-do-przyszycia-dziurki\/#breadcrumb\"},\"inLanguage\":\"en-US\",\"potentialAction\":[{\"@type\":\"ReadAction\",\"target\":[\"https:\/\/fibercrafters.pl\/produkt\/zapiecie-magnetyczne-skora-naturalna-olej-silny-magnes-do-przyszycia-dziurki\/\"]}]},{\"@type\":\"ImageObject\",\"inLanguage\":\"en-US\",\"@id\":\"https:\/\/fibercrafters.pl\/produkt\/zapiecie-magnetyczne-skora-naturalna-olej-silny-magnes-do-przyszycia-dziurki\/#primaryimage\",\"url\":\"https:\/\/fibercrafters.pl\/wp-content\/uploads\/2026\/04\/gridart_20260407_133226206.jpg\",\"contentUrl\":\"https:\/\/fibercrafters.pl\/wp-content\/uploads\/2026\/04\/gridart_20260407_133226206.jpg\",\"width\":4096,\"height\":4096},{\"@type\":\"BreadcrumbList\",\"@id\":\"https:\/\/fibercrafters.pl\/produkt\/zapiecie-magnetyczne-skora-naturalna-olej-silny-magnes-do-przyszycia-dziurki\/#breadcrumb\",\"itemListElement\":[{\"@type\":\"ListItem\",\"position\":1,\"name\":\"Strona g\u0142\u00f3wna\",\"item\":\"https:\/\/fibercrafters.pl\/\"},{\"@type\":\"ListItem\",\"position\":2,\"name\":\"Sklep\",\"item\":\"https:\/\/fibercrafters.pl\/sklep\/\"},{\"@type\":\"ListItem\",\"position\":3,\"name\":\"Zapi\u0119cie magnetyczne sk\u00f3ra naturalna OLEJ silny magnes do przyszycia DZIURKI\"}]},{\"@type\":\"WebSite\",\"@id\":\"https:\/\/fibercrafters.pl\/#website\",\"url\":\"https:\/\/fibercrafters.pl\/\",\"name\":\"Fibercrafters\",\"description\":\"Sznurki do szycia\",\"publisher\":{\"@id\":\"https:\/\/fibercrafters.pl\/#organization\"},\"potentialAction\":[{\"@type\":\"SearchAction\",\"target\":{\"@type\":\"EntryPoint\",\"urlTemplate\":\"https:\/\/fibercrafters.pl\/?s={search_term_string}\"},\"query-input\":{\"@type\":\"PropertyValueSpecification\",\"valueRequired\":true,\"valueName\":\"search_term_string\"}}],\"inLanguage\":\"en-US\"},{\"@type\":\"Organization\",\"@id\":\"https:\/\/fibercrafters.pl\/#organization\",\"name\":\"Fibercrafters\",\"url\":\"https:\/\/fibercrafters.pl\/\",\"logo\":{\"@type\":\"ImageObject\",\"inLanguage\":\"en-US\",\"@id\":\"https:\/\/fibercrafters.pl\/#\/schema\/logo\/image\/\",\"url\":\"https:\/\/fibercrafters.pl\/wp-content\/uploads\/2025\/01\/cropped-fibercraft-1.webp\",\"contentUrl\":\"https:\/\/fibercrafters.pl\/wp-content\/uploads\/2025\/01\/cropped-fibercraft-1.webp\",\"width\":267,\"height\":144,\"caption\":\"Fibercrafters\"},\"image\":{\"@id\":\"https:\/\/fibercrafters.pl\/#\/schema\/logo\/image\/\"},\"sameAs\":[\"https:\/\/www.facebook.com\/people\/Fiber-Crafters\/61562841616266\/\",\"https:\/\/www.instagram.com\/fiber.crafters\/\"]}]}<\/script>\n<!-- \/ Yoast SEO plugin. -->","yoast_head_json":{"title":"Zapi\u0119cie magnetyczne sk\u00f3ra naturalna OLEJ silny magnes do przyszycia DZIURKI | Fibercrafters","robots":{"index":"index","follow":"follow","max-snippet":"max-snippet:-1","max-image-preview":"max-image-preview:large","max-video-preview":"max-video-preview:-1"},"canonical":"https:\/\/fibercrafters.pl\/en\/product\/zapiecie-magnetyczne-skora-naturalna-olej-silny-magnes-do-przyszycia-dziurki\/","og_locale":"en_US","og_type":"article","og_title":"Zapi\u0119cie magnetyczne sk\u00f3ra naturalna OLEJ silny magnes do przyszycia DZIURKI | Fibercrafters","og_description":"Zapi\u0119cie magnetyczne ze sk\u00f3ry naturalnej do przyszycia Dodaj swojej realizacji nie tylko funkcjonalno\u015b\u0107, ale i wyj\u0105tkowy detal Nasze zapi\u0119cia magnetyczne...","og_url":"https:\/\/fibercrafters.pl\/en\/product\/zapiecie-magnetyczne-skora-naturalna-olej-silny-magnes-do-przyszycia-dziurki\/","og_site_name":"Fibercrafters","article_publisher":"https:\/\/www.facebook.com\/people\/Fiber-Crafters\/61562841616266\/","article_modified_time":"2026-04-07T12:01:52+00:00","og_image":[{"width":4096,"height":4096,"url":"https:\/\/fibercrafters.pl\/wp-content\/uploads\/2026\/04\/gridart_20260407_133226206.jpg","type":"image\/jpeg"}],"twitter_card":"summary_large_image","twitter_misc":{"Est. reading time":"2 minutes"},"schema":{"@context":"https:\/\/schema.org","@graph":[{"@type":"WebPage","@id":"https:\/\/fibercrafters.pl\/produkt\/zapiecie-magnetyczne-skora-naturalna-olej-silny-magnes-do-przyszycia-dziurki\/","url":"https:\/\/fibercrafters.pl\/produkt\/zapiecie-magnetyczne-skora-naturalna-olej-silny-magnes-do-przyszycia-dziurki\/","name":"Zapi\u0119cie magnetyczne sk\u00f3ra naturalna OLEJ silny magnes do przyszycia DZIURKI | Fibercrafters","isPartOf":{"@id":"https:\/\/fibercrafters.pl\/#website"},"primaryImageOfPage":{"@id":"https:\/\/fibercrafters.pl\/produkt\/zapiecie-magnetyczne-skora-naturalna-olej-silny-magnes-do-przyszycia-dziurki\/#primaryimage"},"image":{"@id":"https:\/\/fibercrafters.pl\/produkt\/zapiecie-magnetyczne-skora-naturalna-olej-silny-magnes-do-przyszycia-dziurki\/#primaryimage"},"thumbnailUrl":"https:\/\/fibercrafters.pl\/wp-content\/uploads\/2026\/04\/gridart_20260407_133226206.jpg","datePublished":"2026-04-07T11:57:14+00:00","dateModified":"2026-04-07T12:01:52+00:00","breadcrumb":{"@id":"https:\/\/fibercrafters.pl\/produkt\/zapiecie-magnetyczne-skora-naturalna-olej-silny-magnes-do-przyszycia-dziurki\/#breadcrumb"},"inLanguage":"en-US","potentialAction":[{"@type":"ReadAction","target":["https:\/\/fibercrafters.pl\/produkt\/zapiecie-magnetyczne-skora-naturalna-olej-silny-magnes-do-przyszycia-dziurki\/"]}]},{"@type":"ImageObject","inLanguage":"en-US","@id":"https:\/\/fibercrafters.pl\/produkt\/zapiecie-magnetyczne-skora-naturalna-olej-silny-magnes-do-przyszycia-dziurki\/#primaryimage","url":"https:\/\/fibercrafters.pl\/wp-content\/uploads\/2026\/04\/gridart_20260407_133226206.jpg","contentUrl":"https:\/\/fibercrafters.pl\/wp-content\/uploads\/2026\/04\/gridart_20260407_133226206.jpg","width":4096,"height":4096},{"@type":"BreadcrumbList","@id":"https:\/\/fibercrafters.pl\/produkt\/zapiecie-magnetyczne-skora-naturalna-olej-silny-magnes-do-przyszycia-dziurki\/#breadcrumb","itemListElement":[{"@type":"ListItem","position":1,"name":"Strona g\u0142\u00f3wna","item":"https:\/\/fibercrafters.pl\/"},{"@type":"ListItem","position":2,"name":"Sklep","item":"https:\/\/fibercrafters.pl\/sklep\/"},{"@type":"ListItem","position":3,"name":"Zapi\u0119cie magnetyczne sk\u00f3ra naturalna OLEJ silny magnes do przyszycia DZIURKI"}]},{"@type":"WebSite","@id":"https:\/\/fibercrafters.pl\/#website","url":"https:\/\/fibercrafters.pl\/","name":"Fibercrafters","description":"Sznurki do szycia","publisher":{"@id":"https:\/\/fibercrafters.pl\/#organization"},"potentialAction":[{"@type":"SearchAction","target":{"@type":"EntryPoint","urlTemplate":"https:\/\/fibercrafters.pl\/?s={search_term_string}"},"query-input":{"@type":"PropertyValueSpecification","valueRequired":true,"valueName":"search_term_string"}}],"inLanguage":"en-US"},{"@type":"Organization","@id":"https:\/\/fibercrafters.pl\/#organization","name":"Fibercrafters","url":"https:\/\/fibercrafters.pl\/","logo":{"@type":"ImageObject","inLanguage":"en-US","@id":"https:\/\/fibercrafters.pl\/#\/schema\/logo\/image\/","url":"https:\/\/fibercrafters.pl\/wp-content\/uploads\/2025\/01\/cropped-fibercraft-1.webp","contentUrl":"https:\/\/fibercrafters.pl\/wp-content\/uploads\/2025\/01\/cropped-fibercraft-1.webp","width":267,"height":144,"caption":"Fibercrafters"},"image":{"@id":"https:\/\/fibercrafters.pl\/#\/schema\/logo\/image\/"},"sameAs":["https:\/\/www.facebook.com\/people\/Fiber-Crafters\/61562841616266\/","https:\/\/www.instagram.com\/fiber.crafters\/"]}]}},"_links":{"self":[{"href":"https:\/\/fibercrafters.pl\/en\/wp-json\/wp\/v2\/product\/5911","targetHints":{"allow":["GET"]}}],"collection":[{"href":"https:\/\/fibercrafters.pl\/en\/wp-json\/wp\/v2\/product"}],"about":[{"href":"https:\/\/fibercrafters.pl\/en\/wp-json\/wp\/v2\/types\/product"}],"wp:featuredmedia":[{"embeddable":true,"href":"https:\/\/fibercrafters.pl\/en\/wp-json\/wp\/v2\/media\/5920"}],"wp:attachment":[{"href":"https:\/\/fibercrafters.pl\/en\/wp-json\/wp\/v2\/media?parent=5911"}],"wp:term":[{"taxonomy":"product_brand","embeddable":true,"href":"https:\/\/fibercrafters.pl\/en\/wp-json\/wp\/v2\/product_brand?post=5911"},{"taxonomy":"product_cat","embeddable":true,"href":"https:\/\/fibercrafters.pl\/en\/wp-json\/wp\/v2\/product_cat?post=5911"},{"taxonomy":"product_tag","embeddable":true,"href":"https:\/\/fibercrafters.pl\/en\/wp-json\/wp\/v2\/product_tag?post=5911"}],"curies":[{"name":"wp","href":"https:\/\/api.w.org\/{rel}","templated":true}]}}