{"id":5703,"date":"2026-03-02T09:13:17","date_gmt":"2026-03-02T08:13:17","guid":{"rendered":"https:\/\/fibercrafters.pl\/?post_type=product&#038;p=5703"},"modified":"2026-04-10T19:25:15","modified_gmt":"2026-04-10T17:25:15","slug":"wzornik-sznurka-do-szycia-6mm-fiber-crafters-2026","status":"publish","type":"product","link":"https:\/\/fibercrafters.pl\/en\/product\/wzornik-sznurka-do-szycia-6mm-fiber-crafters-2026\/","title":{"rendered":"Wzornik sznurka do szycia 6mm FIBER CRAFTERS 2026"},"content":{"rendered":"<p>Wzornik sznurka do szycia 6 mm \u2013 Fiber Crafters 2026<\/p>\n<p>D\u0142ugo wyczekiwany przez Was wzornik jest ju\u017c dost\u0119pny<br \/>\nTo narz\u0119dzie, kt\u00f3re u\u0142atwi Ci dob\u00f3r kolor\u00f3w, planowanie kolekcji i prac\u0119 z klientami.<\/p>\n<p>Co zawiera wzornik?<br \/>\n\u2714 3 sztywne karty wzornikowe<br \/>\n\u2714 Ka\u017cda karta wype\u0142niona realnymi pr\u00f3bkami sznurka<br \/>\n\u2714 Pe\u0142na aktualna paleta kolor\u00f3w Fiber Crafters<br \/>\n\u2714 Kolory jednolite, duo oraz wybrane mieszanki<\/p>\n<p>Ka\u017cda pr\u00f3bka to prawdziwy fragment naszego sznurka 6 mm \u2013 mo\u017cesz zobaczy\u0107: \u2013 rzeczywisty odcie\u0144<br \/>\n\u2013 struktur\u0119 splotu<br \/>\n\u2013 grubo\u015b\u0107<\/p>\n<p>Uwaga: pr\u00f3bki s\u0105 kr\u00f3tkimi, odci\u0119tymi fragmentami sznurka, dlatego ich odczuwalna sztywno\u015b\u0107 mo\u017ce by\u0107 nieco mniejsza ni\u017c w pe\u0142nym motku. Wynika to z braku stabilizacji ca\u0142ej d\u0142ugo\u015bci rdzenia. Gotowy produkt zachowuje swoj\u0105 standardow\u0105, charakterystyczn\u0105 sztywno\u015b\u0107.<\/p>\n<p>Dlaczego warto?<br \/>\n\ud83d\udc9b dobierzesz idealne kolory bez ryzyka<br \/>\n\ud83d\udc9b \u0142atwiej zaplanujesz wi\u0119ksze zam\u00f3wienia<br \/>\n\ud83d\udc9b poka\u017cesz klientom realne odcienie<br \/>\n\ud83d\udc9b oszcz\u0119dzisz czas i unikniesz pomy\u0142ek<\/p>\n<p>Wzornik jest szczeg\u00f3lnie polecany: \u2013 przy wsp\u00f3\u0142pracy hurtowej<br \/>\n\u2013 przy sprzeda\u017cy gotowych produkt\u00f3w<br \/>\n\u2013 przy tworzeniu nowych kolekcji<\/p>","protected":false},"excerpt":{"rendered":"<p>Wzornik sznurka do szycia 6 mm \u2013 Fiber Crafters 2026 D\u0142ugo wyczekiwany przez Was wzornik jest ju\u017c dost\u0119pny To narz\u0119dzie,&#8230;<\/p>","protected":false},"featured_media":5704,"template":"","meta":[],"product_brand":[],"product_cat":[102,74],"product_tag":[],"class_list":{"0":"post-5703","1":"product","2":"type-product","3":"status-publish","4":"has-post-thumbnail","6":"product_cat-sznurek-bawelniany","7":"product_cat-sznurek-do-szycia-fiber-crafters","9":"first","10":"instock","11":"shipping-taxable","12":"purchasable","13":"product-type-simple"},"yoast_head":"<!-- This site is optimized with the Yoast SEO plugin v26.7 - https:\/\/yoast.com\/wordpress\/plugins\/seo\/ -->\n<title>Wzornik sznurka do szycia 6mm FIBER CRAFTERS 2026 | Fibercrafters<\/title>\n<meta name=\"robots\" content=\"index, follow, max-snippet:-1, max-image-preview:large, max-video-preview:-1\" \/>\n<link rel=\"canonical\" href=\"https:\/\/fibercrafters.pl\/en\/product\/wzornik-sznurka-do-szycia-6mm-fiber-crafters-2026\/\" \/>\n<meta property=\"og:locale\" content=\"en_US\" \/>\n<meta property=\"og:type\" content=\"article\" \/>\n<meta property=\"og:title\" content=\"Wzornik sznurka do szycia 6mm FIBER CRAFTERS 2026 | Fibercrafters\" \/>\n<meta property=\"og:description\" content=\"Wzornik sznurka do szycia 6 mm \u2013 Fiber Crafters 2026 D\u0142ugo wyczekiwany przez Was wzornik jest ju\u017c dost\u0119pny To narz\u0119dzie,...\" \/>\n<meta property=\"og:url\" content=\"https:\/\/fibercrafters.pl\/en\/product\/wzornik-sznurka-do-szycia-6mm-fiber-crafters-2026\/\" \/>\n<meta property=\"og:site_name\" content=\"Fibercrafters\" \/>\n<meta property=\"article:publisher\" content=\"https:\/\/www.facebook.com\/people\/Fiber-Crafters\/61562841616266\/\" \/>\n<meta property=\"article:modified_time\" content=\"2026-04-10T17:25:15+00:00\" \/>\n<meta property=\"og:image\" content=\"https:\/\/fibercrafters.pl\/wp-content\/uploads\/2026\/03\/20260228_121817.jpg\" \/>\n\t<meta property=\"og:image:width\" content=\"1379\" \/>\n\t<meta property=\"og:image:height\" content=\"1600\" \/>\n\t<meta property=\"og:image:type\" content=\"image\/jpeg\" \/>\n<meta name=\"twitter:card\" content=\"summary_large_image\" \/>\n<meta name=\"twitter:label1\" content=\"Est. reading time\" \/>\n\t<meta name=\"twitter:data1\" content=\"2 minutes\" \/>\n<script type=\"application\/ld+json\" class=\"yoast-schema-graph\">{\"@context\":\"https:\/\/schema.org\",\"@graph\":[{\"@type\":\"WebPage\",\"@id\":\"https:\/\/fibercrafters.pl\/produkt\/wzornik-sznurka-do-szycia-6mm-fiber-crafters-2026\/\",\"url\":\"https:\/\/fibercrafters.pl\/produkt\/wzornik-sznurka-do-szycia-6mm-fiber-crafters-2026\/\",\"name\":\"Wzornik sznurka do szycia 6mm FIBER CRAFTERS 2026 | Fibercrafters\",\"isPartOf\":{\"@id\":\"https:\/\/fibercrafters.pl\/#website\"},\"primaryImageOfPage\":{\"@id\":\"https:\/\/fibercrafters.pl\/produkt\/wzornik-sznurka-do-szycia-6mm-fiber-crafters-2026\/#primaryimage\"},\"image\":{\"@id\":\"https:\/\/fibercrafters.pl\/produkt\/wzornik-sznurka-do-szycia-6mm-fiber-crafters-2026\/#primaryimage\"},\"thumbnailUrl\":\"https:\/\/fibercrafters.pl\/wp-content\/uploads\/2026\/03\/20260228_121817.jpg\",\"datePublished\":\"2026-03-02T08:13:17+00:00\",\"dateModified\":\"2026-04-10T17:25:15+00:00\",\"breadcrumb\":{\"@id\":\"https:\/\/fibercrafters.pl\/produkt\/wzornik-sznurka-do-szycia-6mm-fiber-crafters-2026\/#breadcrumb\"},\"inLanguage\":\"en-US\",\"potentialAction\":[{\"@type\":\"ReadAction\",\"target\":[\"https:\/\/fibercrafters.pl\/produkt\/wzornik-sznurka-do-szycia-6mm-fiber-crafters-2026\/\"]}]},{\"@type\":\"ImageObject\",\"inLanguage\":\"en-US\",\"@id\":\"https:\/\/fibercrafters.pl\/produkt\/wzornik-sznurka-do-szycia-6mm-fiber-crafters-2026\/#primaryimage\",\"url\":\"https:\/\/fibercrafters.pl\/wp-content\/uploads\/2026\/03\/20260228_121817.jpg\",\"contentUrl\":\"https:\/\/fibercrafters.pl\/wp-content\/uploads\/2026\/03\/20260228_121817.jpg\",\"width\":1379,\"height\":1600},{\"@type\":\"BreadcrumbList\",\"@id\":\"https:\/\/fibercrafters.pl\/produkt\/wzornik-sznurka-do-szycia-6mm-fiber-crafters-2026\/#breadcrumb\",\"itemListElement\":[{\"@type\":\"ListItem\",\"position\":1,\"name\":\"Strona g\u0142\u00f3wna\",\"item\":\"https:\/\/fibercrafters.pl\/\"},{\"@type\":\"ListItem\",\"position\":2,\"name\":\"Sklep\",\"item\":\"https:\/\/fibercrafters.pl\/sklep\/\"},{\"@type\":\"ListItem\",\"position\":3,\"name\":\"Wzornik sznurka do szycia 6mm FIBER CRAFTERS 2026\"}]},{\"@type\":\"WebSite\",\"@id\":\"https:\/\/fibercrafters.pl\/#website\",\"url\":\"https:\/\/fibercrafters.pl\/\",\"name\":\"Fibercrafters\",\"description\":\"Sznurki do szycia\",\"publisher\":{\"@id\":\"https:\/\/fibercrafters.pl\/#organization\"},\"potentialAction\":[{\"@type\":\"SearchAction\",\"target\":{\"@type\":\"EntryPoint\",\"urlTemplate\":\"https:\/\/fibercrafters.pl\/?s={search_term_string}\"},\"query-input\":{\"@type\":\"PropertyValueSpecification\",\"valueRequired\":true,\"valueName\":\"search_term_string\"}}],\"inLanguage\":\"en-US\"},{\"@type\":\"Organization\",\"@id\":\"https:\/\/fibercrafters.pl\/#organization\",\"name\":\"Fibercrafters\",\"url\":\"https:\/\/fibercrafters.pl\/\",\"logo\":{\"@type\":\"ImageObject\",\"inLanguage\":\"en-US\",\"@id\":\"https:\/\/fibercrafters.pl\/#\/schema\/logo\/image\/\",\"url\":\"https:\/\/fibercrafters.pl\/wp-content\/uploads\/2025\/01\/cropped-fibercraft-1.webp\",\"contentUrl\":\"https:\/\/fibercrafters.pl\/wp-content\/uploads\/2025\/01\/cropped-fibercraft-1.webp\",\"width\":267,\"height\":144,\"caption\":\"Fibercrafters\"},\"image\":{\"@id\":\"https:\/\/fibercrafters.pl\/#\/schema\/logo\/image\/\"},\"sameAs\":[\"https:\/\/www.facebook.com\/people\/Fiber-Crafters\/61562841616266\/\",\"https:\/\/www.instagram.com\/fiber.crafters\/\"]}]}<\/script>\n<!-- \/ Yoast SEO plugin. -->","yoast_head_json":{"title":"Wzornik sznurka do szycia 6mm FIBER CRAFTERS 2026 | Fibercrafters","robots":{"index":"index","follow":"follow","max-snippet":"max-snippet:-1","max-image-preview":"max-image-preview:large","max-video-preview":"max-video-preview:-1"},"canonical":"https:\/\/fibercrafters.pl\/en\/product\/wzornik-sznurka-do-szycia-6mm-fiber-crafters-2026\/","og_locale":"en_US","og_type":"article","og_title":"Wzornik sznurka do szycia 6mm FIBER CRAFTERS 2026 | Fibercrafters","og_description":"Wzornik sznurka do szycia 6 mm \u2013 Fiber Crafters 2026 D\u0142ugo wyczekiwany przez Was wzornik jest ju\u017c dost\u0119pny To narz\u0119dzie,...","og_url":"https:\/\/fibercrafters.pl\/en\/product\/wzornik-sznurka-do-szycia-6mm-fiber-crafters-2026\/","og_site_name":"Fibercrafters","article_publisher":"https:\/\/www.facebook.com\/people\/Fiber-Crafters\/61562841616266\/","article_modified_time":"2026-04-10T17:25:15+00:00","og_image":[{"width":1379,"height":1600,"url":"https:\/\/fibercrafters.pl\/wp-content\/uploads\/2026\/03\/20260228_121817.jpg","type":"image\/jpeg"}],"twitter_card":"summary_large_image","twitter_misc":{"Est. reading time":"2 minutes"},"schema":{"@context":"https:\/\/schema.org","@graph":[{"@type":"WebPage","@id":"https:\/\/fibercrafters.pl\/produkt\/wzornik-sznurka-do-szycia-6mm-fiber-crafters-2026\/","url":"https:\/\/fibercrafters.pl\/produkt\/wzornik-sznurka-do-szycia-6mm-fiber-crafters-2026\/","name":"Wzornik sznurka do szycia 6mm FIBER CRAFTERS 2026 | Fibercrafters","isPartOf":{"@id":"https:\/\/fibercrafters.pl\/#website"},"primaryImageOfPage":{"@id":"https:\/\/fibercrafters.pl\/produkt\/wzornik-sznurka-do-szycia-6mm-fiber-crafters-2026\/#primaryimage"},"image":{"@id":"https:\/\/fibercrafters.pl\/produkt\/wzornik-sznurka-do-szycia-6mm-fiber-crafters-2026\/#primaryimage"},"thumbnailUrl":"https:\/\/fibercrafters.pl\/wp-content\/uploads\/2026\/03\/20260228_121817.jpg","datePublished":"2026-03-02T08:13:17+00:00","dateModified":"2026-04-10T17:25:15+00:00","breadcrumb":{"@id":"https:\/\/fibercrafters.pl\/produkt\/wzornik-sznurka-do-szycia-6mm-fiber-crafters-2026\/#breadcrumb"},"inLanguage":"en-US","potentialAction":[{"@type":"ReadAction","target":["https:\/\/fibercrafters.pl\/produkt\/wzornik-sznurka-do-szycia-6mm-fiber-crafters-2026\/"]}]},{"@type":"ImageObject","inLanguage":"en-US","@id":"https:\/\/fibercrafters.pl\/produkt\/wzornik-sznurka-do-szycia-6mm-fiber-crafters-2026\/#primaryimage","url":"https:\/\/fibercrafters.pl\/wp-content\/uploads\/2026\/03\/20260228_121817.jpg","contentUrl":"https:\/\/fibercrafters.pl\/wp-content\/uploads\/2026\/03\/20260228_121817.jpg","width":1379,"height":1600},{"@type":"BreadcrumbList","@id":"https:\/\/fibercrafters.pl\/produkt\/wzornik-sznurka-do-szycia-6mm-fiber-crafters-2026\/#breadcrumb","itemListElement":[{"@type":"ListItem","position":1,"name":"Strona g\u0142\u00f3wna","item":"https:\/\/fibercrafters.pl\/"},{"@type":"ListItem","position":2,"name":"Sklep","item":"https:\/\/fibercrafters.pl\/sklep\/"},{"@type":"ListItem","position":3,"name":"Wzornik sznurka do szycia 6mm FIBER CRAFTERS 2026"}]},{"@type":"WebSite","@id":"https:\/\/fibercrafters.pl\/#website","url":"https:\/\/fibercrafters.pl\/","name":"Fibercrafters","description":"Sznurki do szycia","publisher":{"@id":"https:\/\/fibercrafters.pl\/#organization"},"potentialAction":[{"@type":"SearchAction","target":{"@type":"EntryPoint","urlTemplate":"https:\/\/fibercrafters.pl\/?s={search_term_string}"},"query-input":{"@type":"PropertyValueSpecification","valueRequired":true,"valueName":"search_term_string"}}],"inLanguage":"en-US"},{"@type":"Organization","@id":"https:\/\/fibercrafters.pl\/#organization","name":"Fibercrafters","url":"https:\/\/fibercrafters.pl\/","logo":{"@type":"ImageObject","inLanguage":"en-US","@id":"https:\/\/fibercrafters.pl\/#\/schema\/logo\/image\/","url":"https:\/\/fibercrafters.pl\/wp-content\/uploads\/2025\/01\/cropped-fibercraft-1.webp","contentUrl":"https:\/\/fibercrafters.pl\/wp-content\/uploads\/2025\/01\/cropped-fibercraft-1.webp","width":267,"height":144,"caption":"Fibercrafters"},"image":{"@id":"https:\/\/fibercrafters.pl\/#\/schema\/logo\/image\/"},"sameAs":["https:\/\/www.facebook.com\/people\/Fiber-Crafters\/61562841616266\/","https:\/\/www.instagram.com\/fiber.crafters\/"]}]}},"_links":{"self":[{"href":"https:\/\/fibercrafters.pl\/en\/wp-json\/wp\/v2\/product\/5703","targetHints":{"allow":["GET"]}}],"collection":[{"href":"https:\/\/fibercrafters.pl\/en\/wp-json\/wp\/v2\/product"}],"about":[{"href":"https:\/\/fibercrafters.pl\/en\/wp-json\/wp\/v2\/types\/product"}],"wp:featuredmedia":[{"embeddable":true,"href":"https:\/\/fibercrafters.pl\/en\/wp-json\/wp\/v2\/media\/5704"}],"wp:attachment":[{"href":"https:\/\/fibercrafters.pl\/en\/wp-json\/wp\/v2\/media?parent=5703"}],"wp:term":[{"taxonomy":"product_brand","embeddable":true,"href":"https:\/\/fibercrafters.pl\/en\/wp-json\/wp\/v2\/product_brand?post=5703"},{"taxonomy":"product_cat","embeddable":true,"href":"https:\/\/fibercrafters.pl\/en\/wp-json\/wp\/v2\/product_cat?post=5703"},{"taxonomy":"product_tag","embeddable":true,"href":"https:\/\/fibercrafters.pl\/en\/wp-json\/wp\/v2\/product_tag?post=5703"}],"curies":[{"name":"wp","href":"https:\/\/api.w.org\/{rel}","templated":true}]}}