{"id":5542,"date":"2026-02-08T09:16:33","date_gmt":"2026-02-08T08:16:33","guid":{"rendered":"https:\/\/fibercrafters.pl\/?post_type=product&#038;p=5542"},"modified":"2026-04-10T19:25:16","modified_gmt":"2026-04-10T17:25:16","slug":"sznurek-do-szycia-fiber-crafters-6mm-100m-ombre-mandarynkowy-sorbet-smietanka","status":"publish","type":"product","link":"https:\/\/fibercrafters.pl\/en\/product\/sznurek-do-szycia-fiber-crafters-6mm-100m-ombre-mandarynkowy-sorbet-smietanka\/","title":{"rendered":"Sznurek do szycia FIBER CRAFTERS 6mm 100m OMBRE mandarynkowy sorbet\/\u015bmietanka"},"content":{"rendered":"<p>Sznurek do szycia 6 mm OMBRE \u2013 100 m<\/p>\n<p>A\u017c 100 metr\u00f3w czystej przyjemno\u015bci szycia.<\/p>\n<p>Ten sznurek ombre zosta\u0142 stworzony specjalnie do szycia na maszynie, z my\u015bl\u0105 o projektach, kt\u00f3re zachwycaj\u0105 form\u0105 i p\u0142ynnymi przej\u015bciami kolor\u00f3w.<br \/>\nDzi\u0119ki sztywniejszemu rdzeniowi doskonale trzyma kszta\u0142t, co sprawia, \u017ce idealnie nadaje si\u0119 do szytych projekt\u00f3w bez potrzeby stosowania dodatkowych usztywnie\u0144. \u015awietnie sprawdzi si\u0119 przy tworzeniu torebek, koszyk\u00f3w, organizer\u00f3w i akcesori\u00f3w.<br \/>\nGrubo\u015b\u0107 6 mm zapewnia stabilno\u015b\u0107 i estetyczne prowadzenie sznurka podczas szycia. Efekt ombre tworzy subtelne, harmonijne przej\u015bcia kolorystyczne, a finalny wygl\u0105d projektu mo\u017ce si\u0119 r\u00f3\u017cni\u0107 w zale\u017cno\u015bci od sposobu szycia \u2013 ka\u017cdy projekt jest dzi\u0119ki temu unikatowy.<\/p>\n<p>Dlaczego go pokochasz?<\/p>\n<p>\u2714\ufe0f przeznaczony do szycia na maszynie<br \/>\n\u2714\ufe0f efektowne przej\u015bcia kolor\u00f3w ombre<br \/>\n\u2714\ufe0f \u015bwietnie trzyma form\u0119<br \/>\n\u2714\ufe0f r\u00f3wne i estetyczne wyko\u0144czenie<br \/>\n\u2714\ufe0f a\u017c 100 m na jednej szpulce<\/p>\n<p>Dost\u0119pna 1 sztuka.<\/p>","protected":false},"excerpt":{"rendered":"<p>Sznurek do szycia 6 mm OMBRE \u2013 100 m A\u017c 100 metr\u00f3w czystej przyjemno\u015bci szycia. Ten sznurek ombre zosta\u0142 stworzony&#8230;<\/p>","protected":false},"featured_media":5532,"template":"","meta":[],"product_brand":[],"product_cat":[102,74],"product_tag":[],"class_list":{"0":"post-5542","1":"product","2":"type-product","3":"status-publish","4":"has-post-thumbnail","6":"product_cat-sznurek-bawelniany","7":"product_cat-sznurek-do-szycia-fiber-crafters","9":"first","10":"onbackorder","11":"shipping-taxable","12":"purchasable","13":"product-type-simple"},"yoast_head":"<!-- This site is optimized with the Yoast SEO plugin v26.7 - https:\/\/yoast.com\/wordpress\/plugins\/seo\/ -->\n<title>Sznurek do szycia FIBER CRAFTERS 6mm 100m OMBRE mandarynkowy sorbet\/\u015bmietanka | Fibercrafters<\/title>\n<meta name=\"robots\" content=\"index, follow, max-snippet:-1, max-image-preview:large, max-video-preview:-1\" \/>\n<link rel=\"canonical\" href=\"https:\/\/fibercrafters.pl\/en\/product\/sznurek-do-szycia-fiber-crafters-6mm-100m-ombre-mandarynkowy-sorbet-smietanka\/\" \/>\n<meta property=\"og:locale\" content=\"en_US\" \/>\n<meta property=\"og:type\" content=\"article\" \/>\n<meta property=\"og:title\" content=\"Sznurek do szycia FIBER CRAFTERS 6mm 100m OMBRE mandarynkowy sorbet\/\u015bmietanka | Fibercrafters\" \/>\n<meta property=\"og:description\" content=\"Sznurek do szycia 6 mm OMBRE \u2013 100 m A\u017c 100 metr\u00f3w czystej przyjemno\u015bci szycia. Ten sznurek ombre zosta\u0142 stworzony...\" \/>\n<meta property=\"og:url\" content=\"https:\/\/fibercrafters.pl\/en\/product\/sznurek-do-szycia-fiber-crafters-6mm-100m-ombre-mandarynkowy-sorbet-smietanka\/\" \/>\n<meta property=\"og:site_name\" content=\"Fibercrafters\" \/>\n<meta property=\"article:publisher\" content=\"https:\/\/www.facebook.com\/people\/Fiber-Crafters\/61562841616266\/\" \/>\n<meta property=\"article:modified_time\" content=\"2026-04-10T17:25:16+00:00\" \/>\n<meta property=\"og:image\" content=\"https:\/\/fibercrafters.pl\/wp-content\/uploads\/2026\/02\/Projekt-bez-nazwy-2026-02-08T090512.103-1024x1024.png\" \/>\n\t<meta property=\"og:image:width\" content=\"1024\" \/>\n\t<meta property=\"og:image:height\" content=\"1024\" \/>\n\t<meta property=\"og:image:type\" content=\"image\/png\" \/>\n<meta name=\"twitter:card\" content=\"summary_large_image\" \/>\n<meta name=\"twitter:label1\" content=\"Est. reading time\" \/>\n\t<meta name=\"twitter:data1\" content=\"2 minutes\" \/>\n<script type=\"application\/ld+json\" class=\"yoast-schema-graph\">{\"@context\":\"https:\/\/schema.org\",\"@graph\":[{\"@type\":\"WebPage\",\"@id\":\"https:\/\/fibercrafters.pl\/produkt\/sznurek-do-szycia-fiber-crafters-6mm-100m-ombre-mandarynkowy-sorbet-smietanka\/\",\"url\":\"https:\/\/fibercrafters.pl\/produkt\/sznurek-do-szycia-fiber-crafters-6mm-100m-ombre-mandarynkowy-sorbet-smietanka\/\",\"name\":\"Sznurek do szycia FIBER CRAFTERS 6mm 100m OMBRE mandarynkowy sorbet\/\u015bmietanka | Fibercrafters\",\"isPartOf\":{\"@id\":\"https:\/\/fibercrafters.pl\/#website\"},\"primaryImageOfPage\":{\"@id\":\"https:\/\/fibercrafters.pl\/produkt\/sznurek-do-szycia-fiber-crafters-6mm-100m-ombre-mandarynkowy-sorbet-smietanka\/#primaryimage\"},\"image\":{\"@id\":\"https:\/\/fibercrafters.pl\/produkt\/sznurek-do-szycia-fiber-crafters-6mm-100m-ombre-mandarynkowy-sorbet-smietanka\/#primaryimage\"},\"thumbnailUrl\":\"https:\/\/fibercrafters.pl\/wp-content\/uploads\/2026\/02\/Projekt-bez-nazwy-2026-02-08T090512.103.png\",\"datePublished\":\"2026-02-08T08:16:33+00:00\",\"dateModified\":\"2026-04-10T17:25:16+00:00\",\"breadcrumb\":{\"@id\":\"https:\/\/fibercrafters.pl\/produkt\/sznurek-do-szycia-fiber-crafters-6mm-100m-ombre-mandarynkowy-sorbet-smietanka\/#breadcrumb\"},\"inLanguage\":\"en-US\",\"potentialAction\":[{\"@type\":\"ReadAction\",\"target\":[\"https:\/\/fibercrafters.pl\/produkt\/sznurek-do-szycia-fiber-crafters-6mm-100m-ombre-mandarynkowy-sorbet-smietanka\/\"]}]},{\"@type\":\"ImageObject\",\"inLanguage\":\"en-US\",\"@id\":\"https:\/\/fibercrafters.pl\/produkt\/sznurek-do-szycia-fiber-crafters-6mm-100m-ombre-mandarynkowy-sorbet-smietanka\/#primaryimage\",\"url\":\"https:\/\/fibercrafters.pl\/wp-content\/uploads\/2026\/02\/Projekt-bez-nazwy-2026-02-08T090512.103.png\",\"contentUrl\":\"https:\/\/fibercrafters.pl\/wp-content\/uploads\/2026\/02\/Projekt-bez-nazwy-2026-02-08T090512.103.png\",\"width\":1600,\"height\":1600},{\"@type\":\"BreadcrumbList\",\"@id\":\"https:\/\/fibercrafters.pl\/produkt\/sznurek-do-szycia-fiber-crafters-6mm-100m-ombre-mandarynkowy-sorbet-smietanka\/#breadcrumb\",\"itemListElement\":[{\"@type\":\"ListItem\",\"position\":1,\"name\":\"Strona g\u0142\u00f3wna\",\"item\":\"https:\/\/fibercrafters.pl\/\"},{\"@type\":\"ListItem\",\"position\":2,\"name\":\"Sklep\",\"item\":\"https:\/\/fibercrafters.pl\/sklep\/\"},{\"@type\":\"ListItem\",\"position\":3,\"name\":\"Sznurek do szycia FIBER CRAFTERS 6mm 100m OMBRE mandarynkowy sorbet\/\u015bmietanka\"}]},{\"@type\":\"WebSite\",\"@id\":\"https:\/\/fibercrafters.pl\/#website\",\"url\":\"https:\/\/fibercrafters.pl\/\",\"name\":\"Fibercrafters\",\"description\":\"Sznurki do szycia\",\"publisher\":{\"@id\":\"https:\/\/fibercrafters.pl\/#organization\"},\"potentialAction\":[{\"@type\":\"SearchAction\",\"target\":{\"@type\":\"EntryPoint\",\"urlTemplate\":\"https:\/\/fibercrafters.pl\/?s={search_term_string}\"},\"query-input\":{\"@type\":\"PropertyValueSpecification\",\"valueRequired\":true,\"valueName\":\"search_term_string\"}}],\"inLanguage\":\"en-US\"},{\"@type\":\"Organization\",\"@id\":\"https:\/\/fibercrafters.pl\/#organization\",\"name\":\"Fibercrafters\",\"url\":\"https:\/\/fibercrafters.pl\/\",\"logo\":{\"@type\":\"ImageObject\",\"inLanguage\":\"en-US\",\"@id\":\"https:\/\/fibercrafters.pl\/#\/schema\/logo\/image\/\",\"url\":\"https:\/\/fibercrafters.pl\/wp-content\/uploads\/2025\/01\/cropped-fibercraft-1.webp\",\"contentUrl\":\"https:\/\/fibercrafters.pl\/wp-content\/uploads\/2025\/01\/cropped-fibercraft-1.webp\",\"width\":267,\"height\":144,\"caption\":\"Fibercrafters\"},\"image\":{\"@id\":\"https:\/\/fibercrafters.pl\/#\/schema\/logo\/image\/\"},\"sameAs\":[\"https:\/\/www.facebook.com\/people\/Fiber-Crafters\/61562841616266\/\",\"https:\/\/www.instagram.com\/fiber.crafters\/\"]}]}<\/script>\n<!-- \/ Yoast SEO plugin. -->","yoast_head_json":{"title":"Sznurek do szycia FIBER CRAFTERS 6mm 100m OMBRE mandarynkowy sorbet\/\u015bmietanka | Fibercrafters","robots":{"index":"index","follow":"follow","max-snippet":"max-snippet:-1","max-image-preview":"max-image-preview:large","max-video-preview":"max-video-preview:-1"},"canonical":"https:\/\/fibercrafters.pl\/en\/product\/sznurek-do-szycia-fiber-crafters-6mm-100m-ombre-mandarynkowy-sorbet-smietanka\/","og_locale":"en_US","og_type":"article","og_title":"Sznurek do szycia FIBER CRAFTERS 6mm 100m OMBRE mandarynkowy sorbet\/\u015bmietanka | Fibercrafters","og_description":"Sznurek do szycia 6 mm OMBRE \u2013 100 m A\u017c 100 metr\u00f3w czystej przyjemno\u015bci szycia. Ten sznurek ombre zosta\u0142 stworzony...","og_url":"https:\/\/fibercrafters.pl\/en\/product\/sznurek-do-szycia-fiber-crafters-6mm-100m-ombre-mandarynkowy-sorbet-smietanka\/","og_site_name":"Fibercrafters","article_publisher":"https:\/\/www.facebook.com\/people\/Fiber-Crafters\/61562841616266\/","article_modified_time":"2026-04-10T17:25:16+00:00","og_image":[{"width":1024,"height":1024,"url":"https:\/\/fibercrafters.pl\/wp-content\/uploads\/2026\/02\/Projekt-bez-nazwy-2026-02-08T090512.103-1024x1024.png","type":"image\/png"}],"twitter_card":"summary_large_image","twitter_misc":{"Est. reading time":"2 minutes"},"schema":{"@context":"https:\/\/schema.org","@graph":[{"@type":"WebPage","@id":"https:\/\/fibercrafters.pl\/produkt\/sznurek-do-szycia-fiber-crafters-6mm-100m-ombre-mandarynkowy-sorbet-smietanka\/","url":"https:\/\/fibercrafters.pl\/produkt\/sznurek-do-szycia-fiber-crafters-6mm-100m-ombre-mandarynkowy-sorbet-smietanka\/","name":"Sznurek do szycia FIBER CRAFTERS 6mm 100m OMBRE mandarynkowy sorbet\/\u015bmietanka | Fibercrafters","isPartOf":{"@id":"https:\/\/fibercrafters.pl\/#website"},"primaryImageOfPage":{"@id":"https:\/\/fibercrafters.pl\/produkt\/sznurek-do-szycia-fiber-crafters-6mm-100m-ombre-mandarynkowy-sorbet-smietanka\/#primaryimage"},"image":{"@id":"https:\/\/fibercrafters.pl\/produkt\/sznurek-do-szycia-fiber-crafters-6mm-100m-ombre-mandarynkowy-sorbet-smietanka\/#primaryimage"},"thumbnailUrl":"https:\/\/fibercrafters.pl\/wp-content\/uploads\/2026\/02\/Projekt-bez-nazwy-2026-02-08T090512.103.png","datePublished":"2026-02-08T08:16:33+00:00","dateModified":"2026-04-10T17:25:16+00:00","breadcrumb":{"@id":"https:\/\/fibercrafters.pl\/produkt\/sznurek-do-szycia-fiber-crafters-6mm-100m-ombre-mandarynkowy-sorbet-smietanka\/#breadcrumb"},"inLanguage":"en-US","potentialAction":[{"@type":"ReadAction","target":["https:\/\/fibercrafters.pl\/produkt\/sznurek-do-szycia-fiber-crafters-6mm-100m-ombre-mandarynkowy-sorbet-smietanka\/"]}]},{"@type":"ImageObject","inLanguage":"en-US","@id":"https:\/\/fibercrafters.pl\/produkt\/sznurek-do-szycia-fiber-crafters-6mm-100m-ombre-mandarynkowy-sorbet-smietanka\/#primaryimage","url":"https:\/\/fibercrafters.pl\/wp-content\/uploads\/2026\/02\/Projekt-bez-nazwy-2026-02-08T090512.103.png","contentUrl":"https:\/\/fibercrafters.pl\/wp-content\/uploads\/2026\/02\/Projekt-bez-nazwy-2026-02-08T090512.103.png","width":1600,"height":1600},{"@type":"BreadcrumbList","@id":"https:\/\/fibercrafters.pl\/produkt\/sznurek-do-szycia-fiber-crafters-6mm-100m-ombre-mandarynkowy-sorbet-smietanka\/#breadcrumb","itemListElement":[{"@type":"ListItem","position":1,"name":"Strona g\u0142\u00f3wna","item":"https:\/\/fibercrafters.pl\/"},{"@type":"ListItem","position":2,"name":"Sklep","item":"https:\/\/fibercrafters.pl\/sklep\/"},{"@type":"ListItem","position":3,"name":"Sznurek do szycia FIBER CRAFTERS 6mm 100m OMBRE mandarynkowy sorbet\/\u015bmietanka"}]},{"@type":"WebSite","@id":"https:\/\/fibercrafters.pl\/#website","url":"https:\/\/fibercrafters.pl\/","name":"Fibercrafters","description":"Sznurki do szycia","publisher":{"@id":"https:\/\/fibercrafters.pl\/#organization"},"potentialAction":[{"@type":"SearchAction","target":{"@type":"EntryPoint","urlTemplate":"https:\/\/fibercrafters.pl\/?s={search_term_string}"},"query-input":{"@type":"PropertyValueSpecification","valueRequired":true,"valueName":"search_term_string"}}],"inLanguage":"en-US"},{"@type":"Organization","@id":"https:\/\/fibercrafters.pl\/#organization","name":"Fibercrafters","url":"https:\/\/fibercrafters.pl\/","logo":{"@type":"ImageObject","inLanguage":"en-US","@id":"https:\/\/fibercrafters.pl\/#\/schema\/logo\/image\/","url":"https:\/\/fibercrafters.pl\/wp-content\/uploads\/2025\/01\/cropped-fibercraft-1.webp","contentUrl":"https:\/\/fibercrafters.pl\/wp-content\/uploads\/2025\/01\/cropped-fibercraft-1.webp","width":267,"height":144,"caption":"Fibercrafters"},"image":{"@id":"https:\/\/fibercrafters.pl\/#\/schema\/logo\/image\/"},"sameAs":["https:\/\/www.facebook.com\/people\/Fiber-Crafters\/61562841616266\/","https:\/\/www.instagram.com\/fiber.crafters\/"]}]}},"_links":{"self":[{"href":"https:\/\/fibercrafters.pl\/en\/wp-json\/wp\/v2\/product\/5542","targetHints":{"allow":["GET"]}}],"collection":[{"href":"https:\/\/fibercrafters.pl\/en\/wp-json\/wp\/v2\/product"}],"about":[{"href":"https:\/\/fibercrafters.pl\/en\/wp-json\/wp\/v2\/types\/product"}],"wp:featuredmedia":[{"embeddable":true,"href":"https:\/\/fibercrafters.pl\/en\/wp-json\/wp\/v2\/media\/5532"}],"wp:attachment":[{"href":"https:\/\/fibercrafters.pl\/en\/wp-json\/wp\/v2\/media?parent=5542"}],"wp:term":[{"taxonomy":"product_brand","embeddable":true,"href":"https:\/\/fibercrafters.pl\/en\/wp-json\/wp\/v2\/product_brand?post=5542"},{"taxonomy":"product_cat","embeddable":true,"href":"https:\/\/fibercrafters.pl\/en\/wp-json\/wp\/v2\/product_cat?post=5542"},{"taxonomy":"product_tag","embeddable":true,"href":"https:\/\/fibercrafters.pl\/en\/wp-json\/wp\/v2\/product_tag?post=5542"}],"curies":[{"name":"wp","href":"https:\/\/api.w.org\/{rel}","templated":true}]}}