{"id":5164,"date":"2025-12-14T13:39:43","date_gmt":"2025-12-14T12:39:43","guid":{"rendered":"https:\/\/fibercrafters.pl\/?post_type=product&#038;p=5164"},"modified":"2026-03-17T22:10:14","modified_gmt":"2026-03-17T21:10:14","slug":"zapiecie-magnetyczne-limitowane-skora-naturalna-faraon-serca-silny-magnes-stabilizatory","status":"publish","type":"product","link":"https:\/\/fibercrafters.pl\/en\/product\/zapiecie-magnetyczne-limitowane-skora-naturalna-faraon-serca-silny-magnes-stabilizatory\/","title":{"rendered":"Zapi\u0119cie magnetyczne LIMITOWANE sk\u00f3ra naturalna FARAON SERCA silny magnes stabilizatory"},"content":{"rendered":"<p dir=\"ltr\">LIMITOWANA NOWO\u015a\u0106 \u2013 ZAPI\u0118CIE PREMIUM \u201eFARAON\u201d<\/p>\n<p dir=\"ltr\">Ekskluzywne zapi\u0119cie stworzone dla toreb, kt\u00f3re maj\u0105 przyci\u0105ga\u0107 spojrzenia.<br \/>\nNaturalna czarna sk\u00f3ra, t\u0142oczona z dodatkiem z\u0142ota \u2013 elegancja w najczystszej formie<\/p>\n<p dir=\"ltr\">\ud83d\udd38 Model: prz\u00f3d do wyboru<br \/>\n\u2b55 ko\u0142o<br \/>\n\ud83e\udd0d serce<\/p>\n<p dir=\"ltr\">\u00a0Zapi\u0119cie posiada dwa stabilizatory, dzi\u0119ki czemu:<br \/>\n\u2714 \u0142atwo i wygodnie przyszyjesz je do torby<br \/>\n\u2714 zachowasz idealn\u0105 stabilno\u015b\u0107 konstrukcji<br \/>\n\u2714 nie ma ryzyka prucia ani deformacji materia\u0142u<\/p>\n<p dir=\"ltr\">\n<p dir=\"ltr\">Rozmiar 24,5\/7cm<\/p>\n<p dir=\"ltr\">Sk\u00f3ra juchtowa:1,9mm<\/p>\n<p dir=\"ltr\">\u2b50 EDYCJA LIMITOWANA<br \/>\nMamy tylko 40 sztuk \u2013 bez dodruk\u00f3w, bez powt\u00f3rek.<\/p>\n<p dir=\"ltr\">To detal, kt\u00f3ry zamienia r\u0119cznie szyt\u0105 torb\u0119 w produkt klasy premium<br \/>\nKto pierwszy, ten szyje!<\/p>","protected":false},"excerpt":{"rendered":"<p>LIMITOWANA NOWO\u015a\u0106 \u2013 ZAPI\u0118CIE PREMIUM \u201eFARAON\u201d Ekskluzywne zapi\u0119cie stworzone dla toreb, kt\u00f3re maj\u0105 przyci\u0105ga\u0107 spojrzenia. Naturalna czarna sk\u00f3ra, t\u0142oczona z&#8230;<\/p>","protected":false},"featured_media":5165,"template":"","meta":[],"product_brand":[],"product_cat":[98],"product_tag":[],"class_list":{"0":"post-5164","1":"product","2":"type-product","3":"status-publish","4":"has-post-thumbnail","6":"product_cat-dodatki-ze-skory-naturalnej","8":"first","9":"instock","10":"shipping-taxable","11":"purchasable","12":"product-type-simple"},"yoast_head":"<!-- This site is optimized with the Yoast SEO plugin v26.7 - https:\/\/yoast.com\/wordpress\/plugins\/seo\/ -->\n<title>Zapi\u0119cie magnetyczne LIMITOWANE sk\u00f3ra naturalna FARAON SERCA silny magnes stabilizatory | Fibercrafters<\/title>\n<meta name=\"robots\" content=\"index, follow, max-snippet:-1, max-image-preview:large, max-video-preview:-1\" \/>\n<link rel=\"canonical\" href=\"https:\/\/fibercrafters.pl\/en\/product\/zapiecie-magnetyczne-limitowane-skora-naturalna-faraon-serca-silny-magnes-stabilizatory\/\" \/>\n<meta property=\"og:locale\" content=\"en_US\" \/>\n<meta property=\"og:type\" content=\"article\" \/>\n<meta property=\"og:title\" content=\"Zapi\u0119cie magnetyczne LIMITOWANE sk\u00f3ra naturalna FARAON SERCA silny magnes stabilizatory | Fibercrafters\" \/>\n<meta property=\"og:description\" content=\"LIMITOWANA NOWO\u015a\u0106 \u2013 ZAPI\u0118CIE PREMIUM \u201eFARAON\u201d Ekskluzywne zapi\u0119cie stworzone dla toreb, kt\u00f3re maj\u0105 przyci\u0105ga\u0107 spojrzenia. Naturalna czarna sk\u00f3ra, t\u0142oczona z...\" \/>\n<meta property=\"og:url\" content=\"https:\/\/fibercrafters.pl\/en\/product\/zapiecie-magnetyczne-limitowane-skora-naturalna-faraon-serca-silny-magnes-stabilizatory\/\" \/>\n<meta property=\"og:site_name\" content=\"Fibercrafters\" \/>\n<meta property=\"article:publisher\" content=\"https:\/\/www.facebook.com\/people\/Fiber-Crafters\/61562841616266\/\" \/>\n<meta property=\"article:modified_time\" content=\"2026-03-17T21:10:14+00:00\" \/>\n<meta property=\"og:image\" content=\"https:\/\/fibercrafters.pl\/wp-content\/uploads\/2025\/12\/gridart_20251214_113517850.jpg\" \/>\n\t<meta property=\"og:image:width\" content=\"1600\" \/>\n\t<meta property=\"og:image:height\" content=\"1600\" \/>\n\t<meta property=\"og:image:type\" content=\"image\/jpeg\" \/>\n<meta name=\"twitter:card\" content=\"summary_large_image\" \/>\n<meta name=\"twitter:label1\" content=\"Est. reading time\" \/>\n\t<meta name=\"twitter:data1\" content=\"1 minute\" \/>\n<script type=\"application\/ld+json\" class=\"yoast-schema-graph\">{\"@context\":\"https:\/\/schema.org\",\"@graph\":[{\"@type\":\"WebPage\",\"@id\":\"https:\/\/fibercrafters.pl\/produkt\/zapiecie-magnetyczne-limitowane-skora-naturalna-faraon-serca-silny-magnes-stabilizatory\/\",\"url\":\"https:\/\/fibercrafters.pl\/produkt\/zapiecie-magnetyczne-limitowane-skora-naturalna-faraon-serca-silny-magnes-stabilizatory\/\",\"name\":\"Zapi\u0119cie magnetyczne LIMITOWANE sk\u00f3ra naturalna FARAON SERCA silny magnes stabilizatory | Fibercrafters\",\"isPartOf\":{\"@id\":\"https:\/\/fibercrafters.pl\/#website\"},\"primaryImageOfPage\":{\"@id\":\"https:\/\/fibercrafters.pl\/produkt\/zapiecie-magnetyczne-limitowane-skora-naturalna-faraon-serca-silny-magnes-stabilizatory\/#primaryimage\"},\"image\":{\"@id\":\"https:\/\/fibercrafters.pl\/produkt\/zapiecie-magnetyczne-limitowane-skora-naturalna-faraon-serca-silny-magnes-stabilizatory\/#primaryimage\"},\"thumbnailUrl\":\"https:\/\/fibercrafters.pl\/wp-content\/uploads\/2025\/12\/gridart_20251214_113517850.jpg\",\"datePublished\":\"2025-12-14T12:39:43+00:00\",\"dateModified\":\"2026-03-17T21:10:14+00:00\",\"breadcrumb\":{\"@id\":\"https:\/\/fibercrafters.pl\/produkt\/zapiecie-magnetyczne-limitowane-skora-naturalna-faraon-serca-silny-magnes-stabilizatory\/#breadcrumb\"},\"inLanguage\":\"en-US\",\"potentialAction\":[{\"@type\":\"ReadAction\",\"target\":[\"https:\/\/fibercrafters.pl\/produkt\/zapiecie-magnetyczne-limitowane-skora-naturalna-faraon-serca-silny-magnes-stabilizatory\/\"]}]},{\"@type\":\"ImageObject\",\"inLanguage\":\"en-US\",\"@id\":\"https:\/\/fibercrafters.pl\/produkt\/zapiecie-magnetyczne-limitowane-skora-naturalna-faraon-serca-silny-magnes-stabilizatory\/#primaryimage\",\"url\":\"https:\/\/fibercrafters.pl\/wp-content\/uploads\/2025\/12\/gridart_20251214_113517850.jpg\",\"contentUrl\":\"https:\/\/fibercrafters.pl\/wp-content\/uploads\/2025\/12\/gridart_20251214_113517850.jpg\",\"width\":1600,\"height\":1600},{\"@type\":\"BreadcrumbList\",\"@id\":\"https:\/\/fibercrafters.pl\/produkt\/zapiecie-magnetyczne-limitowane-skora-naturalna-faraon-serca-silny-magnes-stabilizatory\/#breadcrumb\",\"itemListElement\":[{\"@type\":\"ListItem\",\"position\":1,\"name\":\"Strona g\u0142\u00f3wna\",\"item\":\"https:\/\/fibercrafters.pl\/\"},{\"@type\":\"ListItem\",\"position\":2,\"name\":\"Sklep\",\"item\":\"https:\/\/fibercrafters.pl\/sklep\/\"},{\"@type\":\"ListItem\",\"position\":3,\"name\":\"Zapi\u0119cie magnetyczne LIMITOWANE sk\u00f3ra naturalna FARAON SERCA silny magnes stabilizatory\"}]},{\"@type\":\"WebSite\",\"@id\":\"https:\/\/fibercrafters.pl\/#website\",\"url\":\"https:\/\/fibercrafters.pl\/\",\"name\":\"Fibercrafters\",\"description\":\"Sznurki do szycia\",\"publisher\":{\"@id\":\"https:\/\/fibercrafters.pl\/#organization\"},\"potentialAction\":[{\"@type\":\"SearchAction\",\"target\":{\"@type\":\"EntryPoint\",\"urlTemplate\":\"https:\/\/fibercrafters.pl\/?s={search_term_string}\"},\"query-input\":{\"@type\":\"PropertyValueSpecification\",\"valueRequired\":true,\"valueName\":\"search_term_string\"}}],\"inLanguage\":\"en-US\"},{\"@type\":\"Organization\",\"@id\":\"https:\/\/fibercrafters.pl\/#organization\",\"name\":\"Fibercrafters\",\"url\":\"https:\/\/fibercrafters.pl\/\",\"logo\":{\"@type\":\"ImageObject\",\"inLanguage\":\"en-US\",\"@id\":\"https:\/\/fibercrafters.pl\/#\/schema\/logo\/image\/\",\"url\":\"https:\/\/fibercrafters.pl\/wp-content\/uploads\/2025\/01\/cropped-fibercraft-1.webp\",\"contentUrl\":\"https:\/\/fibercrafters.pl\/wp-content\/uploads\/2025\/01\/cropped-fibercraft-1.webp\",\"width\":267,\"height\":144,\"caption\":\"Fibercrafters\"},\"image\":{\"@id\":\"https:\/\/fibercrafters.pl\/#\/schema\/logo\/image\/\"},\"sameAs\":[\"https:\/\/www.facebook.com\/people\/Fiber-Crafters\/61562841616266\/\",\"https:\/\/www.instagram.com\/fiber.crafters\/\"]}]}<\/script>\n<!-- \/ Yoast SEO plugin. -->","yoast_head_json":{"title":"Zapi\u0119cie magnetyczne LIMITOWANE sk\u00f3ra naturalna FARAON SERCA silny magnes stabilizatory | Fibercrafters","robots":{"index":"index","follow":"follow","max-snippet":"max-snippet:-1","max-image-preview":"max-image-preview:large","max-video-preview":"max-video-preview:-1"},"canonical":"https:\/\/fibercrafters.pl\/en\/product\/zapiecie-magnetyczne-limitowane-skora-naturalna-faraon-serca-silny-magnes-stabilizatory\/","og_locale":"en_US","og_type":"article","og_title":"Zapi\u0119cie magnetyczne LIMITOWANE sk\u00f3ra naturalna FARAON SERCA silny magnes stabilizatory | Fibercrafters","og_description":"LIMITOWANA NOWO\u015a\u0106 \u2013 ZAPI\u0118CIE PREMIUM \u201eFARAON\u201d Ekskluzywne zapi\u0119cie stworzone dla toreb, kt\u00f3re maj\u0105 przyci\u0105ga\u0107 spojrzenia. Naturalna czarna sk\u00f3ra, t\u0142oczona z...","og_url":"https:\/\/fibercrafters.pl\/en\/product\/zapiecie-magnetyczne-limitowane-skora-naturalna-faraon-serca-silny-magnes-stabilizatory\/","og_site_name":"Fibercrafters","article_publisher":"https:\/\/www.facebook.com\/people\/Fiber-Crafters\/61562841616266\/","article_modified_time":"2026-03-17T21:10:14+00:00","og_image":[{"width":1600,"height":1600,"url":"https:\/\/fibercrafters.pl\/wp-content\/uploads\/2025\/12\/gridart_20251214_113517850.jpg","type":"image\/jpeg"}],"twitter_card":"summary_large_image","twitter_misc":{"Est. reading time":"1 minute"},"schema":{"@context":"https:\/\/schema.org","@graph":[{"@type":"WebPage","@id":"https:\/\/fibercrafters.pl\/produkt\/zapiecie-magnetyczne-limitowane-skora-naturalna-faraon-serca-silny-magnes-stabilizatory\/","url":"https:\/\/fibercrafters.pl\/produkt\/zapiecie-magnetyczne-limitowane-skora-naturalna-faraon-serca-silny-magnes-stabilizatory\/","name":"Zapi\u0119cie magnetyczne LIMITOWANE sk\u00f3ra naturalna FARAON SERCA silny magnes stabilizatory | Fibercrafters","isPartOf":{"@id":"https:\/\/fibercrafters.pl\/#website"},"primaryImageOfPage":{"@id":"https:\/\/fibercrafters.pl\/produkt\/zapiecie-magnetyczne-limitowane-skora-naturalna-faraon-serca-silny-magnes-stabilizatory\/#primaryimage"},"image":{"@id":"https:\/\/fibercrafters.pl\/produkt\/zapiecie-magnetyczne-limitowane-skora-naturalna-faraon-serca-silny-magnes-stabilizatory\/#primaryimage"},"thumbnailUrl":"https:\/\/fibercrafters.pl\/wp-content\/uploads\/2025\/12\/gridart_20251214_113517850.jpg","datePublished":"2025-12-14T12:39:43+00:00","dateModified":"2026-03-17T21:10:14+00:00","breadcrumb":{"@id":"https:\/\/fibercrafters.pl\/produkt\/zapiecie-magnetyczne-limitowane-skora-naturalna-faraon-serca-silny-magnes-stabilizatory\/#breadcrumb"},"inLanguage":"en-US","potentialAction":[{"@type":"ReadAction","target":["https:\/\/fibercrafters.pl\/produkt\/zapiecie-magnetyczne-limitowane-skora-naturalna-faraon-serca-silny-magnes-stabilizatory\/"]}]},{"@type":"ImageObject","inLanguage":"en-US","@id":"https:\/\/fibercrafters.pl\/produkt\/zapiecie-magnetyczne-limitowane-skora-naturalna-faraon-serca-silny-magnes-stabilizatory\/#primaryimage","url":"https:\/\/fibercrafters.pl\/wp-content\/uploads\/2025\/12\/gridart_20251214_113517850.jpg","contentUrl":"https:\/\/fibercrafters.pl\/wp-content\/uploads\/2025\/12\/gridart_20251214_113517850.jpg","width":1600,"height":1600},{"@type":"BreadcrumbList","@id":"https:\/\/fibercrafters.pl\/produkt\/zapiecie-magnetyczne-limitowane-skora-naturalna-faraon-serca-silny-magnes-stabilizatory\/#breadcrumb","itemListElement":[{"@type":"ListItem","position":1,"name":"Strona g\u0142\u00f3wna","item":"https:\/\/fibercrafters.pl\/"},{"@type":"ListItem","position":2,"name":"Sklep","item":"https:\/\/fibercrafters.pl\/sklep\/"},{"@type":"ListItem","position":3,"name":"Zapi\u0119cie magnetyczne LIMITOWANE sk\u00f3ra naturalna FARAON SERCA silny magnes stabilizatory"}]},{"@type":"WebSite","@id":"https:\/\/fibercrafters.pl\/#website","url":"https:\/\/fibercrafters.pl\/","name":"Fibercrafters","description":"Sznurki do szycia","publisher":{"@id":"https:\/\/fibercrafters.pl\/#organization"},"potentialAction":[{"@type":"SearchAction","target":{"@type":"EntryPoint","urlTemplate":"https:\/\/fibercrafters.pl\/?s={search_term_string}"},"query-input":{"@type":"PropertyValueSpecification","valueRequired":true,"valueName":"search_term_string"}}],"inLanguage":"en-US"},{"@type":"Organization","@id":"https:\/\/fibercrafters.pl\/#organization","name":"Fibercrafters","url":"https:\/\/fibercrafters.pl\/","logo":{"@type":"ImageObject","inLanguage":"en-US","@id":"https:\/\/fibercrafters.pl\/#\/schema\/logo\/image\/","url":"https:\/\/fibercrafters.pl\/wp-content\/uploads\/2025\/01\/cropped-fibercraft-1.webp","contentUrl":"https:\/\/fibercrafters.pl\/wp-content\/uploads\/2025\/01\/cropped-fibercraft-1.webp","width":267,"height":144,"caption":"Fibercrafters"},"image":{"@id":"https:\/\/fibercrafters.pl\/#\/schema\/logo\/image\/"},"sameAs":["https:\/\/www.facebook.com\/people\/Fiber-Crafters\/61562841616266\/","https:\/\/www.instagram.com\/fiber.crafters\/"]}]}},"_links":{"self":[{"href":"https:\/\/fibercrafters.pl\/en\/wp-json\/wp\/v2\/product\/5164","targetHints":{"allow":["GET"]}}],"collection":[{"href":"https:\/\/fibercrafters.pl\/en\/wp-json\/wp\/v2\/product"}],"about":[{"href":"https:\/\/fibercrafters.pl\/en\/wp-json\/wp\/v2\/types\/product"}],"wp:featuredmedia":[{"embeddable":true,"href":"https:\/\/fibercrafters.pl\/en\/wp-json\/wp\/v2\/media\/5165"}],"wp:attachment":[{"href":"https:\/\/fibercrafters.pl\/en\/wp-json\/wp\/v2\/media?parent=5164"}],"wp:term":[{"taxonomy":"product_brand","embeddable":true,"href":"https:\/\/fibercrafters.pl\/en\/wp-json\/wp\/v2\/product_brand?post=5164"},{"taxonomy":"product_cat","embeddable":true,"href":"https:\/\/fibercrafters.pl\/en\/wp-json\/wp\/v2\/product_cat?post=5164"},{"taxonomy":"product_tag","embeddable":true,"href":"https:\/\/fibercrafters.pl\/en\/wp-json\/wp\/v2\/product_tag?post=5164"}],"curies":[{"name":"wp","href":"https:\/\/api.w.org\/{rel}","templated":true}]}}