{"id":5161,"date":"2025-12-14T13:32:08","date_gmt":"2025-12-14T12:32:08","guid":{"rendered":"https:\/\/fibercrafters.pl\/?post_type=product&#038;p=5161"},"modified":"2026-03-17T22:09:38","modified_gmt":"2026-03-17T21:09:38","slug":"regulowany-pasek-czekolada-skora-naturalna-120cm-serca","status":"publish","type":"product","link":"https:\/\/fibercrafters.pl\/en\/product\/regulowany-pasek-czekolada-skora-naturalna-120cm-serca\/","title":{"rendered":"Regulowany pasek CZEKOLADA sk\u00f3ra naturalna 120cm SERCA"},"content":{"rendered":"<p>Sk\u00f3rzany, regulowany pasek do torebek o d\u0142ugo\u015bci ca\u0142kowitej 120 cm.<\/p>\n<p>Zako\u0144czony karabi\u0144czykami, regulowany jak pasek ze sprz\u0105czk\u0105 i dziurkami &#8222;SERDUSZKA&#8221;.<\/p>\n<p>Okucia bezniklowe, w kolorze <strong>srebrnym<\/strong>.<\/p>\n<p>Zar\u00f3wno sk\u00f3ra jak i okucia s\u0105 produktami polskimi produkowanymi z najwy\u017cszej jako\u015bci sk\u00f3ry naturalnej, garbowanej metod\u0105 bezchromow\u0105, sk\u00f3ra posiada certyfikat CE.<\/p>\n<p>&nbsp;<\/p>\n<p><strong>Dane szczeg\u00f3\u0142owe:<\/strong><\/p>\n<p>Materia\u0142 &#8211; Sk\u00f3ra naturalna juchtowa, olejowana, garbowana bezchromowo, certyfikat CE<\/p>\n<p>Okucia bezniklowe<\/p>\n<p>D\u0142ugo\u015b\u0107 maksymalna paska &#8211; 120 cm<\/p>\n<p>Grubo\u015b\u0107 sk\u00f3ry &#8211; 3-4 mm<\/p>\n<p>Kolor <strong>CZEKOLADA<\/strong><\/p>\n<p>&nbsp;<\/p>\n<p><strong>Wa\u017cne informacje:<\/strong><\/p>\n<p>Akcesoria sk\u00f3rzane wykonane s\u0105 z najszlachetniejszej polskiej, certyfikowanej, atestowanej juchtowej skory naturalnej.<\/p>\n<p>Dbaj\u0105c o Twoje zdrowie i bezpiecze\u0144stwo sk\u00f3ra garbowana jest ro\u015blinnie. Jest to naturalny spos\u00f3b przetwarzania sk\u00f3r zwierz\u0119cych bez u\u017cycia szkodliwych substancji chemicznych.<\/p>\n<p>Okucia s\u0105 produkowane w Polsce z materia\u0142\u00f3w bezniklowych, dzi\u0119ki czemu s\u0105 bardzo bezpieczne dla u\u017cytkownik\u00f3w.<\/p>\n<p>SK\u00d3RA JUCHTOWA zaliczana jest do najszlachetniejszych sk\u00f3r. Jest bardzo wytrzyma\u0142a. Jest niemalowana a jej naturalny odcie\u0144 z czasem nabiera ciemniejszego koloru.<\/p>\n<p>SK\u00d3RA OLEJOWANA \u2013 elastyczna i wytrzyma\u0142a gruba sk\u00f3ra licowa. Bardzo odporna na zginanie, rozci\u0105ganie czy otarcia. Podczas garbowania jest moczona w naturalnych gor\u0105cych olejach, co nadaje jej niebywa\u0142ej trwa\u0142o\u015bci.<\/p>\n<p>Wszelkie \u015blady zadrapa\u0144, blizn nie s\u0105 wad\u0105 materia\u0142u, ale potwierdzeniem jego naturalnego pochodzenia i ze wzgl\u0119du na swoj\u0105 natur\u0119 nie podlegaj\u0105 reklamacji.<\/p>\n<p>Ka\u017cdy produkt posiada wszelkie atesty oraz CERTYFIKAT CE.<\/p>","protected":false},"excerpt":{"rendered":"<p>Sk\u00f3rzany, regulowany pasek do torebek o d\u0142ugo\u015bci ca\u0142kowitej 120 cm. Zako\u0144czony karabi\u0144czykami, regulowany jak pasek ze sprz\u0105czk\u0105 i dziurkami &#8222;SERDUSZKA&#8221;&#8230;.<\/p>","protected":false},"featured_media":5160,"template":"","meta":[],"product_brand":[],"product_cat":[98],"product_tag":[],"class_list":{"0":"post-5161","1":"product","2":"type-product","3":"status-publish","4":"has-post-thumbnail","6":"product_cat-dodatki-ze-skory-naturalnej","8":"first","9":"instock","10":"shipping-taxable","11":"purchasable","12":"product-type-simple"},"yoast_head":"<!-- This site is optimized with the Yoast SEO plugin v26.7 - https:\/\/yoast.com\/wordpress\/plugins\/seo\/ -->\n<title>Regulowany pasek CZEKOLADA sk\u00f3ra naturalna 120cm SERCA | Fibercrafters<\/title>\n<meta name=\"robots\" content=\"index, follow, max-snippet:-1, max-image-preview:large, max-video-preview:-1\" \/>\n<link rel=\"canonical\" href=\"https:\/\/fibercrafters.pl\/en\/product\/regulowany-pasek-czekolada-skora-naturalna-120cm-serca\/\" \/>\n<meta property=\"og:locale\" content=\"en_US\" \/>\n<meta property=\"og:type\" content=\"article\" \/>\n<meta property=\"og:title\" content=\"Regulowany pasek CZEKOLADA sk\u00f3ra naturalna 120cm SERCA | Fibercrafters\" \/>\n<meta property=\"og:description\" content=\"Sk\u00f3rzany, regulowany pasek do torebek o d\u0142ugo\u015bci ca\u0142kowitej 120 cm. Zako\u0144czony karabi\u0144czykami, regulowany jak pasek ze sprz\u0105czk\u0105 i dziurkami &#8222;SERDUSZKA&#8221;....\" \/>\n<meta property=\"og:url\" content=\"https:\/\/fibercrafters.pl\/en\/product\/regulowany-pasek-czekolada-skora-naturalna-120cm-serca\/\" \/>\n<meta property=\"og:site_name\" content=\"Fibercrafters\" \/>\n<meta property=\"article:publisher\" content=\"https:\/\/www.facebook.com\/people\/Fiber-Crafters\/61562841616266\/\" \/>\n<meta property=\"article:modified_time\" content=\"2026-03-17T21:09:38+00:00\" \/>\n<meta property=\"og:image\" content=\"https:\/\/fibercrafters.pl\/wp-content\/uploads\/2025\/12\/gridart_20251214_115000119.jpg\" \/>\n\t<meta property=\"og:image:width\" content=\"1600\" \/>\n\t<meta property=\"og:image:height\" content=\"1600\" \/>\n\t<meta property=\"og:image:type\" content=\"image\/jpeg\" \/>\n<meta name=\"twitter:card\" content=\"summary_large_image\" \/>\n<meta name=\"twitter:label1\" content=\"Est. reading time\" \/>\n\t<meta name=\"twitter:data1\" content=\"1 minute\" \/>\n<script type=\"application\/ld+json\" class=\"yoast-schema-graph\">{\"@context\":\"https:\/\/schema.org\",\"@graph\":[{\"@type\":\"WebPage\",\"@id\":\"https:\/\/fibercrafters.pl\/produkt\/regulowany-pasek-czekolada-skora-naturalna-120cm-serca\/\",\"url\":\"https:\/\/fibercrafters.pl\/produkt\/regulowany-pasek-czekolada-skora-naturalna-120cm-serca\/\",\"name\":\"Regulowany pasek CZEKOLADA sk\u00f3ra naturalna 120cm SERCA | Fibercrafters\",\"isPartOf\":{\"@id\":\"https:\/\/fibercrafters.pl\/#website\"},\"primaryImageOfPage\":{\"@id\":\"https:\/\/fibercrafters.pl\/produkt\/regulowany-pasek-czekolada-skora-naturalna-120cm-serca\/#primaryimage\"},\"image\":{\"@id\":\"https:\/\/fibercrafters.pl\/produkt\/regulowany-pasek-czekolada-skora-naturalna-120cm-serca\/#primaryimage\"},\"thumbnailUrl\":\"https:\/\/fibercrafters.pl\/wp-content\/uploads\/2025\/12\/gridart_20251214_115000119.jpg\",\"datePublished\":\"2025-12-14T12:32:08+00:00\",\"dateModified\":\"2026-03-17T21:09:38+00:00\",\"breadcrumb\":{\"@id\":\"https:\/\/fibercrafters.pl\/produkt\/regulowany-pasek-czekolada-skora-naturalna-120cm-serca\/#breadcrumb\"},\"inLanguage\":\"en-US\",\"potentialAction\":[{\"@type\":\"ReadAction\",\"target\":[\"https:\/\/fibercrafters.pl\/produkt\/regulowany-pasek-czekolada-skora-naturalna-120cm-serca\/\"]}]},{\"@type\":\"ImageObject\",\"inLanguage\":\"en-US\",\"@id\":\"https:\/\/fibercrafters.pl\/produkt\/regulowany-pasek-czekolada-skora-naturalna-120cm-serca\/#primaryimage\",\"url\":\"https:\/\/fibercrafters.pl\/wp-content\/uploads\/2025\/12\/gridart_20251214_115000119.jpg\",\"contentUrl\":\"https:\/\/fibercrafters.pl\/wp-content\/uploads\/2025\/12\/gridart_20251214_115000119.jpg\",\"width\":1600,\"height\":1600},{\"@type\":\"BreadcrumbList\",\"@id\":\"https:\/\/fibercrafters.pl\/produkt\/regulowany-pasek-czekolada-skora-naturalna-120cm-serca\/#breadcrumb\",\"itemListElement\":[{\"@type\":\"ListItem\",\"position\":1,\"name\":\"Strona g\u0142\u00f3wna\",\"item\":\"https:\/\/fibercrafters.pl\/\"},{\"@type\":\"ListItem\",\"position\":2,\"name\":\"Sklep\",\"item\":\"https:\/\/fibercrafters.pl\/sklep\/\"},{\"@type\":\"ListItem\",\"position\":3,\"name\":\"Regulowany pasek CZEKOLADA sk\u00f3ra naturalna 120cm SERCA\"}]},{\"@type\":\"WebSite\",\"@id\":\"https:\/\/fibercrafters.pl\/#website\",\"url\":\"https:\/\/fibercrafters.pl\/\",\"name\":\"Fibercrafters\",\"description\":\"Sznurki do szycia\",\"publisher\":{\"@id\":\"https:\/\/fibercrafters.pl\/#organization\"},\"potentialAction\":[{\"@type\":\"SearchAction\",\"target\":{\"@type\":\"EntryPoint\",\"urlTemplate\":\"https:\/\/fibercrafters.pl\/?s={search_term_string}\"},\"query-input\":{\"@type\":\"PropertyValueSpecification\",\"valueRequired\":true,\"valueName\":\"search_term_string\"}}],\"inLanguage\":\"en-US\"},{\"@type\":\"Organization\",\"@id\":\"https:\/\/fibercrafters.pl\/#organization\",\"name\":\"Fibercrafters\",\"url\":\"https:\/\/fibercrafters.pl\/\",\"logo\":{\"@type\":\"ImageObject\",\"inLanguage\":\"en-US\",\"@id\":\"https:\/\/fibercrafters.pl\/#\/schema\/logo\/image\/\",\"url\":\"https:\/\/fibercrafters.pl\/wp-content\/uploads\/2025\/01\/cropped-fibercraft-1.webp\",\"contentUrl\":\"https:\/\/fibercrafters.pl\/wp-content\/uploads\/2025\/01\/cropped-fibercraft-1.webp\",\"width\":267,\"height\":144,\"caption\":\"Fibercrafters\"},\"image\":{\"@id\":\"https:\/\/fibercrafters.pl\/#\/schema\/logo\/image\/\"},\"sameAs\":[\"https:\/\/www.facebook.com\/people\/Fiber-Crafters\/61562841616266\/\",\"https:\/\/www.instagram.com\/fiber.crafters\/\"]}]}<\/script>\n<!-- \/ Yoast SEO plugin. -->","yoast_head_json":{"title":"Regulowany pasek CZEKOLADA sk\u00f3ra naturalna 120cm SERCA | Fibercrafters","robots":{"index":"index","follow":"follow","max-snippet":"max-snippet:-1","max-image-preview":"max-image-preview:large","max-video-preview":"max-video-preview:-1"},"canonical":"https:\/\/fibercrafters.pl\/en\/product\/regulowany-pasek-czekolada-skora-naturalna-120cm-serca\/","og_locale":"en_US","og_type":"article","og_title":"Regulowany pasek CZEKOLADA sk\u00f3ra naturalna 120cm SERCA | Fibercrafters","og_description":"Sk\u00f3rzany, regulowany pasek do torebek o d\u0142ugo\u015bci ca\u0142kowitej 120 cm. Zako\u0144czony karabi\u0144czykami, regulowany jak pasek ze sprz\u0105czk\u0105 i dziurkami &#8222;SERDUSZKA&#8221;....","og_url":"https:\/\/fibercrafters.pl\/en\/product\/regulowany-pasek-czekolada-skora-naturalna-120cm-serca\/","og_site_name":"Fibercrafters","article_publisher":"https:\/\/www.facebook.com\/people\/Fiber-Crafters\/61562841616266\/","article_modified_time":"2026-03-17T21:09:38+00:00","og_image":[{"width":1600,"height":1600,"url":"https:\/\/fibercrafters.pl\/wp-content\/uploads\/2025\/12\/gridart_20251214_115000119.jpg","type":"image\/jpeg"}],"twitter_card":"summary_large_image","twitter_misc":{"Est. reading time":"1 minute"},"schema":{"@context":"https:\/\/schema.org","@graph":[{"@type":"WebPage","@id":"https:\/\/fibercrafters.pl\/produkt\/regulowany-pasek-czekolada-skora-naturalna-120cm-serca\/","url":"https:\/\/fibercrafters.pl\/produkt\/regulowany-pasek-czekolada-skora-naturalna-120cm-serca\/","name":"Regulowany pasek CZEKOLADA sk\u00f3ra naturalna 120cm SERCA | Fibercrafters","isPartOf":{"@id":"https:\/\/fibercrafters.pl\/#website"},"primaryImageOfPage":{"@id":"https:\/\/fibercrafters.pl\/produkt\/regulowany-pasek-czekolada-skora-naturalna-120cm-serca\/#primaryimage"},"image":{"@id":"https:\/\/fibercrafters.pl\/produkt\/regulowany-pasek-czekolada-skora-naturalna-120cm-serca\/#primaryimage"},"thumbnailUrl":"https:\/\/fibercrafters.pl\/wp-content\/uploads\/2025\/12\/gridart_20251214_115000119.jpg","datePublished":"2025-12-14T12:32:08+00:00","dateModified":"2026-03-17T21:09:38+00:00","breadcrumb":{"@id":"https:\/\/fibercrafters.pl\/produkt\/regulowany-pasek-czekolada-skora-naturalna-120cm-serca\/#breadcrumb"},"inLanguage":"en-US","potentialAction":[{"@type":"ReadAction","target":["https:\/\/fibercrafters.pl\/produkt\/regulowany-pasek-czekolada-skora-naturalna-120cm-serca\/"]}]},{"@type":"ImageObject","inLanguage":"en-US","@id":"https:\/\/fibercrafters.pl\/produkt\/regulowany-pasek-czekolada-skora-naturalna-120cm-serca\/#primaryimage","url":"https:\/\/fibercrafters.pl\/wp-content\/uploads\/2025\/12\/gridart_20251214_115000119.jpg","contentUrl":"https:\/\/fibercrafters.pl\/wp-content\/uploads\/2025\/12\/gridart_20251214_115000119.jpg","width":1600,"height":1600},{"@type":"BreadcrumbList","@id":"https:\/\/fibercrafters.pl\/produkt\/regulowany-pasek-czekolada-skora-naturalna-120cm-serca\/#breadcrumb","itemListElement":[{"@type":"ListItem","position":1,"name":"Strona g\u0142\u00f3wna","item":"https:\/\/fibercrafters.pl\/"},{"@type":"ListItem","position":2,"name":"Sklep","item":"https:\/\/fibercrafters.pl\/sklep\/"},{"@type":"ListItem","position":3,"name":"Regulowany pasek CZEKOLADA sk\u00f3ra naturalna 120cm SERCA"}]},{"@type":"WebSite","@id":"https:\/\/fibercrafters.pl\/#website","url":"https:\/\/fibercrafters.pl\/","name":"Fibercrafters","description":"Sznurki do szycia","publisher":{"@id":"https:\/\/fibercrafters.pl\/#organization"},"potentialAction":[{"@type":"SearchAction","target":{"@type":"EntryPoint","urlTemplate":"https:\/\/fibercrafters.pl\/?s={search_term_string}"},"query-input":{"@type":"PropertyValueSpecification","valueRequired":true,"valueName":"search_term_string"}}],"inLanguage":"en-US"},{"@type":"Organization","@id":"https:\/\/fibercrafters.pl\/#organization","name":"Fibercrafters","url":"https:\/\/fibercrafters.pl\/","logo":{"@type":"ImageObject","inLanguage":"en-US","@id":"https:\/\/fibercrafters.pl\/#\/schema\/logo\/image\/","url":"https:\/\/fibercrafters.pl\/wp-content\/uploads\/2025\/01\/cropped-fibercraft-1.webp","contentUrl":"https:\/\/fibercrafters.pl\/wp-content\/uploads\/2025\/01\/cropped-fibercraft-1.webp","width":267,"height":144,"caption":"Fibercrafters"},"image":{"@id":"https:\/\/fibercrafters.pl\/#\/schema\/logo\/image\/"},"sameAs":["https:\/\/www.facebook.com\/people\/Fiber-Crafters\/61562841616266\/","https:\/\/www.instagram.com\/fiber.crafters\/"]}]}},"_links":{"self":[{"href":"https:\/\/fibercrafters.pl\/en\/wp-json\/wp\/v2\/product\/5161","targetHints":{"allow":["GET"]}}],"collection":[{"href":"https:\/\/fibercrafters.pl\/en\/wp-json\/wp\/v2\/product"}],"about":[{"href":"https:\/\/fibercrafters.pl\/en\/wp-json\/wp\/v2\/types\/product"}],"wp:featuredmedia":[{"embeddable":true,"href":"https:\/\/fibercrafters.pl\/en\/wp-json\/wp\/v2\/media\/5160"}],"wp:attachment":[{"href":"https:\/\/fibercrafters.pl\/en\/wp-json\/wp\/v2\/media?parent=5161"}],"wp:term":[{"taxonomy":"product_brand","embeddable":true,"href":"https:\/\/fibercrafters.pl\/en\/wp-json\/wp\/v2\/product_brand?post=5161"},{"taxonomy":"product_cat","embeddable":true,"href":"https:\/\/fibercrafters.pl\/en\/wp-json\/wp\/v2\/product_cat?post=5161"},{"taxonomy":"product_tag","embeddable":true,"href":"https:\/\/fibercrafters.pl\/en\/wp-json\/wp\/v2\/product_tag?post=5161"}],"curies":[{"name":"wp","href":"https:\/\/api.w.org\/{rel}","templated":true}]}}