{"id":4727,"date":"2025-09-23T09:26:24","date_gmt":"2025-09-23T07:26:24","guid":{"rendered":"https:\/\/fibercrafters.pl\/?post_type=product&#038;p=4727"},"modified":"2026-03-17T22:09:55","modified_gmt":"2026-03-17T21:09:55","slug":"sznurek-do-szycia-fiber-crafters-6mm-100m-ombre-czerwony-czarny","status":"publish","type":"product","link":"https:\/\/fibercrafters.pl\/en\/product\/sznurek-do-szycia-fiber-crafters-6mm-100m-ombre-czerwony-czarny\/","title":{"rendered":"Sznurek do szycia FIBER CRAFTERS 6mm 100m OMBRE czerwony\/czarny"},"content":{"rendered":"<p dir=\"ltr\" style=\"text-align: center;\">\ud83c\udfa8 SZNUREK OMBRE NA TWOJE ZAM\u00d3WIENIE \ud83c\udfa8<\/p>\n<p dir=\"ltr\">Specjalna wersja sznurka OMBRE \u2013 unikalna mieszanka dw\u00f3ch kolor\u00f3w: czarny i czerwony.<br \/>\nKa\u017cdy motek przygotowujemy na indywidualne zam\u00f3wienie, dlatego masz pewno\u015b\u0107, \u017ce otrzymujesz wyj\u0105tkowy produkt stworzony specjalnie dla Ciebie.<\/p>\n<p dir=\"ltr\">\u2714\ufe0f D\u0142ugo\u015b\u0107: 100 m<br \/>\n\u2714\ufe0f Grubo\u015b\u0107: 6 mm<br \/>\n\u2714\ufe0f Sk\u0142ad: bawe\u0142na z rdzeniem wewn\u0105trz<br \/>\n\u2714\ufe0f mo\u017cliwo\u015b\u0107 wykonania w innej wersji kolorystycznej lub o innej d\u0142ugo\u015bci sznurka<\/p>\n<p dir=\"ltr\">Sznurek idealnie sprawdzi si\u0119 do szycia torebek, koszyk\u00f3w, organizer\u00f3w i innych projekt\u00f3w handmade.<\/p>\n<p dir=\"ltr\">\ud83d\udc49 Dodatkowo w naszym sklepie znajdziesz wszystkie sk\u00f3rzane dodatki widoczne na zdj\u0119ciach (klapy, paski, r\u0105czki, zapi\u0119cia).<\/p>\n<p>Klapka:<\/p>\n<blockquote class=\"wp-embedded-content\" data-secret=\"6BfnwXD6KJ\"><p><a href=\"https:\/\/fibercrafters.pl\/en\/product\/klapka-moon-do-torebki-czarny-18x25cm-z-karabinczykiem-i-uchwytem\/\">klapka MOON do torebki CZARNY 18x25cm z karabi\u0144czykiem i uchwytem<\/a><\/p><\/blockquote>\n<p><iframe class=\"wp-embedded-content\" sandbox=\"allow-scripts\" security=\"restricted\" style=\"position: absolute; visibility: hidden;\" title=\"&#8222;klapka MOON do torebki CZARNY 18x25cm z karabi\u0144czykiem i uchwytem&#8221; &#8212; Fibercrafters\" src=\"https:\/\/fibercrafters.pl\/produkt\/klapka-moon-do-torebki-czarny-18x25cm-z-karabinczykiem-i-uchwytem\/embed\/#?secret=YU6QPYT6io#?secret=6BfnwXD6KJ\" data-secret=\"6BfnwXD6KJ\" width=\"500\" height=\"282\" frameborder=\"0\" marginwidth=\"0\" marginheight=\"0\" scrolling=\"no\"><\/iframe><\/p>\n<p>Uchwyty boczne do przyszycia:<\/p>\n<blockquote class=\"wp-embedded-content\" data-secret=\"VmOM1GAAgS\"><p><a href=\"https:\/\/fibercrafters.pl\/en\/product\/komplet-dwa-uchwyty-boczne-do-paska-torebki-czarny-do-przyszycia\/\">komplet dwa uchwyty boczne do paska torebki CZARNY do przyszycia<\/a><\/p><\/blockquote>\n<p><iframe class=\"wp-embedded-content\" sandbox=\"allow-scripts\" security=\"restricted\" style=\"position: absolute; visibility: hidden;\" title=\"&#8222;komplet dwa uchwyty boczne do paska torebki CZARNY do przyszycia&#8221; &#8212; Fibercrafters\" src=\"https:\/\/fibercrafters.pl\/produkt\/komplet-dwa-uchwyty-boczne-do-paska-torebki-czarny-do-przyszycia\/embed\/#?secret=dIDpg0Shux#?secret=VmOM1GAAgS\" data-secret=\"VmOM1GAAgS\" width=\"500\" height=\"282\" frameborder=\"0\" marginwidth=\"0\" marginheight=\"0\" scrolling=\"no\"><\/iframe><\/p>\n<p>Pasek regulowany:<\/p>\n<blockquote class=\"wp-embedded-content\" data-secret=\"TnkMX1iVWZ\"><p><a href=\"https:\/\/fibercrafters.pl\/en\/product\/regulowany-pasek-czarny-skora-naturalna-120cm\/\">Regulowany pasek CZARNY sk\u00f3ra naturalna 120cm<\/a><\/p><\/blockquote>\n<p><iframe class=\"wp-embedded-content\" sandbox=\"allow-scripts\" security=\"restricted\" style=\"position: absolute; visibility: hidden;\" title=\"&#8222;Regulowany pasek CZARNY sk\u00f3ra naturalna 120cm&#8221; &#8212; Fibercrafters\" src=\"https:\/\/fibercrafters.pl\/produkt\/regulowany-pasek-czarny-skora-naturalna-120cm\/embed\/#?secret=GfcKZyjtA5#?secret=TnkMX1iVWZ\" data-secret=\"TnkMX1iVWZ\" width=\"500\" height=\"282\" frameborder=\"0\" marginwidth=\"0\" marginheight=\"0\" scrolling=\"no\"><\/iframe><\/p>\n<p dir=\"ltr\">Czas realizacji zam\u00f3wienia wynosi oko\u0142o 7 dni roboczych.<\/p>\n<p>&nbsp;<\/p>","protected":false},"excerpt":{"rendered":"<p>\ud83c\udfa8 SZNUREK OMBRE NA TWOJE ZAM\u00d3WIENIE \ud83c\udfa8 Specjalna wersja sznurka OMBRE \u2013 unikalna mieszanka dw\u00f3ch kolor\u00f3w: czarny i czerwony. Ka\u017cdy&#8230;<\/p>","protected":false},"featured_media":4728,"template":"","meta":[],"product_brand":[],"product_cat":[102,74],"product_tag":[],"class_list":{"0":"post-4727","1":"product","2":"type-product","3":"status-publish","4":"has-post-thumbnail","6":"product_cat-sznurek-bawelniany","7":"product_cat-sznurek-do-szycia-fiber-crafters","9":"first","10":"onbackorder","11":"shipping-taxable","12":"purchasable","13":"product-type-simple"},"yoast_head":"<!-- This site is optimized with the Yoast SEO plugin v26.7 - https:\/\/yoast.com\/wordpress\/plugins\/seo\/ -->\n<title>Sznurek do szycia FIBER CRAFTERS 6mm 100m OMBRE czerwony\/czarny | Fibercrafters<\/title>\n<meta name=\"robots\" content=\"index, follow, max-snippet:-1, max-image-preview:large, max-video-preview:-1\" \/>\n<link rel=\"canonical\" href=\"https:\/\/fibercrafters.pl\/en\/product\/sznurek-do-szycia-fiber-crafters-6mm-100m-ombre-czerwony-czarny\/\" \/>\n<meta property=\"og:locale\" content=\"en_US\" \/>\n<meta property=\"og:type\" content=\"article\" \/>\n<meta property=\"og:title\" content=\"Sznurek do szycia FIBER CRAFTERS 6mm 100m OMBRE czerwony\/czarny | Fibercrafters\" \/>\n<meta property=\"og:description\" content=\"\ud83c\udfa8 SZNUREK OMBRE NA TWOJE ZAM\u00d3WIENIE \ud83c\udfa8 Specjalna wersja sznurka OMBRE \u2013 unikalna mieszanka dw\u00f3ch kolor\u00f3w: czarny i czerwony. Ka\u017cdy...\" \/>\n<meta property=\"og:url\" content=\"https:\/\/fibercrafters.pl\/en\/product\/sznurek-do-szycia-fiber-crafters-6mm-100m-ombre-czerwony-czarny\/\" \/>\n<meta property=\"og:site_name\" content=\"Fibercrafters\" \/>\n<meta property=\"article:publisher\" content=\"https:\/\/www.facebook.com\/people\/Fiber-Crafters\/61562841616266\/\" \/>\n<meta property=\"article:modified_time\" content=\"2026-03-17T21:09:55+00:00\" \/>\n<meta property=\"og:image\" content=\"https:\/\/fibercrafters.pl\/wp-content\/uploads\/2025\/09\/ombre-1024x1024.png\" \/>\n\t<meta property=\"og:image:width\" content=\"1024\" \/>\n\t<meta property=\"og:image:height\" content=\"1024\" \/>\n\t<meta property=\"og:image:type\" content=\"image\/png\" \/>\n<meta name=\"twitter:card\" content=\"summary_large_image\" \/>\n<meta name=\"twitter:label1\" content=\"Est. reading time\" \/>\n\t<meta name=\"twitter:data1\" content=\"1 minute\" \/>\n<script type=\"application\/ld+json\" class=\"yoast-schema-graph\">{\"@context\":\"https:\/\/schema.org\",\"@graph\":[{\"@type\":\"WebPage\",\"@id\":\"https:\/\/fibercrafters.pl\/produkt\/sznurek-do-szycia-fiber-crafters-6mm-100m-ombre-czerwony-czarny\/\",\"url\":\"https:\/\/fibercrafters.pl\/produkt\/sznurek-do-szycia-fiber-crafters-6mm-100m-ombre-czerwony-czarny\/\",\"name\":\"Sznurek do szycia FIBER CRAFTERS 6mm 100m OMBRE czerwony\/czarny | Fibercrafters\",\"isPartOf\":{\"@id\":\"https:\/\/fibercrafters.pl\/#website\"},\"primaryImageOfPage\":{\"@id\":\"https:\/\/fibercrafters.pl\/produkt\/sznurek-do-szycia-fiber-crafters-6mm-100m-ombre-czerwony-czarny\/#primaryimage\"},\"image\":{\"@id\":\"https:\/\/fibercrafters.pl\/produkt\/sznurek-do-szycia-fiber-crafters-6mm-100m-ombre-czerwony-czarny\/#primaryimage\"},\"thumbnailUrl\":\"https:\/\/fibercrafters.pl\/wp-content\/uploads\/2025\/09\/ombre.png\",\"datePublished\":\"2025-09-23T07:26:24+00:00\",\"dateModified\":\"2026-03-17T21:09:55+00:00\",\"breadcrumb\":{\"@id\":\"https:\/\/fibercrafters.pl\/produkt\/sznurek-do-szycia-fiber-crafters-6mm-100m-ombre-czerwony-czarny\/#breadcrumb\"},\"inLanguage\":\"en-US\",\"potentialAction\":[{\"@type\":\"ReadAction\",\"target\":[\"https:\/\/fibercrafters.pl\/produkt\/sznurek-do-szycia-fiber-crafters-6mm-100m-ombre-czerwony-czarny\/\"]}]},{\"@type\":\"ImageObject\",\"inLanguage\":\"en-US\",\"@id\":\"https:\/\/fibercrafters.pl\/produkt\/sznurek-do-szycia-fiber-crafters-6mm-100m-ombre-czerwony-czarny\/#primaryimage\",\"url\":\"https:\/\/fibercrafters.pl\/wp-content\/uploads\/2025\/09\/ombre.png\",\"contentUrl\":\"https:\/\/fibercrafters.pl\/wp-content\/uploads\/2025\/09\/ombre.png\",\"width\":1600,\"height\":1600},{\"@type\":\"BreadcrumbList\",\"@id\":\"https:\/\/fibercrafters.pl\/produkt\/sznurek-do-szycia-fiber-crafters-6mm-100m-ombre-czerwony-czarny\/#breadcrumb\",\"itemListElement\":[{\"@type\":\"ListItem\",\"position\":1,\"name\":\"Strona g\u0142\u00f3wna\",\"item\":\"https:\/\/fibercrafters.pl\/\"},{\"@type\":\"ListItem\",\"position\":2,\"name\":\"Sklep\",\"item\":\"https:\/\/fibercrafters.pl\/sklep\/\"},{\"@type\":\"ListItem\",\"position\":3,\"name\":\"Sznurek do szycia FIBER CRAFTERS 6mm 100m OMBRE czerwony\/czarny\"}]},{\"@type\":\"WebSite\",\"@id\":\"https:\/\/fibercrafters.pl\/#website\",\"url\":\"https:\/\/fibercrafters.pl\/\",\"name\":\"Fibercrafters\",\"description\":\"Sznurki do szycia\",\"publisher\":{\"@id\":\"https:\/\/fibercrafters.pl\/#organization\"},\"potentialAction\":[{\"@type\":\"SearchAction\",\"target\":{\"@type\":\"EntryPoint\",\"urlTemplate\":\"https:\/\/fibercrafters.pl\/?s={search_term_string}\"},\"query-input\":{\"@type\":\"PropertyValueSpecification\",\"valueRequired\":true,\"valueName\":\"search_term_string\"}}],\"inLanguage\":\"en-US\"},{\"@type\":\"Organization\",\"@id\":\"https:\/\/fibercrafters.pl\/#organization\",\"name\":\"Fibercrafters\",\"url\":\"https:\/\/fibercrafters.pl\/\",\"logo\":{\"@type\":\"ImageObject\",\"inLanguage\":\"en-US\",\"@id\":\"https:\/\/fibercrafters.pl\/#\/schema\/logo\/image\/\",\"url\":\"https:\/\/fibercrafters.pl\/wp-content\/uploads\/2025\/01\/cropped-fibercraft-1.webp\",\"contentUrl\":\"https:\/\/fibercrafters.pl\/wp-content\/uploads\/2025\/01\/cropped-fibercraft-1.webp\",\"width\":267,\"height\":144,\"caption\":\"Fibercrafters\"},\"image\":{\"@id\":\"https:\/\/fibercrafters.pl\/#\/schema\/logo\/image\/\"},\"sameAs\":[\"https:\/\/www.facebook.com\/people\/Fiber-Crafters\/61562841616266\/\",\"https:\/\/www.instagram.com\/fiber.crafters\/\"]}]}<\/script>\n<!-- \/ Yoast SEO plugin. -->","yoast_head_json":{"title":"Sznurek do szycia FIBER CRAFTERS 6mm 100m OMBRE czerwony\/czarny | Fibercrafters","robots":{"index":"index","follow":"follow","max-snippet":"max-snippet:-1","max-image-preview":"max-image-preview:large","max-video-preview":"max-video-preview:-1"},"canonical":"https:\/\/fibercrafters.pl\/en\/product\/sznurek-do-szycia-fiber-crafters-6mm-100m-ombre-czerwony-czarny\/","og_locale":"en_US","og_type":"article","og_title":"Sznurek do szycia FIBER CRAFTERS 6mm 100m OMBRE czerwony\/czarny | Fibercrafters","og_description":"\ud83c\udfa8 SZNUREK OMBRE NA TWOJE ZAM\u00d3WIENIE \ud83c\udfa8 Specjalna wersja sznurka OMBRE \u2013 unikalna mieszanka dw\u00f3ch kolor\u00f3w: czarny i czerwony. Ka\u017cdy...","og_url":"https:\/\/fibercrafters.pl\/en\/product\/sznurek-do-szycia-fiber-crafters-6mm-100m-ombre-czerwony-czarny\/","og_site_name":"Fibercrafters","article_publisher":"https:\/\/www.facebook.com\/people\/Fiber-Crafters\/61562841616266\/","article_modified_time":"2026-03-17T21:09:55+00:00","og_image":[{"width":1024,"height":1024,"url":"https:\/\/fibercrafters.pl\/wp-content\/uploads\/2025\/09\/ombre-1024x1024.png","type":"image\/png"}],"twitter_card":"summary_large_image","twitter_misc":{"Est. reading time":"1 minute"},"schema":{"@context":"https:\/\/schema.org","@graph":[{"@type":"WebPage","@id":"https:\/\/fibercrafters.pl\/produkt\/sznurek-do-szycia-fiber-crafters-6mm-100m-ombre-czerwony-czarny\/","url":"https:\/\/fibercrafters.pl\/produkt\/sznurek-do-szycia-fiber-crafters-6mm-100m-ombre-czerwony-czarny\/","name":"Sznurek do szycia FIBER CRAFTERS 6mm 100m OMBRE czerwony\/czarny | Fibercrafters","isPartOf":{"@id":"https:\/\/fibercrafters.pl\/#website"},"primaryImageOfPage":{"@id":"https:\/\/fibercrafters.pl\/produkt\/sznurek-do-szycia-fiber-crafters-6mm-100m-ombre-czerwony-czarny\/#primaryimage"},"image":{"@id":"https:\/\/fibercrafters.pl\/produkt\/sznurek-do-szycia-fiber-crafters-6mm-100m-ombre-czerwony-czarny\/#primaryimage"},"thumbnailUrl":"https:\/\/fibercrafters.pl\/wp-content\/uploads\/2025\/09\/ombre.png","datePublished":"2025-09-23T07:26:24+00:00","dateModified":"2026-03-17T21:09:55+00:00","breadcrumb":{"@id":"https:\/\/fibercrafters.pl\/produkt\/sznurek-do-szycia-fiber-crafters-6mm-100m-ombre-czerwony-czarny\/#breadcrumb"},"inLanguage":"en-US","potentialAction":[{"@type":"ReadAction","target":["https:\/\/fibercrafters.pl\/produkt\/sznurek-do-szycia-fiber-crafters-6mm-100m-ombre-czerwony-czarny\/"]}]},{"@type":"ImageObject","inLanguage":"en-US","@id":"https:\/\/fibercrafters.pl\/produkt\/sznurek-do-szycia-fiber-crafters-6mm-100m-ombre-czerwony-czarny\/#primaryimage","url":"https:\/\/fibercrafters.pl\/wp-content\/uploads\/2025\/09\/ombre.png","contentUrl":"https:\/\/fibercrafters.pl\/wp-content\/uploads\/2025\/09\/ombre.png","width":1600,"height":1600},{"@type":"BreadcrumbList","@id":"https:\/\/fibercrafters.pl\/produkt\/sznurek-do-szycia-fiber-crafters-6mm-100m-ombre-czerwony-czarny\/#breadcrumb","itemListElement":[{"@type":"ListItem","position":1,"name":"Strona g\u0142\u00f3wna","item":"https:\/\/fibercrafters.pl\/"},{"@type":"ListItem","position":2,"name":"Sklep","item":"https:\/\/fibercrafters.pl\/sklep\/"},{"@type":"ListItem","position":3,"name":"Sznurek do szycia FIBER CRAFTERS 6mm 100m OMBRE czerwony\/czarny"}]},{"@type":"WebSite","@id":"https:\/\/fibercrafters.pl\/#website","url":"https:\/\/fibercrafters.pl\/","name":"Fibercrafters","description":"Sznurki do szycia","publisher":{"@id":"https:\/\/fibercrafters.pl\/#organization"},"potentialAction":[{"@type":"SearchAction","target":{"@type":"EntryPoint","urlTemplate":"https:\/\/fibercrafters.pl\/?s={search_term_string}"},"query-input":{"@type":"PropertyValueSpecification","valueRequired":true,"valueName":"search_term_string"}}],"inLanguage":"en-US"},{"@type":"Organization","@id":"https:\/\/fibercrafters.pl\/#organization","name":"Fibercrafters","url":"https:\/\/fibercrafters.pl\/","logo":{"@type":"ImageObject","inLanguage":"en-US","@id":"https:\/\/fibercrafters.pl\/#\/schema\/logo\/image\/","url":"https:\/\/fibercrafters.pl\/wp-content\/uploads\/2025\/01\/cropped-fibercraft-1.webp","contentUrl":"https:\/\/fibercrafters.pl\/wp-content\/uploads\/2025\/01\/cropped-fibercraft-1.webp","width":267,"height":144,"caption":"Fibercrafters"},"image":{"@id":"https:\/\/fibercrafters.pl\/#\/schema\/logo\/image\/"},"sameAs":["https:\/\/www.facebook.com\/people\/Fiber-Crafters\/61562841616266\/","https:\/\/www.instagram.com\/fiber.crafters\/"]}]}},"_links":{"self":[{"href":"https:\/\/fibercrafters.pl\/en\/wp-json\/wp\/v2\/product\/4727","targetHints":{"allow":["GET"]}}],"collection":[{"href":"https:\/\/fibercrafters.pl\/en\/wp-json\/wp\/v2\/product"}],"about":[{"href":"https:\/\/fibercrafters.pl\/en\/wp-json\/wp\/v2\/types\/product"}],"wp:featuredmedia":[{"embeddable":true,"href":"https:\/\/fibercrafters.pl\/en\/wp-json\/wp\/v2\/media\/4728"}],"wp:attachment":[{"href":"https:\/\/fibercrafters.pl\/en\/wp-json\/wp\/v2\/media?parent=4727"}],"wp:term":[{"taxonomy":"product_brand","embeddable":true,"href":"https:\/\/fibercrafters.pl\/en\/wp-json\/wp\/v2\/product_brand?post=4727"},{"taxonomy":"product_cat","embeddable":true,"href":"https:\/\/fibercrafters.pl\/en\/wp-json\/wp\/v2\/product_cat?post=4727"},{"taxonomy":"product_tag","embeddable":true,"href":"https:\/\/fibercrafters.pl\/en\/wp-json\/wp\/v2\/product_tag?post=4727"}],"curies":[{"name":"wp","href":"https:\/\/api.w.org\/{rel}","templated":true}]}}