{"id":4188,"date":"2025-05-28T07:07:32","date_gmt":"2025-05-28T05:07:32","guid":{"rendered":"https:\/\/fibercrafters.pl\/?post_type=product&#038;p=4188"},"modified":"2026-03-17T22:11:24","modified_gmt":"2026-03-17T21:11:24","slug":"brelok-do-torebki-kluczy-konik-czarny-z-cytrynowym","status":"publish","type":"product","link":"https:\/\/fibercrafters.pl\/en\/product\/brelok-do-torebki-kluczy-konik-czarny-z-cytrynowym\/","title":{"rendered":"brelok do torebki kluczy KONIK CZARNY z cytrynowym"},"content":{"rendered":"<p>R\u0119cznie szyte breloczki do torebki, kluczy. Nowoczesny konik wykonany ze sk\u00f3rki ekologicznej.<\/p>\n<p>Wymiary konika 11\/9cm, wysoko\u015b\u0107 samego uchwytu oko\u0142o 17cm.<\/p>","protected":false},"excerpt":{"rendered":"<p>R\u0119cznie szyte bryloczki do torebki, kluczy. Nowoczesny konik wykonany ze sk\u00f3rki ekologicznej.<\/p>\n<p>Wymiary konika 11\/9cm, wysoko\u015b\u0107 samego uchwytu oko\u0142o 17cm.<\/p>","protected":false},"featured_media":4189,"template":"","meta":[],"product_brand":[],"product_cat":[99],"product_tag":[],"class_list":{"0":"post-4188","1":"product","2":"type-product","3":"status-publish","4":"has-post-thumbnail","6":"product_cat-breloki","8":"first","9":"instock","10":"shipping-taxable","11":"purchasable","12":"product-type-simple"},"yoast_head":"<!-- This site is optimized with the Yoast SEO plugin v26.7 - https:\/\/yoast.com\/wordpress\/plugins\/seo\/ -->\n<title>brelok do torebki kluczy KONIK CZARNY z cytrynowym | Fibercrafters<\/title>\n<meta name=\"robots\" content=\"index, follow, max-snippet:-1, max-image-preview:large, max-video-preview:-1\" \/>\n<link rel=\"canonical\" href=\"https:\/\/fibercrafters.pl\/en\/product\/brelok-do-torebki-kluczy-konik-czarny-z-cytrynowym\/\" \/>\n<meta property=\"og:locale\" content=\"en_US\" \/>\n<meta property=\"og:type\" content=\"article\" \/>\n<meta property=\"og:title\" content=\"brelok do torebki kluczy KONIK CZARNY z cytrynowym | Fibercrafters\" \/>\n<meta property=\"og:description\" content=\"R\u0119cznie szyte bryloczki do torebki, kluczy. Nowoczesny konik wykonany ze sk\u00f3rki ekologicznej.  Wymiary konika 11\/9cm, wysoko\u015b\u0107 samego uchwytu oko\u0142o 17cm.\" \/>\n<meta property=\"og:url\" content=\"https:\/\/fibercrafters.pl\/en\/product\/brelok-do-torebki-kluczy-konik-czarny-z-cytrynowym\/\" \/>\n<meta property=\"og:site_name\" content=\"Fibercrafters\" \/>\n<meta property=\"article:publisher\" content=\"https:\/\/www.facebook.com\/people\/Fiber-Crafters\/61562841616266\/\" \/>\n<meta property=\"article:modified_time\" content=\"2026-03-17T21:11:24+00:00\" \/>\n<meta property=\"og:image\" content=\"https:\/\/fibercrafters.pl\/wp-content\/uploads\/2025\/05\/20250518_101903-796x1024.png\" \/>\n\t<meta property=\"og:image:width\" content=\"796\" \/>\n\t<meta property=\"og:image:height\" content=\"1024\" \/>\n\t<meta property=\"og:image:type\" content=\"image\/png\" \/>\n<meta name=\"twitter:card\" content=\"summary_large_image\" \/>\n<script type=\"application\/ld+json\" class=\"yoast-schema-graph\">{\"@context\":\"https:\/\/schema.org\",\"@graph\":[{\"@type\":\"WebPage\",\"@id\":\"https:\/\/fibercrafters.pl\/produkt\/brelok-do-torebki-kluczy-konik-czarny-z-cytrynowym\/\",\"url\":\"https:\/\/fibercrafters.pl\/produkt\/brelok-do-torebki-kluczy-konik-czarny-z-cytrynowym\/\",\"name\":\"brelok do torebki kluczy KONIK CZARNY z cytrynowym | Fibercrafters\",\"isPartOf\":{\"@id\":\"https:\/\/fibercrafters.pl\/#website\"},\"primaryImageOfPage\":{\"@id\":\"https:\/\/fibercrafters.pl\/produkt\/brelok-do-torebki-kluczy-konik-czarny-z-cytrynowym\/#primaryimage\"},\"image\":{\"@id\":\"https:\/\/fibercrafters.pl\/produkt\/brelok-do-torebki-kluczy-konik-czarny-z-cytrynowym\/#primaryimage\"},\"thumbnailUrl\":\"https:\/\/fibercrafters.pl\/wp-content\/uploads\/2025\/05\/20250518_101903.png\",\"datePublished\":\"2025-05-28T05:07:32+00:00\",\"dateModified\":\"2026-03-17T21:11:24+00:00\",\"breadcrumb\":{\"@id\":\"https:\/\/fibercrafters.pl\/produkt\/brelok-do-torebki-kluczy-konik-czarny-z-cytrynowym\/#breadcrumb\"},\"inLanguage\":\"en-US\",\"potentialAction\":[{\"@type\":\"ReadAction\",\"target\":[\"https:\/\/fibercrafters.pl\/produkt\/brelok-do-torebki-kluczy-konik-czarny-z-cytrynowym\/\"]}]},{\"@type\":\"ImageObject\",\"inLanguage\":\"en-US\",\"@id\":\"https:\/\/fibercrafters.pl\/produkt\/brelok-do-torebki-kluczy-konik-czarny-z-cytrynowym\/#primaryimage\",\"url\":\"https:\/\/fibercrafters.pl\/wp-content\/uploads\/2025\/05\/20250518_101903.png\",\"contentUrl\":\"https:\/\/fibercrafters.pl\/wp-content\/uploads\/2025\/05\/20250518_101903.png\",\"width\":1244,\"height\":1600},{\"@type\":\"BreadcrumbList\",\"@id\":\"https:\/\/fibercrafters.pl\/produkt\/brelok-do-torebki-kluczy-konik-czarny-z-cytrynowym\/#breadcrumb\",\"itemListElement\":[{\"@type\":\"ListItem\",\"position\":1,\"name\":\"Strona g\u0142\u00f3wna\",\"item\":\"https:\/\/fibercrafters.pl\/\"},{\"@type\":\"ListItem\",\"position\":2,\"name\":\"Sklep\",\"item\":\"https:\/\/fibercrafters.pl\/sklep\/\"},{\"@type\":\"ListItem\",\"position\":3,\"name\":\"brelok do torebki kluczy KONIK CZARNY z cytrynowym\"}]},{\"@type\":\"WebSite\",\"@id\":\"https:\/\/fibercrafters.pl\/#website\",\"url\":\"https:\/\/fibercrafters.pl\/\",\"name\":\"Fibercrafters\",\"description\":\"Sznurki do szycia\",\"publisher\":{\"@id\":\"https:\/\/fibercrafters.pl\/#organization\"},\"potentialAction\":[{\"@type\":\"SearchAction\",\"target\":{\"@type\":\"EntryPoint\",\"urlTemplate\":\"https:\/\/fibercrafters.pl\/?s={search_term_string}\"},\"query-input\":{\"@type\":\"PropertyValueSpecification\",\"valueRequired\":true,\"valueName\":\"search_term_string\"}}],\"inLanguage\":\"en-US\"},{\"@type\":\"Organization\",\"@id\":\"https:\/\/fibercrafters.pl\/#organization\",\"name\":\"Fibercrafters\",\"url\":\"https:\/\/fibercrafters.pl\/\",\"logo\":{\"@type\":\"ImageObject\",\"inLanguage\":\"en-US\",\"@id\":\"https:\/\/fibercrafters.pl\/#\/schema\/logo\/image\/\",\"url\":\"https:\/\/fibercrafters.pl\/wp-content\/uploads\/2025\/01\/cropped-fibercraft-1.webp\",\"contentUrl\":\"https:\/\/fibercrafters.pl\/wp-content\/uploads\/2025\/01\/cropped-fibercraft-1.webp\",\"width\":267,\"height\":144,\"caption\":\"Fibercrafters\"},\"image\":{\"@id\":\"https:\/\/fibercrafters.pl\/#\/schema\/logo\/image\/\"},\"sameAs\":[\"https:\/\/www.facebook.com\/people\/Fiber-Crafters\/61562841616266\/\",\"https:\/\/www.instagram.com\/fiber.crafters\/\"]}]}<\/script>\n<!-- \/ Yoast SEO plugin. -->","yoast_head_json":{"title":"brelok do torebki kluczy KONIK CZARNY z cytrynowym | Fibercrafters","robots":{"index":"index","follow":"follow","max-snippet":"max-snippet:-1","max-image-preview":"max-image-preview:large","max-video-preview":"max-video-preview:-1"},"canonical":"https:\/\/fibercrafters.pl\/en\/product\/brelok-do-torebki-kluczy-konik-czarny-z-cytrynowym\/","og_locale":"en_US","og_type":"article","og_title":"brelok do torebki kluczy KONIK CZARNY z cytrynowym | Fibercrafters","og_description":"R\u0119cznie szyte bryloczki do torebki, kluczy. Nowoczesny konik wykonany ze sk\u00f3rki ekologicznej.  Wymiary konika 11\/9cm, wysoko\u015b\u0107 samego uchwytu oko\u0142o 17cm.","og_url":"https:\/\/fibercrafters.pl\/en\/product\/brelok-do-torebki-kluczy-konik-czarny-z-cytrynowym\/","og_site_name":"Fibercrafters","article_publisher":"https:\/\/www.facebook.com\/people\/Fiber-Crafters\/61562841616266\/","article_modified_time":"2026-03-17T21:11:24+00:00","og_image":[{"width":796,"height":1024,"url":"https:\/\/fibercrafters.pl\/wp-content\/uploads\/2025\/05\/20250518_101903-796x1024.png","type":"image\/png"}],"twitter_card":"summary_large_image","schema":{"@context":"https:\/\/schema.org","@graph":[{"@type":"WebPage","@id":"https:\/\/fibercrafters.pl\/produkt\/brelok-do-torebki-kluczy-konik-czarny-z-cytrynowym\/","url":"https:\/\/fibercrafters.pl\/produkt\/brelok-do-torebki-kluczy-konik-czarny-z-cytrynowym\/","name":"brelok do torebki kluczy KONIK CZARNY z cytrynowym | Fibercrafters","isPartOf":{"@id":"https:\/\/fibercrafters.pl\/#website"},"primaryImageOfPage":{"@id":"https:\/\/fibercrafters.pl\/produkt\/brelok-do-torebki-kluczy-konik-czarny-z-cytrynowym\/#primaryimage"},"image":{"@id":"https:\/\/fibercrafters.pl\/produkt\/brelok-do-torebki-kluczy-konik-czarny-z-cytrynowym\/#primaryimage"},"thumbnailUrl":"https:\/\/fibercrafters.pl\/wp-content\/uploads\/2025\/05\/20250518_101903.png","datePublished":"2025-05-28T05:07:32+00:00","dateModified":"2026-03-17T21:11:24+00:00","breadcrumb":{"@id":"https:\/\/fibercrafters.pl\/produkt\/brelok-do-torebki-kluczy-konik-czarny-z-cytrynowym\/#breadcrumb"},"inLanguage":"en-US","potentialAction":[{"@type":"ReadAction","target":["https:\/\/fibercrafters.pl\/produkt\/brelok-do-torebki-kluczy-konik-czarny-z-cytrynowym\/"]}]},{"@type":"ImageObject","inLanguage":"en-US","@id":"https:\/\/fibercrafters.pl\/produkt\/brelok-do-torebki-kluczy-konik-czarny-z-cytrynowym\/#primaryimage","url":"https:\/\/fibercrafters.pl\/wp-content\/uploads\/2025\/05\/20250518_101903.png","contentUrl":"https:\/\/fibercrafters.pl\/wp-content\/uploads\/2025\/05\/20250518_101903.png","width":1244,"height":1600},{"@type":"BreadcrumbList","@id":"https:\/\/fibercrafters.pl\/produkt\/brelok-do-torebki-kluczy-konik-czarny-z-cytrynowym\/#breadcrumb","itemListElement":[{"@type":"ListItem","position":1,"name":"Strona g\u0142\u00f3wna","item":"https:\/\/fibercrafters.pl\/"},{"@type":"ListItem","position":2,"name":"Sklep","item":"https:\/\/fibercrafters.pl\/sklep\/"},{"@type":"ListItem","position":3,"name":"brelok do torebki kluczy KONIK CZARNY z cytrynowym"}]},{"@type":"WebSite","@id":"https:\/\/fibercrafters.pl\/#website","url":"https:\/\/fibercrafters.pl\/","name":"Fibercrafters","description":"Sznurki do szycia","publisher":{"@id":"https:\/\/fibercrafters.pl\/#organization"},"potentialAction":[{"@type":"SearchAction","target":{"@type":"EntryPoint","urlTemplate":"https:\/\/fibercrafters.pl\/?s={search_term_string}"},"query-input":{"@type":"PropertyValueSpecification","valueRequired":true,"valueName":"search_term_string"}}],"inLanguage":"en-US"},{"@type":"Organization","@id":"https:\/\/fibercrafters.pl\/#organization","name":"Fibercrafters","url":"https:\/\/fibercrafters.pl\/","logo":{"@type":"ImageObject","inLanguage":"en-US","@id":"https:\/\/fibercrafters.pl\/#\/schema\/logo\/image\/","url":"https:\/\/fibercrafters.pl\/wp-content\/uploads\/2025\/01\/cropped-fibercraft-1.webp","contentUrl":"https:\/\/fibercrafters.pl\/wp-content\/uploads\/2025\/01\/cropped-fibercraft-1.webp","width":267,"height":144,"caption":"Fibercrafters"},"image":{"@id":"https:\/\/fibercrafters.pl\/#\/schema\/logo\/image\/"},"sameAs":["https:\/\/www.facebook.com\/people\/Fiber-Crafters\/61562841616266\/","https:\/\/www.instagram.com\/fiber.crafters\/"]}]}},"_links":{"self":[{"href":"https:\/\/fibercrafters.pl\/en\/wp-json\/wp\/v2\/product\/4188","targetHints":{"allow":["GET"]}}],"collection":[{"href":"https:\/\/fibercrafters.pl\/en\/wp-json\/wp\/v2\/product"}],"about":[{"href":"https:\/\/fibercrafters.pl\/en\/wp-json\/wp\/v2\/types\/product"}],"wp:featuredmedia":[{"embeddable":true,"href":"https:\/\/fibercrafters.pl\/en\/wp-json\/wp\/v2\/media\/4189"}],"wp:attachment":[{"href":"https:\/\/fibercrafters.pl\/en\/wp-json\/wp\/v2\/media?parent=4188"}],"wp:term":[{"taxonomy":"product_brand","embeddable":true,"href":"https:\/\/fibercrafters.pl\/en\/wp-json\/wp\/v2\/product_brand?post=4188"},{"taxonomy":"product_cat","embeddable":true,"href":"https:\/\/fibercrafters.pl\/en\/wp-json\/wp\/v2\/product_cat?post=4188"},{"taxonomy":"product_tag","embeddable":true,"href":"https:\/\/fibercrafters.pl\/en\/wp-json\/wp\/v2\/product_tag?post=4188"}],"curies":[{"name":"wp","href":"https:\/\/api.w.org\/{rel}","templated":true}]}}