{"id":4141,"date":"2025-05-13T07:15:58","date_gmt":"2025-05-13T05:15:58","guid":{"rendered":"https:\/\/fibercrafters.pl\/?post_type=product&#038;p=4141"},"modified":"2026-03-17T22:09:53","modified_gmt":"2026-03-17T21:09:53","slug":"drewniany-ring-uchwyt-obrecz-65mm-do-rekodziela-1szt","status":"publish","type":"product","link":"https:\/\/fibercrafters.pl\/en\/product\/drewniany-ring-uchwyt-obrecz-65mm-do-rekodziela-1szt\/","title":{"rendered":"Drewniany ring uchwyt obr\u0119cz 65mm do r\u0119kodzie\u0142a 1szt"},"content":{"rendered":"<p><b>Drewniane obr\u0119cze do Twoich projekt\u00f3w DIY<\/b><\/p>\n<p>Zastanawiasz si\u0119, jak doda\u0107 wyj\u0105tkowy akcent do swoich szytych (i nie tylko) dzie\u0142? Mamy dla Ciebie rozwi\u0105zanie!<\/p>\n<p>Nasze drewniane obr\u0119cze to idealny dodatek dla ka\u017cdego mi\u0142o\u015bnika r\u0119kodzie\u0142a. Dzi\u0119ki nim Twoje prace nabior\u0105 oryginalno\u015bci i wyj\u0105tkowego charakteru.<\/p>\n<p><b>Obr\u0119cze s\u0105 wykonane z naturalnego drewna, dok\u0142adnie wyg\u0142adzone, aby by\u0142y przyjemne w dotyku i pozbawione nier\u00f3wno\u015bci.\u00a0<\/b>S\u0105 zar\u00f3wno estetyczne, jak i wytrzyma\u0142e, co sprawia, \u017ce b\u0119d\u0105 s\u0142u\u017cy\u0107 Ci przez d\u0142ugi czas.<\/p>\n<p>&nbsp;<\/p>\n<p><b>Szczeg\u00f3\u0142y produktu:<\/b><\/p>\n<ul>\n<li><b>Kolor:<\/b>\u00a0zgodny z prezentowanymi zdj\u0119ciami<\/li>\n<li><b>Materia\u0142:<\/b>\u00a0polerowane, surowe drewno<\/li>\n<li><b>\u015arednica zewn\u0119trzna:<\/b>\u00a065 mm<\/li>\n<li><b>\u015arednica wewn\u0119trzna:<\/b>\u00a045 mm<\/li>\n<li><b>Grubo\u015b\u0107:<\/b>\u00a010 mm<\/li>\n<li><b>Tolerancja wymiarowa:<\/b>\u00a0do \u00b115%<\/li>\n<li><b>Ilo\u015b\u0107:<\/b> 1 sztuka<\/li>\n<\/ul>\n<p>Idealne r\u00f3wnie\u017c do makramy \ud83d\ude09<\/p>","protected":false},"excerpt":{"rendered":"<p>Drewniane obr\u0119cze do Twoich projekt\u00f3w DIY Zastanawiasz si\u0119, jak doda\u0107 wyj\u0105tkowy akcent do swoich szytych (i nie tylko) dzie\u0142? Mamy&#8230;<\/p>","protected":false},"featured_media":4145,"template":"","meta":[],"product_brand":[],"product_cat":[74],"product_tag":[],"class_list":{"0":"post-4141","1":"product","2":"type-product","3":"status-publish","4":"has-post-thumbnail","6":"product_cat-sznurek-do-szycia-fiber-crafters","8":"first","9":"instock","10":"shipping-taxable","11":"purchasable","12":"product-type-simple"},"yoast_head":"<!-- This site is optimized with the Yoast SEO plugin v26.7 - https:\/\/yoast.com\/wordpress\/plugins\/seo\/ -->\n<title>Drewniany ring uchwyt obr\u0119cz 65mm do r\u0119kodzie\u0142a 1szt | Fibercrafters<\/title>\n<meta name=\"robots\" content=\"index, follow, max-snippet:-1, max-image-preview:large, max-video-preview:-1\" \/>\n<link rel=\"canonical\" href=\"https:\/\/fibercrafters.pl\/en\/product\/drewniany-ring-uchwyt-obrecz-65mm-do-rekodziela-1szt\/\" \/>\n<meta property=\"og:locale\" content=\"en_US\" \/>\n<meta property=\"og:type\" content=\"article\" \/>\n<meta property=\"og:title\" content=\"Drewniany ring uchwyt obr\u0119cz 65mm do r\u0119kodzie\u0142a 1szt | Fibercrafters\" \/>\n<meta property=\"og:description\" content=\"Drewniane obr\u0119cze do Twoich projekt\u00f3w DIY Zastanawiasz si\u0119, jak doda\u0107 wyj\u0105tkowy akcent do swoich szytych (i nie tylko) dzie\u0142? Mamy...\" \/>\n<meta property=\"og:url\" content=\"https:\/\/fibercrafters.pl\/en\/product\/drewniany-ring-uchwyt-obrecz-65mm-do-rekodziela-1szt\/\" \/>\n<meta property=\"og:site_name\" content=\"Fibercrafters\" \/>\n<meta property=\"article:publisher\" content=\"https:\/\/www.facebook.com\/people\/Fiber-Crafters\/61562841616266\/\" \/>\n<meta property=\"article:modified_time\" content=\"2026-03-17T21:09:53+00:00\" \/>\n<meta property=\"og:image\" content=\"https:\/\/fibercrafters.pl\/wp-content\/uploads\/2025\/05\/screenshot_20250513_070739_allegro.jpg\" \/>\n\t<meta property=\"og:image:width\" content=\"1080\" \/>\n\t<meta property=\"og:image:height\" content=\"1002\" \/>\n\t<meta property=\"og:image:type\" content=\"image\/jpeg\" \/>\n<meta name=\"twitter:card\" content=\"summary_large_image\" \/>\n<meta name=\"twitter:label1\" content=\"Est. reading time\" \/>\n\t<meta name=\"twitter:data1\" content=\"1 minute\" \/>\n<script type=\"application\/ld+json\" class=\"yoast-schema-graph\">{\"@context\":\"https:\/\/schema.org\",\"@graph\":[{\"@type\":\"WebPage\",\"@id\":\"https:\/\/fibercrafters.pl\/produkt\/drewniany-ring-uchwyt-obrecz-65mm-do-rekodziela-1szt\/\",\"url\":\"https:\/\/fibercrafters.pl\/produkt\/drewniany-ring-uchwyt-obrecz-65mm-do-rekodziela-1szt\/\",\"name\":\"Drewniany ring uchwyt obr\u0119cz 65mm do r\u0119kodzie\u0142a 1szt | Fibercrafters\",\"isPartOf\":{\"@id\":\"https:\/\/fibercrafters.pl\/#website\"},\"primaryImageOfPage\":{\"@id\":\"https:\/\/fibercrafters.pl\/produkt\/drewniany-ring-uchwyt-obrecz-65mm-do-rekodziela-1szt\/#primaryimage\"},\"image\":{\"@id\":\"https:\/\/fibercrafters.pl\/produkt\/drewniany-ring-uchwyt-obrecz-65mm-do-rekodziela-1szt\/#primaryimage\"},\"thumbnailUrl\":\"https:\/\/fibercrafters.pl\/wp-content\/uploads\/2025\/05\/screenshot_20250513_070739_allegro.jpg\",\"datePublished\":\"2025-05-13T05:15:58+00:00\",\"dateModified\":\"2026-03-17T21:09:53+00:00\",\"breadcrumb\":{\"@id\":\"https:\/\/fibercrafters.pl\/produkt\/drewniany-ring-uchwyt-obrecz-65mm-do-rekodziela-1szt\/#breadcrumb\"},\"inLanguage\":\"en-US\",\"potentialAction\":[{\"@type\":\"ReadAction\",\"target\":[\"https:\/\/fibercrafters.pl\/produkt\/drewniany-ring-uchwyt-obrecz-65mm-do-rekodziela-1szt\/\"]}]},{\"@type\":\"ImageObject\",\"inLanguage\":\"en-US\",\"@id\":\"https:\/\/fibercrafters.pl\/produkt\/drewniany-ring-uchwyt-obrecz-65mm-do-rekodziela-1szt\/#primaryimage\",\"url\":\"https:\/\/fibercrafters.pl\/wp-content\/uploads\/2025\/05\/screenshot_20250513_070739_allegro.jpg\",\"contentUrl\":\"https:\/\/fibercrafters.pl\/wp-content\/uploads\/2025\/05\/screenshot_20250513_070739_allegro.jpg\",\"width\":1080,\"height\":1002},{\"@type\":\"BreadcrumbList\",\"@id\":\"https:\/\/fibercrafters.pl\/produkt\/drewniany-ring-uchwyt-obrecz-65mm-do-rekodziela-1szt\/#breadcrumb\",\"itemListElement\":[{\"@type\":\"ListItem\",\"position\":1,\"name\":\"Strona g\u0142\u00f3wna\",\"item\":\"https:\/\/fibercrafters.pl\/\"},{\"@type\":\"ListItem\",\"position\":2,\"name\":\"Sklep\",\"item\":\"https:\/\/fibercrafters.pl\/sklep\/\"},{\"@type\":\"ListItem\",\"position\":3,\"name\":\"Drewniany ring uchwyt obr\u0119cz 65mm do r\u0119kodzie\u0142a 1szt\"}]},{\"@type\":\"WebSite\",\"@id\":\"https:\/\/fibercrafters.pl\/#website\",\"url\":\"https:\/\/fibercrafters.pl\/\",\"name\":\"Fibercrafters\",\"description\":\"Sznurki do szycia\",\"publisher\":{\"@id\":\"https:\/\/fibercrafters.pl\/#organization\"},\"potentialAction\":[{\"@type\":\"SearchAction\",\"target\":{\"@type\":\"EntryPoint\",\"urlTemplate\":\"https:\/\/fibercrafters.pl\/?s={search_term_string}\"},\"query-input\":{\"@type\":\"PropertyValueSpecification\",\"valueRequired\":true,\"valueName\":\"search_term_string\"}}],\"inLanguage\":\"en-US\"},{\"@type\":\"Organization\",\"@id\":\"https:\/\/fibercrafters.pl\/#organization\",\"name\":\"Fibercrafters\",\"url\":\"https:\/\/fibercrafters.pl\/\",\"logo\":{\"@type\":\"ImageObject\",\"inLanguage\":\"en-US\",\"@id\":\"https:\/\/fibercrafters.pl\/#\/schema\/logo\/image\/\",\"url\":\"https:\/\/fibercrafters.pl\/wp-content\/uploads\/2025\/01\/cropped-fibercraft-1.webp\",\"contentUrl\":\"https:\/\/fibercrafters.pl\/wp-content\/uploads\/2025\/01\/cropped-fibercraft-1.webp\",\"width\":267,\"height\":144,\"caption\":\"Fibercrafters\"},\"image\":{\"@id\":\"https:\/\/fibercrafters.pl\/#\/schema\/logo\/image\/\"},\"sameAs\":[\"https:\/\/www.facebook.com\/people\/Fiber-Crafters\/61562841616266\/\",\"https:\/\/www.instagram.com\/fiber.crafters\/\"]}]}<\/script>\n<!-- \/ Yoast SEO plugin. -->","yoast_head_json":{"title":"Drewniany ring uchwyt obr\u0119cz 65mm do r\u0119kodzie\u0142a 1szt | Fibercrafters","robots":{"index":"index","follow":"follow","max-snippet":"max-snippet:-1","max-image-preview":"max-image-preview:large","max-video-preview":"max-video-preview:-1"},"canonical":"https:\/\/fibercrafters.pl\/en\/product\/drewniany-ring-uchwyt-obrecz-65mm-do-rekodziela-1szt\/","og_locale":"en_US","og_type":"article","og_title":"Drewniany ring uchwyt obr\u0119cz 65mm do r\u0119kodzie\u0142a 1szt | Fibercrafters","og_description":"Drewniane obr\u0119cze do Twoich projekt\u00f3w DIY Zastanawiasz si\u0119, jak doda\u0107 wyj\u0105tkowy akcent do swoich szytych (i nie tylko) dzie\u0142? Mamy...","og_url":"https:\/\/fibercrafters.pl\/en\/product\/drewniany-ring-uchwyt-obrecz-65mm-do-rekodziela-1szt\/","og_site_name":"Fibercrafters","article_publisher":"https:\/\/www.facebook.com\/people\/Fiber-Crafters\/61562841616266\/","article_modified_time":"2026-03-17T21:09:53+00:00","og_image":[{"width":1080,"height":1002,"url":"https:\/\/fibercrafters.pl\/wp-content\/uploads\/2025\/05\/screenshot_20250513_070739_allegro.jpg","type":"image\/jpeg"}],"twitter_card":"summary_large_image","twitter_misc":{"Est. reading time":"1 minute"},"schema":{"@context":"https:\/\/schema.org","@graph":[{"@type":"WebPage","@id":"https:\/\/fibercrafters.pl\/produkt\/drewniany-ring-uchwyt-obrecz-65mm-do-rekodziela-1szt\/","url":"https:\/\/fibercrafters.pl\/produkt\/drewniany-ring-uchwyt-obrecz-65mm-do-rekodziela-1szt\/","name":"Drewniany ring uchwyt obr\u0119cz 65mm do r\u0119kodzie\u0142a 1szt | Fibercrafters","isPartOf":{"@id":"https:\/\/fibercrafters.pl\/#website"},"primaryImageOfPage":{"@id":"https:\/\/fibercrafters.pl\/produkt\/drewniany-ring-uchwyt-obrecz-65mm-do-rekodziela-1szt\/#primaryimage"},"image":{"@id":"https:\/\/fibercrafters.pl\/produkt\/drewniany-ring-uchwyt-obrecz-65mm-do-rekodziela-1szt\/#primaryimage"},"thumbnailUrl":"https:\/\/fibercrafters.pl\/wp-content\/uploads\/2025\/05\/screenshot_20250513_070739_allegro.jpg","datePublished":"2025-05-13T05:15:58+00:00","dateModified":"2026-03-17T21:09:53+00:00","breadcrumb":{"@id":"https:\/\/fibercrafters.pl\/produkt\/drewniany-ring-uchwyt-obrecz-65mm-do-rekodziela-1szt\/#breadcrumb"},"inLanguage":"en-US","potentialAction":[{"@type":"ReadAction","target":["https:\/\/fibercrafters.pl\/produkt\/drewniany-ring-uchwyt-obrecz-65mm-do-rekodziela-1szt\/"]}]},{"@type":"ImageObject","inLanguage":"en-US","@id":"https:\/\/fibercrafters.pl\/produkt\/drewniany-ring-uchwyt-obrecz-65mm-do-rekodziela-1szt\/#primaryimage","url":"https:\/\/fibercrafters.pl\/wp-content\/uploads\/2025\/05\/screenshot_20250513_070739_allegro.jpg","contentUrl":"https:\/\/fibercrafters.pl\/wp-content\/uploads\/2025\/05\/screenshot_20250513_070739_allegro.jpg","width":1080,"height":1002},{"@type":"BreadcrumbList","@id":"https:\/\/fibercrafters.pl\/produkt\/drewniany-ring-uchwyt-obrecz-65mm-do-rekodziela-1szt\/#breadcrumb","itemListElement":[{"@type":"ListItem","position":1,"name":"Strona g\u0142\u00f3wna","item":"https:\/\/fibercrafters.pl\/"},{"@type":"ListItem","position":2,"name":"Sklep","item":"https:\/\/fibercrafters.pl\/sklep\/"},{"@type":"ListItem","position":3,"name":"Drewniany ring uchwyt obr\u0119cz 65mm do r\u0119kodzie\u0142a 1szt"}]},{"@type":"WebSite","@id":"https:\/\/fibercrafters.pl\/#website","url":"https:\/\/fibercrafters.pl\/","name":"Fibercrafters","description":"Sznurki do szycia","publisher":{"@id":"https:\/\/fibercrafters.pl\/#organization"},"potentialAction":[{"@type":"SearchAction","target":{"@type":"EntryPoint","urlTemplate":"https:\/\/fibercrafters.pl\/?s={search_term_string}"},"query-input":{"@type":"PropertyValueSpecification","valueRequired":true,"valueName":"search_term_string"}}],"inLanguage":"en-US"},{"@type":"Organization","@id":"https:\/\/fibercrafters.pl\/#organization","name":"Fibercrafters","url":"https:\/\/fibercrafters.pl\/","logo":{"@type":"ImageObject","inLanguage":"en-US","@id":"https:\/\/fibercrafters.pl\/#\/schema\/logo\/image\/","url":"https:\/\/fibercrafters.pl\/wp-content\/uploads\/2025\/01\/cropped-fibercraft-1.webp","contentUrl":"https:\/\/fibercrafters.pl\/wp-content\/uploads\/2025\/01\/cropped-fibercraft-1.webp","width":267,"height":144,"caption":"Fibercrafters"},"image":{"@id":"https:\/\/fibercrafters.pl\/#\/schema\/logo\/image\/"},"sameAs":["https:\/\/www.facebook.com\/people\/Fiber-Crafters\/61562841616266\/","https:\/\/www.instagram.com\/fiber.crafters\/"]}]}},"_links":{"self":[{"href":"https:\/\/fibercrafters.pl\/en\/wp-json\/wp\/v2\/product\/4141","targetHints":{"allow":["GET"]}}],"collection":[{"href":"https:\/\/fibercrafters.pl\/en\/wp-json\/wp\/v2\/product"}],"about":[{"href":"https:\/\/fibercrafters.pl\/en\/wp-json\/wp\/v2\/types\/product"}],"wp:featuredmedia":[{"embeddable":true,"href":"https:\/\/fibercrafters.pl\/en\/wp-json\/wp\/v2\/media\/4145"}],"wp:attachment":[{"href":"https:\/\/fibercrafters.pl\/en\/wp-json\/wp\/v2\/media?parent=4141"}],"wp:term":[{"taxonomy":"product_brand","embeddable":true,"href":"https:\/\/fibercrafters.pl\/en\/wp-json\/wp\/v2\/product_brand?post=4141"},{"taxonomy":"product_cat","embeddable":true,"href":"https:\/\/fibercrafters.pl\/en\/wp-json\/wp\/v2\/product_cat?post=4141"},{"taxonomy":"product_tag","embeddable":true,"href":"https:\/\/fibercrafters.pl\/en\/wp-json\/wp\/v2\/product_tag?post=4141"}],"curies":[{"name":"wp","href":"https:\/\/api.w.org\/{rel}","templated":true}]}}