{"id":4136,"date":"2025-05-11T09:00:56","date_gmt":"2025-05-11T07:00:56","guid":{"rendered":"https:\/\/fibercrafters.pl\/?post_type=product&#038;p=4136"},"modified":"2026-03-17T22:09:40","modified_gmt":"2026-03-17T21:09:40","slug":"klapka-moon-do-torebki-olej-21x27cm-3-magnesy-czekolada","status":"publish","type":"product","link":"https:\/\/fibercrafters.pl\/en\/product\/klapka-moon-do-torebki-olej-21x27cm-3-magnesy-czekolada\/","title":{"rendered":"klapka CLASSIC do torebki  21x27cm 3 MAGNESY CZEKOLADA"},"content":{"rendered":"<p>Dzi\u0119ki naszej unikatowej metodzie klapk\u0119 mo\u017cesz z \u0142atwo\u015bci\u0105 wszy\u0107 bezpo\u015brednio w gotowy produkt \u2013 koniec z problematycznymi nitami i zaczepami!<\/p>\n<p>PROSTOTA I KOMFORT \u2013 sk\u00f3ra w newralgicznych miejscach jest odpowiednio cienka, co pozwala na szycie za pomoc\u0105 zwyk\u0142ej, domowej maszyny do szycia. Niezale\u017cnie od tego, czy jeste\u015b profesjonalist\u0105, czy pasjonatem r\u0119kodzie\u0142a, nasze akcesoria u\u0142atwi\u0105 Ci prac\u0119!<\/p>\n<p><strong>Klapk\u0119 mo\u017cesz wszy\u0107, naszy\u0107, podwin\u0105\u0107, przestebnowa\u0107.<\/strong><\/p>\n<p>\u2013 Wyj\u0105tkowa jako\u015b\u0107<br \/>\n\u2013 Bezproblemowe wszywanie<br \/>\n\u2013 Idealne dla ka\u017cdego rzemie\u015blnika<\/p>\n<p>Odkryj nasz\u0105 ofert\u0119 i stw\u00f3rz torebk\u0119 swoich marze\u0144 z najlepszymi akcesoriami, kt\u00f3re znajdziesz TYLKO U NAS!<\/p>\n<p>Zar\u00f3wno sk\u00f3ra jak i okucia s\u0105 produktami polskimi produkowanymi z najwy\u017cszej jako\u015bci sk\u00f3ry naturalnej, garbowanej metod\u0105 bezchromow\u0105, sk\u00f3ra posiada certyfikat CE.<\/p>\n<p>&nbsp;<\/p>\n<p><strong>Dane szczeg\u00f3\u0142owe:<\/strong><\/p>\n<p>Materia\u0142 &#8211; Sk\u00f3ra naturalna juchtowa, olejowana, garbowana bezchromowo, certyfikat CE<\/p>\n<p>Okucia bezniklowe w kolorze <strong>SREBRNYM<\/strong><\/p>\n<p>Wielko\u015b\u0107 21x27cm<\/p>\n<p>Grubo\u015b\u0107 sk\u00f3ry &#8211; 3 mm<\/p>\n<p>Kolor <strong>CZEKOLADA (na zdj\u0119ciach torba z klapk\u0105 w kolorze OLEJ)<\/strong><\/p>\n<p>Klapka posiada uchwyt(r\u0105czk\u0119), mocowana na 3 magnesy. Dodatkowo GRATIS dodajemy ozdobny, sk\u00f3rzany uchwyt<\/p>\n<p>&nbsp;<\/p>\n<p>&nbsp;<\/p>\n<p><strong>Wa\u017cne informacje:<\/strong><\/p>\n<p>Akcesoria sk\u00f3rzane wykonane s\u0105 z najszlachetniejszej polskiej, certyfikowanej, atestowanej juchtowej skory naturalnej.<\/p>\n<p>Dbaj\u0105c o Twoje zdrowie i bezpiecze\u0144stwo sk\u00f3ra garbowana jest ro\u015blinnie. Jest to naturalny spos\u00f3b przetwarzania sk\u00f3r zwierz\u0119cych bez u\u017cycia szkodliwych substancji chemicznych.<\/p>\n<p>Okucia s\u0105 produkowane w Polsce z materia\u0142\u00f3w bezniklowych, dzi\u0119ki czemu s\u0105 bardzo bezpieczne dla u\u017cytkownik\u00f3w.<\/p>\n<p>SK\u00d3RA JUCHTOWA zaliczana jest do najszlachetniejszych sk\u00f3r. Jest bardzo wytrzyma\u0142a. Jest niemalowana a jej naturalny odcie\u0144 z czasem nabiera ciemniejszego koloru.<\/p>\n<p>SK\u00d3RA OLEJOWANA \u2013 elastyczna i wytrzyma\u0142a gruba sk\u00f3ra licowa. Bardzo odporna na zginanie, rozci\u0105ganie czy otarcia. Podczas garbowania jest moczona w naturalnych gor\u0105cych olejach, co nadaje jej niebywa\u0142ej trwa\u0142o\u015bci.<\/p>\n<p>Wszelkie \u015blady zadrapa\u0144, blizn nie s\u0105 wad\u0105 materia\u0142u, ale potwierdzeniem jego naturalnego pochodzenia i ze wzgl\u0119du na swoj\u0105 natur\u0119 nie podlegaj\u0105 reklamacji.<\/p>\n<p>Ka\u017cdy produkt posiada wszelkie atesty oraz CERTYFIKAT CE.<\/p>","protected":false},"excerpt":{"rendered":"<p>Dzi\u0119ki naszej unikatowej metodzie klapk\u0119 mo\u017cesz z \u0142atwo\u015bci\u0105 wszy\u0107 bezpo\u015brednio w gotowy produkt \u2013 koniec z problematycznymi nitami i zaczepami!&#8230;<\/p>","protected":false},"featured_media":4130,"template":"","meta":[],"product_brand":[],"product_cat":[98],"product_tag":[],"class_list":{"0":"post-4136","1":"product","2":"type-product","3":"status-publish","4":"has-post-thumbnail","6":"product_cat-dodatki-ze-skory-naturalnej","8":"first","9":"instock","10":"shipping-taxable","11":"purchasable","12":"product-type-simple"},"yoast_head":"<!-- This site is optimized with the Yoast SEO plugin v26.7 - https:\/\/yoast.com\/wordpress\/plugins\/seo\/ -->\n<title>klapka CLASSIC do torebki 21x27cm 3 MAGNESY CZEKOLADA | Fibercrafters<\/title>\n<meta name=\"robots\" content=\"index, follow, max-snippet:-1, max-image-preview:large, max-video-preview:-1\" \/>\n<link rel=\"canonical\" href=\"https:\/\/fibercrafters.pl\/en\/product\/klapka-moon-do-torebki-olej-21x27cm-3-magnesy-czekolada\/\" \/>\n<meta property=\"og:locale\" content=\"en_US\" \/>\n<meta property=\"og:type\" content=\"article\" \/>\n<meta property=\"og:title\" content=\"klapka CLASSIC do torebki 21x27cm 3 MAGNESY CZEKOLADA | Fibercrafters\" \/>\n<meta property=\"og:description\" content=\"Dzi\u0119ki naszej unikatowej metodzie klapk\u0119 mo\u017cesz z \u0142atwo\u015bci\u0105 wszy\u0107 bezpo\u015brednio w gotowy produkt \u2013 koniec z problematycznymi nitami i zaczepami!...\" \/>\n<meta property=\"og:url\" content=\"https:\/\/fibercrafters.pl\/en\/product\/klapka-moon-do-torebki-olej-21x27cm-3-magnesy-czekolada\/\" \/>\n<meta property=\"og:site_name\" content=\"Fibercrafters\" \/>\n<meta property=\"article:publisher\" content=\"https:\/\/www.facebook.com\/people\/Fiber-Crafters\/61562841616266\/\" \/>\n<meta property=\"article:modified_time\" content=\"2026-03-17T21:09:40+00:00\" \/>\n<meta property=\"og:image\" content=\"https:\/\/fibercrafters.pl\/wp-content\/uploads\/2025\/05\/messenger_creation_6a74543a-f38b-492f-9985-972c57a0f05b.jpeg\" \/>\n\t<meta property=\"og:image:width\" content=\"1600\" \/>\n\t<meta property=\"og:image:height\" content=\"1600\" \/>\n\t<meta property=\"og:image:type\" content=\"image\/jpeg\" \/>\n<meta name=\"twitter:card\" content=\"summary_large_image\" \/>\n<meta name=\"twitter:label1\" content=\"Est. reading time\" \/>\n\t<meta name=\"twitter:data1\" content=\"2 minutes\" \/>\n<script type=\"application\/ld+json\" class=\"yoast-schema-graph\">{\"@context\":\"https:\/\/schema.org\",\"@graph\":[{\"@type\":\"WebPage\",\"@id\":\"https:\/\/fibercrafters.pl\/produkt\/klapka-moon-do-torebki-olej-21x27cm-3-magnesy-czekolada\/\",\"url\":\"https:\/\/fibercrafters.pl\/produkt\/klapka-moon-do-torebki-olej-21x27cm-3-magnesy-czekolada\/\",\"name\":\"klapka CLASSIC do torebki 21x27cm 3 MAGNESY CZEKOLADA | Fibercrafters\",\"isPartOf\":{\"@id\":\"https:\/\/fibercrafters.pl\/#website\"},\"primaryImageOfPage\":{\"@id\":\"https:\/\/fibercrafters.pl\/produkt\/klapka-moon-do-torebki-olej-21x27cm-3-magnesy-czekolada\/#primaryimage\"},\"image\":{\"@id\":\"https:\/\/fibercrafters.pl\/produkt\/klapka-moon-do-torebki-olej-21x27cm-3-magnesy-czekolada\/#primaryimage\"},\"thumbnailUrl\":\"https:\/\/fibercrafters.pl\/wp-content\/uploads\/2025\/05\/messenger_creation_6a74543a-f38b-492f-9985-972c57a0f05b.jpeg\",\"datePublished\":\"2025-05-11T07:00:56+00:00\",\"dateModified\":\"2026-03-17T21:09:40+00:00\",\"breadcrumb\":{\"@id\":\"https:\/\/fibercrafters.pl\/produkt\/klapka-moon-do-torebki-olej-21x27cm-3-magnesy-czekolada\/#breadcrumb\"},\"inLanguage\":\"en-US\",\"potentialAction\":[{\"@type\":\"ReadAction\",\"target\":[\"https:\/\/fibercrafters.pl\/produkt\/klapka-moon-do-torebki-olej-21x27cm-3-magnesy-czekolada\/\"]}]},{\"@type\":\"ImageObject\",\"inLanguage\":\"en-US\",\"@id\":\"https:\/\/fibercrafters.pl\/produkt\/klapka-moon-do-torebki-olej-21x27cm-3-magnesy-czekolada\/#primaryimage\",\"url\":\"https:\/\/fibercrafters.pl\/wp-content\/uploads\/2025\/05\/messenger_creation_6a74543a-f38b-492f-9985-972c57a0f05b.jpeg\",\"contentUrl\":\"https:\/\/fibercrafters.pl\/wp-content\/uploads\/2025\/05\/messenger_creation_6a74543a-f38b-492f-9985-972c57a0f05b.jpeg\",\"width\":1600,\"height\":1600},{\"@type\":\"BreadcrumbList\",\"@id\":\"https:\/\/fibercrafters.pl\/produkt\/klapka-moon-do-torebki-olej-21x27cm-3-magnesy-czekolada\/#breadcrumb\",\"itemListElement\":[{\"@type\":\"ListItem\",\"position\":1,\"name\":\"Strona g\u0142\u00f3wna\",\"item\":\"https:\/\/fibercrafters.pl\/\"},{\"@type\":\"ListItem\",\"position\":2,\"name\":\"Sklep\",\"item\":\"https:\/\/fibercrafters.pl\/sklep\/\"},{\"@type\":\"ListItem\",\"position\":3,\"name\":\"klapka CLASSIC do torebki 21x27cm 3 MAGNESY CZEKOLADA\"}]},{\"@type\":\"WebSite\",\"@id\":\"https:\/\/fibercrafters.pl\/#website\",\"url\":\"https:\/\/fibercrafters.pl\/\",\"name\":\"Fibercrafters\",\"description\":\"Sznurki do szycia\",\"publisher\":{\"@id\":\"https:\/\/fibercrafters.pl\/#organization\"},\"potentialAction\":[{\"@type\":\"SearchAction\",\"target\":{\"@type\":\"EntryPoint\",\"urlTemplate\":\"https:\/\/fibercrafters.pl\/?s={search_term_string}\"},\"query-input\":{\"@type\":\"PropertyValueSpecification\",\"valueRequired\":true,\"valueName\":\"search_term_string\"}}],\"inLanguage\":\"en-US\"},{\"@type\":\"Organization\",\"@id\":\"https:\/\/fibercrafters.pl\/#organization\",\"name\":\"Fibercrafters\",\"url\":\"https:\/\/fibercrafters.pl\/\",\"logo\":{\"@type\":\"ImageObject\",\"inLanguage\":\"en-US\",\"@id\":\"https:\/\/fibercrafters.pl\/#\/schema\/logo\/image\/\",\"url\":\"https:\/\/fibercrafters.pl\/wp-content\/uploads\/2025\/01\/cropped-fibercraft-1.webp\",\"contentUrl\":\"https:\/\/fibercrafters.pl\/wp-content\/uploads\/2025\/01\/cropped-fibercraft-1.webp\",\"width\":267,\"height\":144,\"caption\":\"Fibercrafters\"},\"image\":{\"@id\":\"https:\/\/fibercrafters.pl\/#\/schema\/logo\/image\/\"},\"sameAs\":[\"https:\/\/www.facebook.com\/people\/Fiber-Crafters\/61562841616266\/\",\"https:\/\/www.instagram.com\/fiber.crafters\/\"]}]}<\/script>\n<!-- \/ Yoast SEO plugin. -->","yoast_head_json":{"title":"klapka CLASSIC do torebki 21x27cm 3 MAGNESY CZEKOLADA | Fibercrafters","robots":{"index":"index","follow":"follow","max-snippet":"max-snippet:-1","max-image-preview":"max-image-preview:large","max-video-preview":"max-video-preview:-1"},"canonical":"https:\/\/fibercrafters.pl\/en\/product\/klapka-moon-do-torebki-olej-21x27cm-3-magnesy-czekolada\/","og_locale":"en_US","og_type":"article","og_title":"klapka CLASSIC do torebki 21x27cm 3 MAGNESY CZEKOLADA | Fibercrafters","og_description":"Dzi\u0119ki naszej unikatowej metodzie klapk\u0119 mo\u017cesz z \u0142atwo\u015bci\u0105 wszy\u0107 bezpo\u015brednio w gotowy produkt \u2013 koniec z problematycznymi nitami i zaczepami!...","og_url":"https:\/\/fibercrafters.pl\/en\/product\/klapka-moon-do-torebki-olej-21x27cm-3-magnesy-czekolada\/","og_site_name":"Fibercrafters","article_publisher":"https:\/\/www.facebook.com\/people\/Fiber-Crafters\/61562841616266\/","article_modified_time":"2026-03-17T21:09:40+00:00","og_image":[{"width":1600,"height":1600,"url":"https:\/\/fibercrafters.pl\/wp-content\/uploads\/2025\/05\/messenger_creation_6a74543a-f38b-492f-9985-972c57a0f05b.jpeg","type":"image\/jpeg"}],"twitter_card":"summary_large_image","twitter_misc":{"Est. reading time":"2 minutes"},"schema":{"@context":"https:\/\/schema.org","@graph":[{"@type":"WebPage","@id":"https:\/\/fibercrafters.pl\/produkt\/klapka-moon-do-torebki-olej-21x27cm-3-magnesy-czekolada\/","url":"https:\/\/fibercrafters.pl\/produkt\/klapka-moon-do-torebki-olej-21x27cm-3-magnesy-czekolada\/","name":"klapka CLASSIC do torebki 21x27cm 3 MAGNESY CZEKOLADA | Fibercrafters","isPartOf":{"@id":"https:\/\/fibercrafters.pl\/#website"},"primaryImageOfPage":{"@id":"https:\/\/fibercrafters.pl\/produkt\/klapka-moon-do-torebki-olej-21x27cm-3-magnesy-czekolada\/#primaryimage"},"image":{"@id":"https:\/\/fibercrafters.pl\/produkt\/klapka-moon-do-torebki-olej-21x27cm-3-magnesy-czekolada\/#primaryimage"},"thumbnailUrl":"https:\/\/fibercrafters.pl\/wp-content\/uploads\/2025\/05\/messenger_creation_6a74543a-f38b-492f-9985-972c57a0f05b.jpeg","datePublished":"2025-05-11T07:00:56+00:00","dateModified":"2026-03-17T21:09:40+00:00","breadcrumb":{"@id":"https:\/\/fibercrafters.pl\/produkt\/klapka-moon-do-torebki-olej-21x27cm-3-magnesy-czekolada\/#breadcrumb"},"inLanguage":"en-US","potentialAction":[{"@type":"ReadAction","target":["https:\/\/fibercrafters.pl\/produkt\/klapka-moon-do-torebki-olej-21x27cm-3-magnesy-czekolada\/"]}]},{"@type":"ImageObject","inLanguage":"en-US","@id":"https:\/\/fibercrafters.pl\/produkt\/klapka-moon-do-torebki-olej-21x27cm-3-magnesy-czekolada\/#primaryimage","url":"https:\/\/fibercrafters.pl\/wp-content\/uploads\/2025\/05\/messenger_creation_6a74543a-f38b-492f-9985-972c57a0f05b.jpeg","contentUrl":"https:\/\/fibercrafters.pl\/wp-content\/uploads\/2025\/05\/messenger_creation_6a74543a-f38b-492f-9985-972c57a0f05b.jpeg","width":1600,"height":1600},{"@type":"BreadcrumbList","@id":"https:\/\/fibercrafters.pl\/produkt\/klapka-moon-do-torebki-olej-21x27cm-3-magnesy-czekolada\/#breadcrumb","itemListElement":[{"@type":"ListItem","position":1,"name":"Strona g\u0142\u00f3wna","item":"https:\/\/fibercrafters.pl\/"},{"@type":"ListItem","position":2,"name":"Sklep","item":"https:\/\/fibercrafters.pl\/sklep\/"},{"@type":"ListItem","position":3,"name":"klapka CLASSIC do torebki 21x27cm 3 MAGNESY CZEKOLADA"}]},{"@type":"WebSite","@id":"https:\/\/fibercrafters.pl\/#website","url":"https:\/\/fibercrafters.pl\/","name":"Fibercrafters","description":"Sznurki do szycia","publisher":{"@id":"https:\/\/fibercrafters.pl\/#organization"},"potentialAction":[{"@type":"SearchAction","target":{"@type":"EntryPoint","urlTemplate":"https:\/\/fibercrafters.pl\/?s={search_term_string}"},"query-input":{"@type":"PropertyValueSpecification","valueRequired":true,"valueName":"search_term_string"}}],"inLanguage":"en-US"},{"@type":"Organization","@id":"https:\/\/fibercrafters.pl\/#organization","name":"Fibercrafters","url":"https:\/\/fibercrafters.pl\/","logo":{"@type":"ImageObject","inLanguage":"en-US","@id":"https:\/\/fibercrafters.pl\/#\/schema\/logo\/image\/","url":"https:\/\/fibercrafters.pl\/wp-content\/uploads\/2025\/01\/cropped-fibercraft-1.webp","contentUrl":"https:\/\/fibercrafters.pl\/wp-content\/uploads\/2025\/01\/cropped-fibercraft-1.webp","width":267,"height":144,"caption":"Fibercrafters"},"image":{"@id":"https:\/\/fibercrafters.pl\/#\/schema\/logo\/image\/"},"sameAs":["https:\/\/www.facebook.com\/people\/Fiber-Crafters\/61562841616266\/","https:\/\/www.instagram.com\/fiber.crafters\/"]}]}},"_links":{"self":[{"href":"https:\/\/fibercrafters.pl\/en\/wp-json\/wp\/v2\/product\/4136","targetHints":{"allow":["GET"]}}],"collection":[{"href":"https:\/\/fibercrafters.pl\/en\/wp-json\/wp\/v2\/product"}],"about":[{"href":"https:\/\/fibercrafters.pl\/en\/wp-json\/wp\/v2\/types\/product"}],"wp:featuredmedia":[{"embeddable":true,"href":"https:\/\/fibercrafters.pl\/en\/wp-json\/wp\/v2\/media\/4130"}],"wp:attachment":[{"href":"https:\/\/fibercrafters.pl\/en\/wp-json\/wp\/v2\/media?parent=4136"}],"wp:term":[{"taxonomy":"product_brand","embeddable":true,"href":"https:\/\/fibercrafters.pl\/en\/wp-json\/wp\/v2\/product_brand?post=4136"},{"taxonomy":"product_cat","embeddable":true,"href":"https:\/\/fibercrafters.pl\/en\/wp-json\/wp\/v2\/product_cat?post=4136"},{"taxonomy":"product_tag","embeddable":true,"href":"https:\/\/fibercrafters.pl\/en\/wp-json\/wp\/v2\/product_tag?post=4136"}],"curies":[{"name":"wp","href":"https:\/\/api.w.org\/{rel}","templated":true}]}}