{"id":3924,"date":"2025-04-13T09:27:36","date_gmt":"2025-04-13T07:27:36","guid":{"rendered":"https:\/\/fibercrafters.pl\/?post_type=product&#038;p=3924"},"modified":"2026-03-17T22:09:55","modified_gmt":"2026-03-17T21:09:55","slug":"komplet-ucho-raczka-skorzany-uchwyt-do-torebki-olej-do-wszycia-65cm","status":"publish","type":"product","link":"https:\/\/fibercrafters.pl\/en\/product\/komplet-ucho-raczka-skorzany-uchwyt-do-torebki-olej-do-wszycia-65cm\/","title":{"rendered":"komplet UCHO r\u0105czka sk\u00f3rzany uchwyt do torebki OLEJ do WSZYCIA 65cm"},"content":{"rendered":"<h2>Sk\u00f3rzany zestaw r\u0105czek i uszu do torebki<\/h2>\n<p>Dost\u0119pny w naszej ofercie komplet <strong>sk\u00f3rzanych r\u0105czek<\/strong><strong> do torebki<\/strong> to praktyczne, estetyczne rozwi\u0105zanie dla os\u00f3b tworz\u0105cych torby handmade, koszyki ze sznurka, torebki szyde\u0142kowe lub szyte z tkanin i dzianin. Mog\u0105 po nie si\u0119gn\u0105\u0107 r\u00f3wnie\u017c osoby, kt\u00f3rych torebka uleg\u0142a uszkodzeniu. Zestaw sk\u0142ada si\u0119 z dw\u00f3ch element\u00f3w wykonanych z wysokiej jako\u015bci sk\u00f3ry naturalnej typu jucht, charakteryzuj\u0105cej si\u0119 du\u017c\u0105 wytrzyma\u0142o\u015bci\u0105, elastyczno\u015bci\u0105 oraz eleganckim, lekko olejowanym wyko\u0144czeniem.<\/p>\n<h2>\u0141atwy monta\u017c i szerokie mo\u017cliwo\u015bci zastosowania<\/h2>\n<p>W produkcie tym zastosowali\u015bmy specjaln\u0105 technologi\u0119 odpowiedniego \u015bcienienia sk\u00f3ry w miejscu wszycia. Powoduje to, \u017ce <strong>sk\u00f3rzane r\u0105czki do torebki<\/strong> mo\u017cesz z \u0142atwo\u015bci\u0105 wykorzysta\u0107 do monta\u017cu bez konieczno\u015bci r\u0119cznego szycia grub\u0105 ig\u0142\u0105 czy u\u017cycia nit\u00f3w. U\u0142atwia to prac\u0119, skraca czas wykonania projektu, a jednocze\u015bnie pozwala zachowa\u0107 estetyczne, czyste wyko\u0144czenie. Uchwyty mo\u017cesz wszy\u0107 bezpo\u015brednio w sznurek, ta\u015bm\u0119 b\u0105d\u017a materia\u0142, a tak\u017ce naszy\u0107 lub przestebnowa\u0107. Wszystko zale\u017cy od konstrukcji torebki i Twojej indywidualnej koncepcji projektu.<\/p>\n<h3>Komfort u\u017cytkowania i trwa\u0142o\u015b\u0107<\/h3>\n<p><strong>Sk\u00f3rzane uszy do torebki<\/strong> znakomicie sprawdzaj\u0105 si\u0119 zar\u00f3wno w lekkich, codziennych torbach, jak i w bardziej masywnych formach, gdzie du\u017ce znaczenie maj\u0105 trwa\u0142o\u015b\u0107, a tak\u017ce komfort noszenia. Naturalna sk\u00f3ra dobrze uk\u0142ada si\u0119 w d\u0142oni, nie odkszta\u0142ca si\u0119 oraz zachowuje swoje w\u0142a\u015bciwo\u015bci przy intensywnym u\u017cytkowaniu. Proponowany zestaw mo\u017cesz stosowa\u0107 jako kr\u00f3tkie r\u0105czki lub elementy no\u015bne w torebkach noszonych na ramieniu.<\/p>\n<h3>Naturalna sk\u00f3ra z certyfikatem<\/h3>\n<p>Uchwyty tworzymy z wykorzystaniem certyfikowanej sk\u00f3ry naturalnej, garbowanej metod\u0105 bezchromow\u0105. Sprawia to, \u017ce mog\u0105 po nie bez obaw si\u0119ga\u0107 osoby zwracaj\u0105ce uwag\u0119 na jako\u015b\u0107 materia\u0142\u00f3w i proces produkcji. Warto r\u00f3wnie\u017c podkre\u015bli\u0107, \u017ce <strong>sk\u00f3rzane uszy do torebek<\/strong> zachowuj\u0105 naturalny charakter sk\u00f3ry, drobne r\u00f3\u017cnice w fakturze i odcieniu podkre\u015blaj\u0105 z kolei jego unikalno\u015b\u0107. Z\u0142\u00f3\u017c zam\u00f3wienie i ciesz si\u0119 solidnym uzupe\u0142nieniem ka\u017cdego projektu handmade.<\/p>\n<p>&nbsp;<\/p>\n<p><strong>Dane szczeg\u00f3\u0142owe:<\/strong><\/p>\n<p>Materia\u0142 &#8211; Sk\u00f3ra naturalna juchtowa, olejowana, garbowana bezchromowo, certyfikat CE<\/p>\n<p>Wielko\u015b\u0107 18x65cm<\/p>\n<p>Grubo\u015b\u0107 sk\u00f3ry &#8211; 2,2 mm<\/p>\n<p>Kolor <strong>OLEJ<\/strong><\/p>\n<p>&nbsp;<\/p>\n<p><strong>Wa\u017cne informacje:<\/strong><\/p>\n<p>Akcesoria sk\u00f3rzane wykonane s\u0105 z najszlachetniejszej polskiej, certyfikowanej, atestowanej juchtowej skory naturalnej.<\/p>\n<p>Dbaj\u0105c o Twoje zdrowie i bezpiecze\u0144stwo sk\u00f3ra garbowana jest ro\u015blinnie. Jest to naturalny spos\u00f3b przetwarzania sk\u00f3r zwierz\u0119cych bez u\u017cycia szkodliwych substancji chemicznych.<\/p>\n<p>Okucia s\u0105 produkowane w Polsce z materia\u0142\u00f3w bezniklowych, dzi\u0119ki czemu s\u0105 bardzo bezpieczne dla u\u017cytkownik\u00f3w.<\/p>\n<p>SK\u00d3RA JUCHTOWA zaliczana jest do najszlachetniejszych sk\u00f3r. Jest bardzo wytrzyma\u0142a. Jest niemalowana a jej naturalny odcie\u0144 z czasem nabiera ciemniejszego koloru.<\/p>\n<p>SK\u00d3RA OLEJOWANA \u2013 elastyczna i wytrzyma\u0142a gruba sk\u00f3ra licowa. Bardzo odporna na zginanie, rozci\u0105ganie czy otarcia. Podczas garbowania jest moczona w naturalnych gor\u0105cych olejach, co nadaje jej niebywa\u0142ej trwa\u0142o\u015bci.<\/p>\n<p>Wszelkie \u015blady zadrapa\u0144, blizn nie s\u0105 wad\u0105 materia\u0142u, ale potwierdzeniem jego naturalnego pochodzenia i ze wzgl\u0119du na swoj\u0105 natur\u0119 nie podlegaj\u0105 reklamacji.<\/p>\n<p>Ka\u017cdy produkt posiada wszelkie atesty oraz CERTYFIKAT CE.<\/p>","protected":false},"excerpt":{"rendered":"<p>Sk\u00f3rzany zestaw r\u0105czek i uszu do torebki Dost\u0119pny w naszej ofercie komplet sk\u00f3rzanych r\u0105czek do torebki to praktyczne, estetyczne rozwi\u0105zanie&#8230;<\/p>","protected":false},"featured_media":3925,"template":"","meta":[],"product_brand":[],"product_cat":[98],"product_tag":[],"class_list":{"0":"post-3924","1":"product","2":"type-product","3":"status-publish","4":"has-post-thumbnail","6":"product_cat-dodatki-ze-skory-naturalnej","8":"first","9":"instock","10":"shipping-taxable","11":"purchasable","12":"product-type-simple"},"yoast_head":"<!-- This site is optimized with the Yoast SEO plugin v26.7 - https:\/\/yoast.com\/wordpress\/plugins\/seo\/ -->\n<title>Uszy do torebek sk\u00f3rzane, komplet r\u0105czek ucho do torebki olej do wszycia 65cm | Fibercrafters<\/title>\n<meta name=\"description\" content=\"Sk\u00f3rzane r\u0105czki do torebki 65 cm w odcieniu oleju. Uszy do torebek sk\u00f3rzanych \u2013 eleganckie oraz wygodne, gotowe do wszycia. Sprawd\u017a ju\u017c dzi\u015b!\" \/>\n<meta name=\"robots\" content=\"index, follow, max-snippet:-1, max-image-preview:large, max-video-preview:-1\" \/>\n<link rel=\"canonical\" href=\"https:\/\/fibercrafters.pl\/en\/product\/komplet-ucho-raczka-skorzany-uchwyt-do-torebki-olej-do-wszycia-65cm\/\" \/>\n<meta property=\"og:locale\" content=\"en_US\" \/>\n<meta property=\"og:type\" content=\"article\" \/>\n<meta property=\"og:title\" content=\"Uszy do torebek sk\u00f3rzane, komplet r\u0105czek ucho do torebki olej do wszycia 65cm | Fibercrafters\" \/>\n<meta property=\"og:description\" content=\"Sk\u00f3rzane r\u0105czki do torebki 65 cm w odcieniu oleju. Uszy do torebek sk\u00f3rzanych \u2013 eleganckie oraz wygodne, gotowe do wszycia. Sprawd\u017a ju\u017c dzi\u015b!\" \/>\n<meta property=\"og:url\" content=\"https:\/\/fibercrafters.pl\/en\/product\/komplet-ucho-raczka-skorzany-uchwyt-do-torebki-olej-do-wszycia-65cm\/\" \/>\n<meta property=\"og:site_name\" content=\"Fibercrafters\" \/>\n<meta property=\"article:publisher\" content=\"https:\/\/www.facebook.com\/people\/Fiber-Crafters\/61562841616266\/\" \/>\n<meta property=\"article:modified_time\" content=\"2026-03-17T21:09:55+00:00\" \/>\n<meta property=\"og:image\" content=\"https:\/\/fibercrafters.pl\/wp-content\/uploads\/2025\/04\/20250405_091620-683x1024.png\" \/>\n\t<meta property=\"og:image:width\" content=\"683\" \/>\n\t<meta property=\"og:image:height\" content=\"1024\" \/>\n\t<meta property=\"og:image:type\" content=\"image\/png\" \/>\n<meta name=\"twitter:card\" content=\"summary_large_image\" \/>\n<meta name=\"twitter:label1\" content=\"Est. reading time\" \/>\n\t<meta name=\"twitter:data1\" content=\"2 minutes\" \/>\n<script type=\"application\/ld+json\" class=\"yoast-schema-graph\">{\"@context\":\"https:\/\/schema.org\",\"@graph\":[{\"@type\":\"WebPage\",\"@id\":\"https:\/\/fibercrafters.pl\/produkt\/komplet-ucho-raczka-skorzany-uchwyt-do-torebki-olej-do-wszycia-65cm\/\",\"url\":\"https:\/\/fibercrafters.pl\/produkt\/komplet-ucho-raczka-skorzany-uchwyt-do-torebki-olej-do-wszycia-65cm\/\",\"name\":\"Uszy do torebek sk\u00f3rzane, komplet r\u0105czek ucho do torebki olej do wszycia 65cm | Fibercrafters\",\"isPartOf\":{\"@id\":\"https:\/\/fibercrafters.pl\/#website\"},\"primaryImageOfPage\":{\"@id\":\"https:\/\/fibercrafters.pl\/produkt\/komplet-ucho-raczka-skorzany-uchwyt-do-torebki-olej-do-wszycia-65cm\/#primaryimage\"},\"image\":{\"@id\":\"https:\/\/fibercrafters.pl\/produkt\/komplet-ucho-raczka-skorzany-uchwyt-do-torebki-olej-do-wszycia-65cm\/#primaryimage\"},\"thumbnailUrl\":\"https:\/\/fibercrafters.pl\/wp-content\/uploads\/2025\/04\/20250405_091620.png\",\"datePublished\":\"2025-04-13T07:27:36+00:00\",\"dateModified\":\"2026-03-17T21:09:55+00:00\",\"description\":\"Sk\u00f3rzane r\u0105czki do torebki 65 cm w odcieniu oleju. Uszy do torebek sk\u00f3rzanych \u2013 eleganckie oraz wygodne, gotowe do wszycia. Sprawd\u017a ju\u017c dzi\u015b!\",\"breadcrumb\":{\"@id\":\"https:\/\/fibercrafters.pl\/produkt\/komplet-ucho-raczka-skorzany-uchwyt-do-torebki-olej-do-wszycia-65cm\/#breadcrumb\"},\"inLanguage\":\"en-US\",\"potentialAction\":[{\"@type\":\"ReadAction\",\"target\":[\"https:\/\/fibercrafters.pl\/produkt\/komplet-ucho-raczka-skorzany-uchwyt-do-torebki-olej-do-wszycia-65cm\/\"]}]},{\"@type\":\"ImageObject\",\"inLanguage\":\"en-US\",\"@id\":\"https:\/\/fibercrafters.pl\/produkt\/komplet-ucho-raczka-skorzany-uchwyt-do-torebki-olej-do-wszycia-65cm\/#primaryimage\",\"url\":\"https:\/\/fibercrafters.pl\/wp-content\/uploads\/2025\/04\/20250405_091620.png\",\"contentUrl\":\"https:\/\/fibercrafters.pl\/wp-content\/uploads\/2025\/04\/20250405_091620.png\",\"width\":1066,\"height\":1600},{\"@type\":\"BreadcrumbList\",\"@id\":\"https:\/\/fibercrafters.pl\/produkt\/komplet-ucho-raczka-skorzany-uchwyt-do-torebki-olej-do-wszycia-65cm\/#breadcrumb\",\"itemListElement\":[{\"@type\":\"ListItem\",\"position\":1,\"name\":\"Strona g\u0142\u00f3wna\",\"item\":\"https:\/\/fibercrafters.pl\/\"},{\"@type\":\"ListItem\",\"position\":2,\"name\":\"Sklep\",\"item\":\"https:\/\/fibercrafters.pl\/sklep\/\"},{\"@type\":\"ListItem\",\"position\":3,\"name\":\"komplet UCHO r\u0105czka sk\u00f3rzany uchwyt do torebki OLEJ do WSZYCIA 65cm\"}]},{\"@type\":\"WebSite\",\"@id\":\"https:\/\/fibercrafters.pl\/#website\",\"url\":\"https:\/\/fibercrafters.pl\/\",\"name\":\"Fibercrafters\",\"description\":\"Sznurki do szycia\",\"publisher\":{\"@id\":\"https:\/\/fibercrafters.pl\/#organization\"},\"potentialAction\":[{\"@type\":\"SearchAction\",\"target\":{\"@type\":\"EntryPoint\",\"urlTemplate\":\"https:\/\/fibercrafters.pl\/?s={search_term_string}\"},\"query-input\":{\"@type\":\"PropertyValueSpecification\",\"valueRequired\":true,\"valueName\":\"search_term_string\"}}],\"inLanguage\":\"en-US\"},{\"@type\":\"Organization\",\"@id\":\"https:\/\/fibercrafters.pl\/#organization\",\"name\":\"Fibercrafters\",\"url\":\"https:\/\/fibercrafters.pl\/\",\"logo\":{\"@type\":\"ImageObject\",\"inLanguage\":\"en-US\",\"@id\":\"https:\/\/fibercrafters.pl\/#\/schema\/logo\/image\/\",\"url\":\"https:\/\/fibercrafters.pl\/wp-content\/uploads\/2025\/01\/cropped-fibercraft-1.webp\",\"contentUrl\":\"https:\/\/fibercrafters.pl\/wp-content\/uploads\/2025\/01\/cropped-fibercraft-1.webp\",\"width\":267,\"height\":144,\"caption\":\"Fibercrafters\"},\"image\":{\"@id\":\"https:\/\/fibercrafters.pl\/#\/schema\/logo\/image\/\"},\"sameAs\":[\"https:\/\/www.facebook.com\/people\/Fiber-Crafters\/61562841616266\/\",\"https:\/\/www.instagram.com\/fiber.crafters\/\"]}]}<\/script>\n<!-- \/ Yoast SEO plugin. -->","yoast_head_json":{"title":"Uszy do torebek sk\u00f3rzane, komplet r\u0105czek ucho do torebki olej do wszycia 65cm | Fibercrafters","description":"Sk\u00f3rzane r\u0105czki do torebki 65 cm w odcieniu oleju. Uszy do torebek sk\u00f3rzanych \u2013 eleganckie oraz wygodne, gotowe do wszycia. Sprawd\u017a ju\u017c dzi\u015b!","robots":{"index":"index","follow":"follow","max-snippet":"max-snippet:-1","max-image-preview":"max-image-preview:large","max-video-preview":"max-video-preview:-1"},"canonical":"https:\/\/fibercrafters.pl\/en\/product\/komplet-ucho-raczka-skorzany-uchwyt-do-torebki-olej-do-wszycia-65cm\/","og_locale":"en_US","og_type":"article","og_title":"Uszy do torebek sk\u00f3rzane, komplet r\u0105czek ucho do torebki olej do wszycia 65cm | Fibercrafters","og_description":"Sk\u00f3rzane r\u0105czki do torebki 65 cm w odcieniu oleju. Uszy do torebek sk\u00f3rzanych \u2013 eleganckie oraz wygodne, gotowe do wszycia. Sprawd\u017a ju\u017c dzi\u015b!","og_url":"https:\/\/fibercrafters.pl\/en\/product\/komplet-ucho-raczka-skorzany-uchwyt-do-torebki-olej-do-wszycia-65cm\/","og_site_name":"Fibercrafters","article_publisher":"https:\/\/www.facebook.com\/people\/Fiber-Crafters\/61562841616266\/","article_modified_time":"2026-03-17T21:09:55+00:00","og_image":[{"width":683,"height":1024,"url":"https:\/\/fibercrafters.pl\/wp-content\/uploads\/2025\/04\/20250405_091620-683x1024.png","type":"image\/png"}],"twitter_card":"summary_large_image","twitter_misc":{"Est. reading time":"2 minutes"},"schema":{"@context":"https:\/\/schema.org","@graph":[{"@type":"WebPage","@id":"https:\/\/fibercrafters.pl\/produkt\/komplet-ucho-raczka-skorzany-uchwyt-do-torebki-olej-do-wszycia-65cm\/","url":"https:\/\/fibercrafters.pl\/produkt\/komplet-ucho-raczka-skorzany-uchwyt-do-torebki-olej-do-wszycia-65cm\/","name":"Uszy do torebek sk\u00f3rzane, komplet r\u0105czek ucho do torebki olej do wszycia 65cm | Fibercrafters","isPartOf":{"@id":"https:\/\/fibercrafters.pl\/#website"},"primaryImageOfPage":{"@id":"https:\/\/fibercrafters.pl\/produkt\/komplet-ucho-raczka-skorzany-uchwyt-do-torebki-olej-do-wszycia-65cm\/#primaryimage"},"image":{"@id":"https:\/\/fibercrafters.pl\/produkt\/komplet-ucho-raczka-skorzany-uchwyt-do-torebki-olej-do-wszycia-65cm\/#primaryimage"},"thumbnailUrl":"https:\/\/fibercrafters.pl\/wp-content\/uploads\/2025\/04\/20250405_091620.png","datePublished":"2025-04-13T07:27:36+00:00","dateModified":"2026-03-17T21:09:55+00:00","description":"Sk\u00f3rzane r\u0105czki do torebki 65 cm w odcieniu oleju. Uszy do torebek sk\u00f3rzanych \u2013 eleganckie oraz wygodne, gotowe do wszycia. Sprawd\u017a ju\u017c dzi\u015b!","breadcrumb":{"@id":"https:\/\/fibercrafters.pl\/produkt\/komplet-ucho-raczka-skorzany-uchwyt-do-torebki-olej-do-wszycia-65cm\/#breadcrumb"},"inLanguage":"en-US","potentialAction":[{"@type":"ReadAction","target":["https:\/\/fibercrafters.pl\/produkt\/komplet-ucho-raczka-skorzany-uchwyt-do-torebki-olej-do-wszycia-65cm\/"]}]},{"@type":"ImageObject","inLanguage":"en-US","@id":"https:\/\/fibercrafters.pl\/produkt\/komplet-ucho-raczka-skorzany-uchwyt-do-torebki-olej-do-wszycia-65cm\/#primaryimage","url":"https:\/\/fibercrafters.pl\/wp-content\/uploads\/2025\/04\/20250405_091620.png","contentUrl":"https:\/\/fibercrafters.pl\/wp-content\/uploads\/2025\/04\/20250405_091620.png","width":1066,"height":1600},{"@type":"BreadcrumbList","@id":"https:\/\/fibercrafters.pl\/produkt\/komplet-ucho-raczka-skorzany-uchwyt-do-torebki-olej-do-wszycia-65cm\/#breadcrumb","itemListElement":[{"@type":"ListItem","position":1,"name":"Strona g\u0142\u00f3wna","item":"https:\/\/fibercrafters.pl\/"},{"@type":"ListItem","position":2,"name":"Sklep","item":"https:\/\/fibercrafters.pl\/sklep\/"},{"@type":"ListItem","position":3,"name":"komplet UCHO r\u0105czka sk\u00f3rzany uchwyt do torebki OLEJ do WSZYCIA 65cm"}]},{"@type":"WebSite","@id":"https:\/\/fibercrafters.pl\/#website","url":"https:\/\/fibercrafters.pl\/","name":"Fibercrafters","description":"Sznurki do szycia","publisher":{"@id":"https:\/\/fibercrafters.pl\/#organization"},"potentialAction":[{"@type":"SearchAction","target":{"@type":"EntryPoint","urlTemplate":"https:\/\/fibercrafters.pl\/?s={search_term_string}"},"query-input":{"@type":"PropertyValueSpecification","valueRequired":true,"valueName":"search_term_string"}}],"inLanguage":"en-US"},{"@type":"Organization","@id":"https:\/\/fibercrafters.pl\/#organization","name":"Fibercrafters","url":"https:\/\/fibercrafters.pl\/","logo":{"@type":"ImageObject","inLanguage":"en-US","@id":"https:\/\/fibercrafters.pl\/#\/schema\/logo\/image\/","url":"https:\/\/fibercrafters.pl\/wp-content\/uploads\/2025\/01\/cropped-fibercraft-1.webp","contentUrl":"https:\/\/fibercrafters.pl\/wp-content\/uploads\/2025\/01\/cropped-fibercraft-1.webp","width":267,"height":144,"caption":"Fibercrafters"},"image":{"@id":"https:\/\/fibercrafters.pl\/#\/schema\/logo\/image\/"},"sameAs":["https:\/\/www.facebook.com\/people\/Fiber-Crafters\/61562841616266\/","https:\/\/www.instagram.com\/fiber.crafters\/"]}]}},"_links":{"self":[{"href":"https:\/\/fibercrafters.pl\/en\/wp-json\/wp\/v2\/product\/3924","targetHints":{"allow":["GET"]}}],"collection":[{"href":"https:\/\/fibercrafters.pl\/en\/wp-json\/wp\/v2\/product"}],"about":[{"href":"https:\/\/fibercrafters.pl\/en\/wp-json\/wp\/v2\/types\/product"}],"wp:featuredmedia":[{"embeddable":true,"href":"https:\/\/fibercrafters.pl\/en\/wp-json\/wp\/v2\/media\/3925"}],"wp:attachment":[{"href":"https:\/\/fibercrafters.pl\/en\/wp-json\/wp\/v2\/media?parent=3924"}],"wp:term":[{"taxonomy":"product_brand","embeddable":true,"href":"https:\/\/fibercrafters.pl\/en\/wp-json\/wp\/v2\/product_brand?post=3924"},{"taxonomy":"product_cat","embeddable":true,"href":"https:\/\/fibercrafters.pl\/en\/wp-json\/wp\/v2\/product_cat?post=3924"},{"taxonomy":"product_tag","embeddable":true,"href":"https:\/\/fibercrafters.pl\/en\/wp-json\/wp\/v2\/product_tag?post=3924"}],"curies":[{"name":"wp","href":"https:\/\/api.w.org\/{rel}","templated":true}]}}