{"id":3845,"date":"2025-03-29T12:05:14","date_gmt":"2025-03-29T11:05:14","guid":{"rendered":"https:\/\/fibercrafters.pl\/?post_type=product&#038;p=3845"},"modified":"2026-03-17T22:10:33","modified_gmt":"2026-03-17T21:10:33","slug":"komplet-ucho-raczka-skorzany-uchwyt-do-torebki-czarny-do-przyszycia-65cm","status":"publish","type":"product","link":"https:\/\/fibercrafters.pl\/en\/product\/komplet-ucho-raczka-skorzany-uchwyt-do-torebki-czarny-do-przyszycia-65cm\/","title":{"rendered":"komplet UCHO r\u0105czka sk\u00f3rzany uchwyt do torebki CZARNY do przyszycia 65cm"},"content":{"rendered":"<p>Komplet dw\u00f3ch sk\u00f3rzanych, juchtowych uchwyt\u00f3w (r\u0105czek).<\/p>\n<p>Do przyszycia, na 6 dziurek.<\/p>\n<p>Uchwyty s\u0105 produkowane z najwy\u017cszej jako\u015bci sk\u00f3ry naturalnej, garbowanej metod\u0105 bezchromow\u0105, sk\u00f3ra posiada certyfikat CE.<\/p>\n<p>&nbsp;<\/p>\n<p><strong>Dane szczeg\u00f3\u0142owe:<\/strong><\/p>\n<p>Materia\u0142 &#8211; Sk\u00f3ra naturalna juchtowa, olejowana, garbowana bezchromowo, certyfikat CE<\/p>\n<p>Wielko\u015b\u0107 18x65cm<\/p>\n<p>Grubo\u015b\u0107 sk\u00f3ry &#8211; 2,2 mm<\/p>\n<p>Kolor <strong>CZARNY<\/strong><\/p>\n<p>&nbsp;<\/p>\n<p><strong>Wa\u017cne informacje:<\/strong><\/p>\n<p>Akcesoria sk\u00f3rzane wykonane s\u0105 z najszlachetniejszej polskiej, certyfikowanej, atestowanej juchtowej skory naturalnej.<\/p>\n<p>Dbaj\u0105c o Twoje zdrowie i bezpiecze\u0144stwo sk\u00f3ra garbowana jest ro\u015blinnie. Jest to naturalny spos\u00f3b przetwarzania sk\u00f3r zwierz\u0119cych bez u\u017cycia szkodliwych substancji chemicznych.<\/p>\n<p>Okucia s\u0105 produkowane w Polsce z materia\u0142\u00f3w bezniklowych, dzi\u0119ki czemu s\u0105 bardzo bezpieczne dla u\u017cytkownik\u00f3w.<\/p>\n<p>SK\u00d3RA JUCHTOWA zaliczana jest do najszlachetniejszych sk\u00f3r. Jest bardzo wytrzyma\u0142a. Jest niemalowana a jej naturalny odcie\u0144 z czasem nabiera ciemniejszego koloru.<\/p>\n<p>SK\u00d3RA OLEJOWANA \u2013 elastyczna i wytrzyma\u0142a gruba sk\u00f3ra licowa. Bardzo odporna na zginanie, rozci\u0105ganie czy otarcia. Podczas garbowania jest moczona w naturalnych gor\u0105cych olejach, co nadaje jej niebywa\u0142ej trwa\u0142o\u015bci.<\/p>\n<p>Wszelkie \u015blady zadrapa\u0144, blizn nie s\u0105 wad\u0105 materia\u0142u, ale potwierdzeniem jego naturalnego pochodzenia i ze wzgl\u0119du na swoj\u0105 natur\u0119 nie podlegaj\u0105 reklamacji.<\/p>\n<p>Ka\u017cdy produkt posiada wszelkie atesty oraz CERTYFIKAT CE.<\/p>","protected":false},"excerpt":{"rendered":"<p>Komplet dw\u00f3ch sk\u00f3rzanych, juchtowych uchwyt\u00f3w (r\u0105czek). Do przyszycia, na 6 dziurek. Uchwyty s\u0105 produkowane z najwy\u017cszej jako\u015bci sk\u00f3ry naturalnej, garbowanej&#8230;<\/p>","protected":false},"featured_media":3837,"template":"","meta":[],"product_brand":[],"product_cat":[98],"product_tag":[],"class_list":{"0":"post-3845","1":"product","2":"type-product","3":"status-publish","4":"has-post-thumbnail","6":"product_cat-dodatki-ze-skory-naturalnej","8":"first","9":"instock","10":"shipping-taxable","11":"purchasable","12":"product-type-simple"},"yoast_head":"<!-- This site is optimized with the Yoast SEO plugin v26.7 - https:\/\/yoast.com\/wordpress\/plugins\/seo\/ -->\n<title>komplet UCHO r\u0105czka sk\u00f3rzany uchwyt do torebki CZARNY do przyszycia 65cm | Fibercrafters<\/title>\n<meta name=\"robots\" content=\"index, follow, max-snippet:-1, max-image-preview:large, max-video-preview:-1\" \/>\n<link rel=\"canonical\" href=\"https:\/\/fibercrafters.pl\/en\/product\/komplet-ucho-raczka-skorzany-uchwyt-do-torebki-czarny-do-przyszycia-65cm\/\" \/>\n<meta property=\"og:locale\" content=\"en_US\" \/>\n<meta property=\"og:type\" content=\"article\" \/>\n<meta property=\"og:title\" content=\"komplet UCHO r\u0105czka sk\u00f3rzany uchwyt do torebki CZARNY do przyszycia 65cm | Fibercrafters\" \/>\n<meta property=\"og:description\" content=\"Komplet dw\u00f3ch sk\u00f3rzanych, juchtowych uchwyt\u00f3w (r\u0105czek). Do przyszycia, na 6 dziurek. Uchwyty s\u0105 produkowane z najwy\u017cszej jako\u015bci sk\u00f3ry naturalnej, garbowanej...\" \/>\n<meta property=\"og:url\" content=\"https:\/\/fibercrafters.pl\/en\/product\/komplet-ucho-raczka-skorzany-uchwyt-do-torebki-czarny-do-przyszycia-65cm\/\" \/>\n<meta property=\"og:site_name\" content=\"Fibercrafters\" \/>\n<meta property=\"article:publisher\" content=\"https:\/\/www.facebook.com\/people\/Fiber-Crafters\/61562841616266\/\" \/>\n<meta property=\"article:modified_time\" content=\"2026-03-17T21:10:33+00:00\" \/>\n<meta property=\"og:image\" content=\"https:\/\/fibercrafters.pl\/wp-content\/uploads\/2025\/03\/20250328_173641-1024x600.jpg\" \/>\n\t<meta property=\"og:image:width\" content=\"1024\" \/>\n\t<meta property=\"og:image:height\" content=\"600\" \/>\n\t<meta property=\"og:image:type\" content=\"image\/jpeg\" \/>\n<meta name=\"twitter:card\" content=\"summary_large_image\" \/>\n<meta name=\"twitter:label1\" content=\"Est. reading time\" \/>\n\t<meta name=\"twitter:data1\" content=\"1 minute\" \/>\n<script type=\"application\/ld+json\" class=\"yoast-schema-graph\">{\"@context\":\"https:\/\/schema.org\",\"@graph\":[{\"@type\":\"WebPage\",\"@id\":\"https:\/\/fibercrafters.pl\/produkt\/komplet-ucho-raczka-skorzany-uchwyt-do-torebki-czarny-do-przyszycia-65cm\/\",\"url\":\"https:\/\/fibercrafters.pl\/produkt\/komplet-ucho-raczka-skorzany-uchwyt-do-torebki-czarny-do-przyszycia-65cm\/\",\"name\":\"komplet UCHO r\u0105czka sk\u00f3rzany uchwyt do torebki CZARNY do przyszycia 65cm | Fibercrafters\",\"isPartOf\":{\"@id\":\"https:\/\/fibercrafters.pl\/#website\"},\"primaryImageOfPage\":{\"@id\":\"https:\/\/fibercrafters.pl\/produkt\/komplet-ucho-raczka-skorzany-uchwyt-do-torebki-czarny-do-przyszycia-65cm\/#primaryimage\"},\"image\":{\"@id\":\"https:\/\/fibercrafters.pl\/produkt\/komplet-ucho-raczka-skorzany-uchwyt-do-torebki-czarny-do-przyszycia-65cm\/#primaryimage\"},\"thumbnailUrl\":\"https:\/\/fibercrafters.pl\/wp-content\/uploads\/2025\/03\/20250328_173641.jpg\",\"datePublished\":\"2025-03-29T11:05:14+00:00\",\"dateModified\":\"2026-03-17T21:10:33+00:00\",\"breadcrumb\":{\"@id\":\"https:\/\/fibercrafters.pl\/produkt\/komplet-ucho-raczka-skorzany-uchwyt-do-torebki-czarny-do-przyszycia-65cm\/#breadcrumb\"},\"inLanguage\":\"en-US\",\"potentialAction\":[{\"@type\":\"ReadAction\",\"target\":[\"https:\/\/fibercrafters.pl\/produkt\/komplet-ucho-raczka-skorzany-uchwyt-do-torebki-czarny-do-przyszycia-65cm\/\"]}]},{\"@type\":\"ImageObject\",\"inLanguage\":\"en-US\",\"@id\":\"https:\/\/fibercrafters.pl\/produkt\/komplet-ucho-raczka-skorzany-uchwyt-do-torebki-czarny-do-przyszycia-65cm\/#primaryimage\",\"url\":\"https:\/\/fibercrafters.pl\/wp-content\/uploads\/2025\/03\/20250328_173641.jpg\",\"contentUrl\":\"https:\/\/fibercrafters.pl\/wp-content\/uploads\/2025\/03\/20250328_173641.jpg\",\"width\":1600,\"height\":937},{\"@type\":\"BreadcrumbList\",\"@id\":\"https:\/\/fibercrafters.pl\/produkt\/komplet-ucho-raczka-skorzany-uchwyt-do-torebki-czarny-do-przyszycia-65cm\/#breadcrumb\",\"itemListElement\":[{\"@type\":\"ListItem\",\"position\":1,\"name\":\"Strona g\u0142\u00f3wna\",\"item\":\"https:\/\/fibercrafters.pl\/\"},{\"@type\":\"ListItem\",\"position\":2,\"name\":\"Sklep\",\"item\":\"https:\/\/fibercrafters.pl\/sklep\/\"},{\"@type\":\"ListItem\",\"position\":3,\"name\":\"komplet UCHO r\u0105czka sk\u00f3rzany uchwyt do torebki CZARNY do przyszycia 65cm\"}]},{\"@type\":\"WebSite\",\"@id\":\"https:\/\/fibercrafters.pl\/#website\",\"url\":\"https:\/\/fibercrafters.pl\/\",\"name\":\"Fibercrafters\",\"description\":\"Sznurki do szycia\",\"publisher\":{\"@id\":\"https:\/\/fibercrafters.pl\/#organization\"},\"potentialAction\":[{\"@type\":\"SearchAction\",\"target\":{\"@type\":\"EntryPoint\",\"urlTemplate\":\"https:\/\/fibercrafters.pl\/?s={search_term_string}\"},\"query-input\":{\"@type\":\"PropertyValueSpecification\",\"valueRequired\":true,\"valueName\":\"search_term_string\"}}],\"inLanguage\":\"en-US\"},{\"@type\":\"Organization\",\"@id\":\"https:\/\/fibercrafters.pl\/#organization\",\"name\":\"Fibercrafters\",\"url\":\"https:\/\/fibercrafters.pl\/\",\"logo\":{\"@type\":\"ImageObject\",\"inLanguage\":\"en-US\",\"@id\":\"https:\/\/fibercrafters.pl\/#\/schema\/logo\/image\/\",\"url\":\"https:\/\/fibercrafters.pl\/wp-content\/uploads\/2025\/01\/cropped-fibercraft-1.webp\",\"contentUrl\":\"https:\/\/fibercrafters.pl\/wp-content\/uploads\/2025\/01\/cropped-fibercraft-1.webp\",\"width\":267,\"height\":144,\"caption\":\"Fibercrafters\"},\"image\":{\"@id\":\"https:\/\/fibercrafters.pl\/#\/schema\/logo\/image\/\"},\"sameAs\":[\"https:\/\/www.facebook.com\/people\/Fiber-Crafters\/61562841616266\/\",\"https:\/\/www.instagram.com\/fiber.crafters\/\"]}]}<\/script>\n<!-- \/ Yoast SEO plugin. -->","yoast_head_json":{"title":"komplet UCHO r\u0105czka sk\u00f3rzany uchwyt do torebki CZARNY do przyszycia 65cm | Fibercrafters","robots":{"index":"index","follow":"follow","max-snippet":"max-snippet:-1","max-image-preview":"max-image-preview:large","max-video-preview":"max-video-preview:-1"},"canonical":"https:\/\/fibercrafters.pl\/en\/product\/komplet-ucho-raczka-skorzany-uchwyt-do-torebki-czarny-do-przyszycia-65cm\/","og_locale":"en_US","og_type":"article","og_title":"komplet UCHO r\u0105czka sk\u00f3rzany uchwyt do torebki CZARNY do przyszycia 65cm | Fibercrafters","og_description":"Komplet dw\u00f3ch sk\u00f3rzanych, juchtowych uchwyt\u00f3w (r\u0105czek). Do przyszycia, na 6 dziurek. Uchwyty s\u0105 produkowane z najwy\u017cszej jako\u015bci sk\u00f3ry naturalnej, garbowanej...","og_url":"https:\/\/fibercrafters.pl\/en\/product\/komplet-ucho-raczka-skorzany-uchwyt-do-torebki-czarny-do-przyszycia-65cm\/","og_site_name":"Fibercrafters","article_publisher":"https:\/\/www.facebook.com\/people\/Fiber-Crafters\/61562841616266\/","article_modified_time":"2026-03-17T21:10:33+00:00","og_image":[{"width":1024,"height":600,"url":"https:\/\/fibercrafters.pl\/wp-content\/uploads\/2025\/03\/20250328_173641-1024x600.jpg","type":"image\/jpeg"}],"twitter_card":"summary_large_image","twitter_misc":{"Est. reading time":"1 minute"},"schema":{"@context":"https:\/\/schema.org","@graph":[{"@type":"WebPage","@id":"https:\/\/fibercrafters.pl\/produkt\/komplet-ucho-raczka-skorzany-uchwyt-do-torebki-czarny-do-przyszycia-65cm\/","url":"https:\/\/fibercrafters.pl\/produkt\/komplet-ucho-raczka-skorzany-uchwyt-do-torebki-czarny-do-przyszycia-65cm\/","name":"komplet UCHO r\u0105czka sk\u00f3rzany uchwyt do torebki CZARNY do przyszycia 65cm | Fibercrafters","isPartOf":{"@id":"https:\/\/fibercrafters.pl\/#website"},"primaryImageOfPage":{"@id":"https:\/\/fibercrafters.pl\/produkt\/komplet-ucho-raczka-skorzany-uchwyt-do-torebki-czarny-do-przyszycia-65cm\/#primaryimage"},"image":{"@id":"https:\/\/fibercrafters.pl\/produkt\/komplet-ucho-raczka-skorzany-uchwyt-do-torebki-czarny-do-przyszycia-65cm\/#primaryimage"},"thumbnailUrl":"https:\/\/fibercrafters.pl\/wp-content\/uploads\/2025\/03\/20250328_173641.jpg","datePublished":"2025-03-29T11:05:14+00:00","dateModified":"2026-03-17T21:10:33+00:00","breadcrumb":{"@id":"https:\/\/fibercrafters.pl\/produkt\/komplet-ucho-raczka-skorzany-uchwyt-do-torebki-czarny-do-przyszycia-65cm\/#breadcrumb"},"inLanguage":"en-US","potentialAction":[{"@type":"ReadAction","target":["https:\/\/fibercrafters.pl\/produkt\/komplet-ucho-raczka-skorzany-uchwyt-do-torebki-czarny-do-przyszycia-65cm\/"]}]},{"@type":"ImageObject","inLanguage":"en-US","@id":"https:\/\/fibercrafters.pl\/produkt\/komplet-ucho-raczka-skorzany-uchwyt-do-torebki-czarny-do-przyszycia-65cm\/#primaryimage","url":"https:\/\/fibercrafters.pl\/wp-content\/uploads\/2025\/03\/20250328_173641.jpg","contentUrl":"https:\/\/fibercrafters.pl\/wp-content\/uploads\/2025\/03\/20250328_173641.jpg","width":1600,"height":937},{"@type":"BreadcrumbList","@id":"https:\/\/fibercrafters.pl\/produkt\/komplet-ucho-raczka-skorzany-uchwyt-do-torebki-czarny-do-przyszycia-65cm\/#breadcrumb","itemListElement":[{"@type":"ListItem","position":1,"name":"Strona g\u0142\u00f3wna","item":"https:\/\/fibercrafters.pl\/"},{"@type":"ListItem","position":2,"name":"Sklep","item":"https:\/\/fibercrafters.pl\/sklep\/"},{"@type":"ListItem","position":3,"name":"komplet UCHO r\u0105czka sk\u00f3rzany uchwyt do torebki CZARNY do przyszycia 65cm"}]},{"@type":"WebSite","@id":"https:\/\/fibercrafters.pl\/#website","url":"https:\/\/fibercrafters.pl\/","name":"Fibercrafters","description":"Sznurki do szycia","publisher":{"@id":"https:\/\/fibercrafters.pl\/#organization"},"potentialAction":[{"@type":"SearchAction","target":{"@type":"EntryPoint","urlTemplate":"https:\/\/fibercrafters.pl\/?s={search_term_string}"},"query-input":{"@type":"PropertyValueSpecification","valueRequired":true,"valueName":"search_term_string"}}],"inLanguage":"en-US"},{"@type":"Organization","@id":"https:\/\/fibercrafters.pl\/#organization","name":"Fibercrafters","url":"https:\/\/fibercrafters.pl\/","logo":{"@type":"ImageObject","inLanguage":"en-US","@id":"https:\/\/fibercrafters.pl\/#\/schema\/logo\/image\/","url":"https:\/\/fibercrafters.pl\/wp-content\/uploads\/2025\/01\/cropped-fibercraft-1.webp","contentUrl":"https:\/\/fibercrafters.pl\/wp-content\/uploads\/2025\/01\/cropped-fibercraft-1.webp","width":267,"height":144,"caption":"Fibercrafters"},"image":{"@id":"https:\/\/fibercrafters.pl\/#\/schema\/logo\/image\/"},"sameAs":["https:\/\/www.facebook.com\/people\/Fiber-Crafters\/61562841616266\/","https:\/\/www.instagram.com\/fiber.crafters\/"]}]}},"_links":{"self":[{"href":"https:\/\/fibercrafters.pl\/en\/wp-json\/wp\/v2\/product\/3845","targetHints":{"allow":["GET"]}}],"collection":[{"href":"https:\/\/fibercrafters.pl\/en\/wp-json\/wp\/v2\/product"}],"about":[{"href":"https:\/\/fibercrafters.pl\/en\/wp-json\/wp\/v2\/types\/product"}],"wp:featuredmedia":[{"embeddable":true,"href":"https:\/\/fibercrafters.pl\/en\/wp-json\/wp\/v2\/media\/3837"}],"wp:attachment":[{"href":"https:\/\/fibercrafters.pl\/en\/wp-json\/wp\/v2\/media?parent=3845"}],"wp:term":[{"taxonomy":"product_brand","embeddable":true,"href":"https:\/\/fibercrafters.pl\/en\/wp-json\/wp\/v2\/product_brand?post=3845"},{"taxonomy":"product_cat","embeddable":true,"href":"https:\/\/fibercrafters.pl\/en\/wp-json\/wp\/v2\/product_cat?post=3845"},{"taxonomy":"product_tag","embeddable":true,"href":"https:\/\/fibercrafters.pl\/en\/wp-json\/wp\/v2\/product_tag?post=3845"}],"curies":[{"name":"wp","href":"https:\/\/api.w.org\/{rel}","templated":true}]}}