{"id":3627,"date":"2025-01-21T16:13:36","date_gmt":"2025-01-21T15:13:36","guid":{"rendered":"https:\/\/fibercrafters.pl\/?post_type=product&#038;p=3627"},"modified":"2026-03-17T22:09:26","modified_gmt":"2026-03-17T21:09:26","slug":"sznurek-do-szycia-fiber-crafters-6mm-100m-lniany","status":"publish","type":"product","link":"https:\/\/fibercrafters.pl\/en\/product\/sznurek-do-szycia-fiber-crafters-6mm-100m-lniany\/","title":{"rendered":"Sznurek do szycia FIBER CRAFTERS 6mm 100m LNIANY"},"content":{"rendered":"<p>Pragn\u0119 Wam przedstawi\u0107 nowo\u015b\u0107 na polskim rynku: bawe\u0142niany, sztywny sznurek do szycia (r\u00f3wnie\u017c na maszynie domowej) \ud83d\ude09<\/p>\n<p>Sznurek nie zapada si\u0119, nie rozci\u0105ga si\u0119 jak sznurki konkurencji, trzyma swoj\u0105 form\u0119. Zosta\u0142 stworzony w\u00a0 polskiej pracowni Fiber Crafters.<\/p>\n<p>Uszyjesz z niego: kosze, torby (przyk\u0142adowa realizacja widoczna na ostatnim zdj\u0119ciu), podk\u0142adki, dywany, bie\u017cniki, legowiska, kojce, koszyki, liny do obag\u00f3w i wiele,wiele innych.<\/p>\n<p>Przedmiotem oferty jest sznurek bawe\u0142niany 6mm o nawoju 100m (mo\u017cemy nawin\u0105\u0107 wi\u0119ksz\u0105 ilo\u015b\u0107 metr\u00f3w w jednym kawa\u0142ku) w kolorze <b>LNIANY<\/b>.<\/p>\n<p>Je\u015bli szukasz r\u00f3wnie\u017c nici pasuj\u0105cych kolorystycznie do sznurka &#8211;\u00a0 <b>Mamy to:)<\/b><\/p>\n<p><b>100 metr\u00f3w sznurka starczy\u0142o na uszycie du\u017cej torby widocznej na ostatnim zdj\u0119ciu oraz mniejszego koszyczka na chleb \ud83d\ude09<\/b><\/p>\n<p><b>Zapraszam r\u00f3wnie\u017c do obejrzenia filmik\u00f3w na instagramie @fiber.crafters<\/b><\/p>\n<h2>Sznurek do szycia<\/h2>\n<p>Szukasz najwy\u017cszej jako\u015bci materia\u0142\u00f3w do produkcji r\u0119kodzielniczej w ramach dzia\u0142alno\u015bci gospodarczej albo aktywno\u015bci hobbystycznej? Prowadzisz sklep z artyku\u0142ami dla artyst\u00f3w DIY i swoim klientom chcesz dostarcza\u0107 to, co najlepsze? Zale\u017cy Ci na wytrzyma\u0142o\u015bci, naturalno\u015bci oraz nienagannej estetyce? Serdecznie zapraszamy Ci\u0119 do przetestowania bawe\u0142nianego sznurka do szycia w kolorze lnianym.<\/p>\n<h2>Bawe\u0142niany sznurek do szycia torebek i nie tylko<\/h2>\n<p>Odcie\u0144 301 lniany przypomina barw\u0119 piasku, naturalnego lnu, kawy z mlekiem, suchego siana i jasnego drewna. Ten kolor kojarzy si\u0119 z naturalno\u015bci\u0105 \u2014 z tym, co ekologiczne, neutralne, zr\u00f3wnowa\u017cone, pochodz\u0105ce z przyrody. Sznurek wykonany jest z bawe\u0142ny, kt\u00f3ra w dotyku jest bardzo mi\u0142a i przyjemna. Wiemy, \u017ce w\u0142\u00f3kna lniane bywaj\u0105 sztywne, szorstkie, a przez to wykonywanie akcesori\u00f3w z tego materia\u0142u mo\u017ce by\u0107 trudne. Dlatego te\u017c postanowili\u015bmy po\u0142\u0105czy\u0107 je w jeden, uniwersalny sznurek: bawe\u0142niany, inspirowany barw\u0105 lnu. Dzi\u0119ki temu ma nieograniczone mo\u017cliwo\u015bci i mo\u017ce pos\u0142u\u017cy\u0107 do produkcji najr\u00f3\u017cniejszych przedmiot\u00f3w codziennego u\u017cytku.<\/p>\n<h3>Wytrzyma\u0142y, mi\u0142y w dotyku sznurek do szycia koszyk\u00f3w, toreb oraz wielu innych rzeczy<\/h3>\n<p>To, co uszyjesz z naszego bawe\u0142nianego <strong>sznurka <\/strong>(w kolorze 301 lnianym), zale\u017cy od Twojej inwencji tw\u00f3rczej. Za spraw\u0105 swoich w\u0142a\u015bciwo\u015bci ten materia\u0142 genialnie nadaje si\u0119 <strong>do szycia<\/strong>:<\/p>\n<ul>\n<li><strong>toreb <\/strong>i plecak\u00f3w w stylu boho,<\/li>\n<li><strong>koszy<\/strong>, <strong>koszyk\u00f3w <\/strong>i koszyczk\u00f3w \u2014 np. na pieczywo czy domowe szparga\u0142y,<\/li>\n<li>legowisk dla domowych pupili,<\/li>\n<li>podk\u0142adek na st\u00f3\u0142 pod talerze, szklanki, kubki itp.,<\/li>\n<li>dywanik\u00f3w, wycieraczek,<\/li>\n<li>etui na tablety czy czytniki e-book\u00f3w,<\/li>\n<li>ozd\u00f3b choinkowych na \u015bwi\u0119ta,<\/li>\n<li>domowych dekoracji,<\/li>\n<li>os\u0142onek na doniczki i wazony,<\/li>\n<li><strong>torebek <\/strong>na bidon z wod\u0105 (albo butelk\u0119 czy termos).<\/li>\n<\/ul>\n<p>Mo\u017cliwo\u015bci jest jeszcze wi\u0119cej, a jedyne ograniczenie to Twoja kreatywno\u015b\u0107! Nasz bawe\u0142niany <strong>sznurek do szycia<\/strong> jest niezwykle wdzi\u0119cznym materia\u0142em \u2014 nie zapada si\u0119, nie ulega rozci\u0105ganiu, zachowuje kszta\u0142t i form\u0119 wykonanych przedmiot\u00f3w. Uszyte z jego pomoc\u0105 <strong>torby<\/strong>, <strong>kosze <\/strong>czy inne rzeczy s\u0105 trwa\u0142e, wytrzyma\u0142e i pi\u0119kne przez bardzo d\u0142ugi czas. Zam\u00f3w sznurek o nawoju 100 m albo skontaktuj si\u0119 z nami, by otrzyma\u0107 d\u0142u\u017cszy sznurek i nie musie\u0107 \u0142\u0105czy\u0107 ze sob\u0105 kilku kawa\u0142k\u00f3w.<\/p>","protected":false},"excerpt":{"rendered":"<p>Pragn\u0119 Wam przedstawi\u0107 nowo\u015b\u0107 na polskim rynku: bawe\u0142niany, sztywny sznurek do szycia (r\u00f3wnie\u017c na maszynie domowej) \ud83d\ude09 Sznurek nie zapada&#8230;<\/p>","protected":false},"featured_media":4862,"template":"","meta":[],"product_brand":[],"product_cat":[102,74],"product_tag":[],"class_list":{"0":"post-3627","1":"product","2":"type-product","3":"status-publish","4":"has-post-thumbnail","6":"product_cat-sznurek-bawelniany","7":"product_cat-sznurek-do-szycia-fiber-crafters","9":"first","10":"instock","11":"shipping-taxable","12":"purchasable","13":"product-type-simple"},"yoast_head":"<!-- This site is optimized with the Yoast SEO plugin v26.7 - https:\/\/yoast.com\/wordpress\/plugins\/seo\/ -->\n<title>Sznurek do szycia torebek, koszy, koszyk\u00f3w, 6mm i 100m - lniany | Fibercrafters<\/title>\n<meta name=\"description\" content=\"Sznurek do szycia toreb i koszyk\u00f3w \u2013 lniany 6mm, 100m. Sznurek do szycia koszy na maszynie i nie tylko. Naturalny materia\u0142 premium. Zobacz wi\u0119cej!\" \/>\n<meta name=\"robots\" content=\"index, follow, max-snippet:-1, max-image-preview:large, max-video-preview:-1\" \/>\n<link rel=\"canonical\" href=\"https:\/\/fibercrafters.pl\/en\/product\/sznurek-do-szycia-fiber-crafters-6mm-100m-lniany\/\" \/>\n<meta property=\"og:locale\" content=\"en_US\" \/>\n<meta property=\"og:type\" content=\"article\" \/>\n<meta property=\"og:title\" content=\"Sznurek do szycia torebek, koszy, koszyk\u00f3w, 6mm i 100m - lniany | Fibercrafters\" \/>\n<meta property=\"og:description\" content=\"Sznurek do szycia toreb i koszyk\u00f3w \u2013 lniany 6mm, 100m. Sznurek do szycia koszy na maszynie i nie tylko. Naturalny materia\u0142 premium. Zobacz wi\u0119cej!\" \/>\n<meta property=\"og:url\" content=\"https:\/\/fibercrafters.pl\/en\/product\/sznurek-do-szycia-fiber-crafters-6mm-100m-lniany\/\" \/>\n<meta property=\"og:site_name\" content=\"Fibercrafters\" \/>\n<meta property=\"article:publisher\" content=\"https:\/\/www.facebook.com\/people\/Fiber-Crafters\/61562841616266\/\" \/>\n<meta property=\"article:modified_time\" content=\"2026-03-17T21:09:26+00:00\" \/>\n<meta property=\"og:image\" content=\"https:\/\/fibercrafters.pl\/wp-content\/uploads\/2025\/05\/Tekst-akapitu-2025-10-25T112438.758-1024x1024.png\" \/>\n\t<meta property=\"og:image:width\" content=\"1024\" \/>\n\t<meta property=\"og:image:height\" content=\"1024\" \/>\n\t<meta property=\"og:image:type\" content=\"image\/png\" \/>\n<meta name=\"twitter:card\" content=\"summary_large_image\" \/>\n<meta name=\"twitter:label1\" content=\"Est. reading time\" \/>\n\t<meta name=\"twitter:data1\" content=\"3 minutes\" \/>\n<script type=\"application\/ld+json\" class=\"yoast-schema-graph\">{\"@context\":\"https:\/\/schema.org\",\"@graph\":[{\"@type\":\"WebPage\",\"@id\":\"https:\/\/fibercrafters.pl\/produkt\/sznurek-do-szycia-fiber-crafters-6mm-100m-lniany\/\",\"url\":\"https:\/\/fibercrafters.pl\/produkt\/sznurek-do-szycia-fiber-crafters-6mm-100m-lniany\/\",\"name\":\"Sznurek do szycia torebek, koszy, koszyk\u00f3w, 6mm i 100m - lniany | Fibercrafters\",\"isPartOf\":{\"@id\":\"https:\/\/fibercrafters.pl\/#website\"},\"primaryImageOfPage\":{\"@id\":\"https:\/\/fibercrafters.pl\/produkt\/sznurek-do-szycia-fiber-crafters-6mm-100m-lniany\/#primaryimage\"},\"image\":{\"@id\":\"https:\/\/fibercrafters.pl\/produkt\/sznurek-do-szycia-fiber-crafters-6mm-100m-lniany\/#primaryimage\"},\"thumbnailUrl\":\"https:\/\/fibercrafters.pl\/wp-content\/uploads\/2025\/05\/Tekst-akapitu-2025-10-25T112438.758.png\",\"datePublished\":\"2025-01-21T15:13:36+00:00\",\"dateModified\":\"2026-03-17T21:09:26+00:00\",\"description\":\"Sznurek do szycia toreb i koszyk\u00f3w \u2013 lniany 6mm, 100m. Sznurek do szycia koszy na maszynie i nie tylko. Naturalny materia\u0142 premium. Zobacz wi\u0119cej!\",\"breadcrumb\":{\"@id\":\"https:\/\/fibercrafters.pl\/produkt\/sznurek-do-szycia-fiber-crafters-6mm-100m-lniany\/#breadcrumb\"},\"inLanguage\":\"en-US\",\"potentialAction\":[{\"@type\":\"ReadAction\",\"target\":[\"https:\/\/fibercrafters.pl\/produkt\/sznurek-do-szycia-fiber-crafters-6mm-100m-lniany\/\"]}]},{\"@type\":\"ImageObject\",\"inLanguage\":\"en-US\",\"@id\":\"https:\/\/fibercrafters.pl\/produkt\/sznurek-do-szycia-fiber-crafters-6mm-100m-lniany\/#primaryimage\",\"url\":\"https:\/\/fibercrafters.pl\/wp-content\/uploads\/2025\/05\/Tekst-akapitu-2025-10-25T112438.758.png\",\"contentUrl\":\"https:\/\/fibercrafters.pl\/wp-content\/uploads\/2025\/05\/Tekst-akapitu-2025-10-25T112438.758.png\",\"width\":1600,\"height\":1600},{\"@type\":\"BreadcrumbList\",\"@id\":\"https:\/\/fibercrafters.pl\/produkt\/sznurek-do-szycia-fiber-crafters-6mm-100m-lniany\/#breadcrumb\",\"itemListElement\":[{\"@type\":\"ListItem\",\"position\":1,\"name\":\"Strona g\u0142\u00f3wna\",\"item\":\"https:\/\/fibercrafters.pl\/\"},{\"@type\":\"ListItem\",\"position\":2,\"name\":\"Sklep\",\"item\":\"https:\/\/fibercrafters.pl\/sklep\/\"},{\"@type\":\"ListItem\",\"position\":3,\"name\":\"Sznurek do szycia FIBER CRAFTERS 6mm 100m LNIANY\"}]},{\"@type\":\"WebSite\",\"@id\":\"https:\/\/fibercrafters.pl\/#website\",\"url\":\"https:\/\/fibercrafters.pl\/\",\"name\":\"Fibercrafters\",\"description\":\"Sznurki do szycia\",\"publisher\":{\"@id\":\"https:\/\/fibercrafters.pl\/#organization\"},\"potentialAction\":[{\"@type\":\"SearchAction\",\"target\":{\"@type\":\"EntryPoint\",\"urlTemplate\":\"https:\/\/fibercrafters.pl\/?s={search_term_string}\"},\"query-input\":{\"@type\":\"PropertyValueSpecification\",\"valueRequired\":true,\"valueName\":\"search_term_string\"}}],\"inLanguage\":\"en-US\"},{\"@type\":\"Organization\",\"@id\":\"https:\/\/fibercrafters.pl\/#organization\",\"name\":\"Fibercrafters\",\"url\":\"https:\/\/fibercrafters.pl\/\",\"logo\":{\"@type\":\"ImageObject\",\"inLanguage\":\"en-US\",\"@id\":\"https:\/\/fibercrafters.pl\/#\/schema\/logo\/image\/\",\"url\":\"https:\/\/fibercrafters.pl\/wp-content\/uploads\/2025\/01\/cropped-fibercraft-1.webp\",\"contentUrl\":\"https:\/\/fibercrafters.pl\/wp-content\/uploads\/2025\/01\/cropped-fibercraft-1.webp\",\"width\":267,\"height\":144,\"caption\":\"Fibercrafters\"},\"image\":{\"@id\":\"https:\/\/fibercrafters.pl\/#\/schema\/logo\/image\/\"},\"sameAs\":[\"https:\/\/www.facebook.com\/people\/Fiber-Crafters\/61562841616266\/\",\"https:\/\/www.instagram.com\/fiber.crafters\/\"]}]}<\/script>\n<!-- \/ Yoast SEO plugin. -->","yoast_head_json":{"title":"Sznurek do szycia torebek, koszy, koszyk\u00f3w, 6mm i 100m - lniany | Fibercrafters","description":"Sznurek do szycia toreb i koszyk\u00f3w \u2013 lniany 6mm, 100m. Sznurek do szycia koszy na maszynie i nie tylko. Naturalny materia\u0142 premium. Zobacz wi\u0119cej!","robots":{"index":"index","follow":"follow","max-snippet":"max-snippet:-1","max-image-preview":"max-image-preview:large","max-video-preview":"max-video-preview:-1"},"canonical":"https:\/\/fibercrafters.pl\/en\/product\/sznurek-do-szycia-fiber-crafters-6mm-100m-lniany\/","og_locale":"en_US","og_type":"article","og_title":"Sznurek do szycia torebek, koszy, koszyk\u00f3w, 6mm i 100m - lniany | Fibercrafters","og_description":"Sznurek do szycia toreb i koszyk\u00f3w \u2013 lniany 6mm, 100m. Sznurek do szycia koszy na maszynie i nie tylko. Naturalny materia\u0142 premium. Zobacz wi\u0119cej!","og_url":"https:\/\/fibercrafters.pl\/en\/product\/sznurek-do-szycia-fiber-crafters-6mm-100m-lniany\/","og_site_name":"Fibercrafters","article_publisher":"https:\/\/www.facebook.com\/people\/Fiber-Crafters\/61562841616266\/","article_modified_time":"2026-03-17T21:09:26+00:00","og_image":[{"width":1024,"height":1024,"url":"https:\/\/fibercrafters.pl\/wp-content\/uploads\/2025\/05\/Tekst-akapitu-2025-10-25T112438.758-1024x1024.png","type":"image\/png"}],"twitter_card":"summary_large_image","twitter_misc":{"Est. reading time":"3 minutes"},"schema":{"@context":"https:\/\/schema.org","@graph":[{"@type":"WebPage","@id":"https:\/\/fibercrafters.pl\/produkt\/sznurek-do-szycia-fiber-crafters-6mm-100m-lniany\/","url":"https:\/\/fibercrafters.pl\/produkt\/sznurek-do-szycia-fiber-crafters-6mm-100m-lniany\/","name":"Sznurek do szycia torebek, koszy, koszyk\u00f3w, 6mm i 100m - lniany | Fibercrafters","isPartOf":{"@id":"https:\/\/fibercrafters.pl\/#website"},"primaryImageOfPage":{"@id":"https:\/\/fibercrafters.pl\/produkt\/sznurek-do-szycia-fiber-crafters-6mm-100m-lniany\/#primaryimage"},"image":{"@id":"https:\/\/fibercrafters.pl\/produkt\/sznurek-do-szycia-fiber-crafters-6mm-100m-lniany\/#primaryimage"},"thumbnailUrl":"https:\/\/fibercrafters.pl\/wp-content\/uploads\/2025\/05\/Tekst-akapitu-2025-10-25T112438.758.png","datePublished":"2025-01-21T15:13:36+00:00","dateModified":"2026-03-17T21:09:26+00:00","description":"Sznurek do szycia toreb i koszyk\u00f3w \u2013 lniany 6mm, 100m. Sznurek do szycia koszy na maszynie i nie tylko. Naturalny materia\u0142 premium. Zobacz wi\u0119cej!","breadcrumb":{"@id":"https:\/\/fibercrafters.pl\/produkt\/sznurek-do-szycia-fiber-crafters-6mm-100m-lniany\/#breadcrumb"},"inLanguage":"en-US","potentialAction":[{"@type":"ReadAction","target":["https:\/\/fibercrafters.pl\/produkt\/sznurek-do-szycia-fiber-crafters-6mm-100m-lniany\/"]}]},{"@type":"ImageObject","inLanguage":"en-US","@id":"https:\/\/fibercrafters.pl\/produkt\/sznurek-do-szycia-fiber-crafters-6mm-100m-lniany\/#primaryimage","url":"https:\/\/fibercrafters.pl\/wp-content\/uploads\/2025\/05\/Tekst-akapitu-2025-10-25T112438.758.png","contentUrl":"https:\/\/fibercrafters.pl\/wp-content\/uploads\/2025\/05\/Tekst-akapitu-2025-10-25T112438.758.png","width":1600,"height":1600},{"@type":"BreadcrumbList","@id":"https:\/\/fibercrafters.pl\/produkt\/sznurek-do-szycia-fiber-crafters-6mm-100m-lniany\/#breadcrumb","itemListElement":[{"@type":"ListItem","position":1,"name":"Strona g\u0142\u00f3wna","item":"https:\/\/fibercrafters.pl\/"},{"@type":"ListItem","position":2,"name":"Sklep","item":"https:\/\/fibercrafters.pl\/sklep\/"},{"@type":"ListItem","position":3,"name":"Sznurek do szycia FIBER CRAFTERS 6mm 100m LNIANY"}]},{"@type":"WebSite","@id":"https:\/\/fibercrafters.pl\/#website","url":"https:\/\/fibercrafters.pl\/","name":"Fibercrafters","description":"Sznurki do szycia","publisher":{"@id":"https:\/\/fibercrafters.pl\/#organization"},"potentialAction":[{"@type":"SearchAction","target":{"@type":"EntryPoint","urlTemplate":"https:\/\/fibercrafters.pl\/?s={search_term_string}"},"query-input":{"@type":"PropertyValueSpecification","valueRequired":true,"valueName":"search_term_string"}}],"inLanguage":"en-US"},{"@type":"Organization","@id":"https:\/\/fibercrafters.pl\/#organization","name":"Fibercrafters","url":"https:\/\/fibercrafters.pl\/","logo":{"@type":"ImageObject","inLanguage":"en-US","@id":"https:\/\/fibercrafters.pl\/#\/schema\/logo\/image\/","url":"https:\/\/fibercrafters.pl\/wp-content\/uploads\/2025\/01\/cropped-fibercraft-1.webp","contentUrl":"https:\/\/fibercrafters.pl\/wp-content\/uploads\/2025\/01\/cropped-fibercraft-1.webp","width":267,"height":144,"caption":"Fibercrafters"},"image":{"@id":"https:\/\/fibercrafters.pl\/#\/schema\/logo\/image\/"},"sameAs":["https:\/\/www.facebook.com\/people\/Fiber-Crafters\/61562841616266\/","https:\/\/www.instagram.com\/fiber.crafters\/"]}]}},"_links":{"self":[{"href":"https:\/\/fibercrafters.pl\/en\/wp-json\/wp\/v2\/product\/3627","targetHints":{"allow":["GET"]}}],"collection":[{"href":"https:\/\/fibercrafters.pl\/en\/wp-json\/wp\/v2\/product"}],"about":[{"href":"https:\/\/fibercrafters.pl\/en\/wp-json\/wp\/v2\/types\/product"}],"wp:featuredmedia":[{"embeddable":true,"href":"https:\/\/fibercrafters.pl\/en\/wp-json\/wp\/v2\/media\/4862"}],"wp:attachment":[{"href":"https:\/\/fibercrafters.pl\/en\/wp-json\/wp\/v2\/media?parent=3627"}],"wp:term":[{"taxonomy":"product_brand","embeddable":true,"href":"https:\/\/fibercrafters.pl\/en\/wp-json\/wp\/v2\/product_brand?post=3627"},{"taxonomy":"product_cat","embeddable":true,"href":"https:\/\/fibercrafters.pl\/en\/wp-json\/wp\/v2\/product_cat?post=3627"},{"taxonomy":"product_tag","embeddable":true,"href":"https:\/\/fibercrafters.pl\/en\/wp-json\/wp\/v2\/product_tag?post=3627"}],"curies":[{"name":"wp","href":"https:\/\/api.w.org\/{rel}","templated":true}]}}