{"id":3458,"date":"2024-10-22T20:59:51","date_gmt":"2024-10-22T18:59:51","guid":{"rendered":"https:\/\/fibercrafters.pl\/?post_type=product&#038;p=3458"},"modified":"2026-03-17T22:11:07","modified_gmt":"2026-03-17T21:11:07","slug":"sznurek-do-szycia-fiber-crafters-6mm-100m-duo-czarny-smietanka","status":"publish","type":"product","link":"https:\/\/fibercrafters.pl\/en\/product\/sznurek-do-szycia-fiber-crafters-6mm-100m-duo-czarny-smietanka\/","title":{"rendered":"Sznurek do szycia FIBER CRAFTERS 6mm 100m DUO (CZARNY-\u015aMIETANKA)"},"content":{"rendered":"<p>Pragn\u0119 Wam przedstawi\u0107 nowo\u015b\u0107 na polskim rynku: bawe\u0142niany, sztywny sznurek do szycia (r\u00f3wnie\u017c na maszynie domowej) \ud83d\ude09<\/p>\n<p>Sznurek nie zapada si\u0119, nie rozci\u0105ga si\u0119 jak sznurki konkurencji, trzyma swoj\u0105 form\u0119. Zosta\u0142 stworzony w\u00a0 polskiej pracowni Fiber Crafters.<\/p>\n<p>Uszyjesz z niego: kosze, torby (przyk\u0142adowa realizacja widoczna na ostatnim zdj\u0119ciu), podk\u0142adki, dywany, bie\u017cniki, legowiska, kojce, koszyki, liny do obag\u00f3w i wiele,wiele innych.<\/p>\n<p>Przedmiotem oferty jest sznurek 6mm o nawoju 100m (mo\u017cemy nawin\u0105\u0107 wi\u0119ksz\u0105 ilo\u015b\u0107 metr\u00f3w w jednym kawa\u0142ku) w kolorze <b>DUO (MIESZANKA CZERNI I \u015aMIETANKI)<\/b>.<\/p>\n<p>Je\u015bli szukasz r\u00f3wnie\u017c nici pasuj\u0105cych kolorystycznie do sznurka &#8211;\u00a0 <b>Mamy to:)<\/b><\/p>\n<p><b>100 metr\u00f3w sznurka starczy\u0142o na uszycie du\u017cej torby widocznej na ostatnim zdj\u0119ciu oraz mniejszego koszyczka na chleb i kilku mniejszych podk\u0142adek na st\u00f3\u0142 \ud83d\ude09<\/b><\/p>\n<p><b>Zapraszam r\u00f3wnie\u017c do obejrzenia filmik\u00f3w na instagramie @fiber.crafters<\/b><\/p>","protected":false},"excerpt":{"rendered":"<p>Pragn\u0119 Wam przedstawi\u0107 nowo\u015b\u0107 na polskim rynku: bawe\u0142niany, sztywny sznurek do szycia (r\u00f3wnie\u017c na maszynie domowej) \ud83d\ude09 Sznurek nie zapada&#8230;<\/p>","protected":false},"featured_media":3463,"template":"","meta":[],"product_brand":[],"product_cat":[102,74],"product_tag":[],"class_list":{"0":"post-3458","1":"product","2":"type-product","3":"status-publish","4":"has-post-thumbnail","6":"product_cat-sznurek-bawelniany","7":"product_cat-sznurek-do-szycia-fiber-crafters","9":"first","10":"instock","11":"shipping-taxable","12":"purchasable","13":"product-type-simple"},"yoast_head":"<!-- This site is optimized with the Yoast SEO plugin v26.7 - https:\/\/yoast.com\/wordpress\/plugins\/seo\/ -->\n<title>Sznurek do szycia FIBER CRAFTERS 6mm 100m DUO (CZARNY-\u015aMIETANKA) | Fibercrafters<\/title>\n<meta name=\"robots\" content=\"index, follow, max-snippet:-1, max-image-preview:large, max-video-preview:-1\" \/>\n<link rel=\"canonical\" href=\"https:\/\/fibercrafters.pl\/en\/product\/sznurek-do-szycia-fiber-crafters-6mm-100m-duo-czarny-smietanka\/\" \/>\n<meta property=\"og:locale\" content=\"en_US\" \/>\n<meta property=\"og:type\" content=\"article\" \/>\n<meta property=\"og:title\" content=\"Sznurek do szycia FIBER CRAFTERS 6mm 100m DUO (CZARNY-\u015aMIETANKA) | Fibercrafters\" \/>\n<meta property=\"og:description\" content=\"Pragn\u0119 Wam przedstawi\u0107 nowo\u015b\u0107 na polskim rynku: bawe\u0142niany, sztywny sznurek do szycia (r\u00f3wnie\u017c na maszynie domowej) \ud83d\ude09 Sznurek nie zapada...\" \/>\n<meta property=\"og:url\" content=\"https:\/\/fibercrafters.pl\/en\/product\/sznurek-do-szycia-fiber-crafters-6mm-100m-duo-czarny-smietanka\/\" \/>\n<meta property=\"og:site_name\" content=\"Fibercrafters\" \/>\n<meta property=\"article:publisher\" content=\"https:\/\/www.facebook.com\/people\/Fiber-Crafters\/61562841616266\/\" \/>\n<meta property=\"article:modified_time\" content=\"2026-03-17T21:11:07+00:00\" \/>\n<meta property=\"og:image\" content=\"https:\/\/fibercrafters.pl\/wp-content\/uploads\/2024\/10\/Tekst-akapitu-52-1024x1024.png\" \/>\n\t<meta property=\"og:image:width\" content=\"1024\" \/>\n\t<meta property=\"og:image:height\" content=\"1024\" \/>\n\t<meta property=\"og:image:type\" content=\"image\/png\" \/>\n<meta name=\"twitter:card\" content=\"summary_large_image\" \/>\n<meta name=\"twitter:label1\" content=\"Est. reading time\" \/>\n\t<meta name=\"twitter:data1\" content=\"1 minute\" \/>\n<script type=\"application\/ld+json\" class=\"yoast-schema-graph\">{\"@context\":\"https:\/\/schema.org\",\"@graph\":[{\"@type\":\"WebPage\",\"@id\":\"https:\/\/fibercrafters.pl\/produkt\/sznurek-do-szycia-fiber-crafters-6mm-100m-duo-czarny-smietanka\/\",\"url\":\"https:\/\/fibercrafters.pl\/produkt\/sznurek-do-szycia-fiber-crafters-6mm-100m-duo-czarny-smietanka\/\",\"name\":\"Sznurek do szycia FIBER CRAFTERS 6mm 100m DUO (CZARNY-\u015aMIETANKA) | Fibercrafters\",\"isPartOf\":{\"@id\":\"https:\/\/fibercrafters.pl\/#website\"},\"primaryImageOfPage\":{\"@id\":\"https:\/\/fibercrafters.pl\/produkt\/sznurek-do-szycia-fiber-crafters-6mm-100m-duo-czarny-smietanka\/#primaryimage\"},\"image\":{\"@id\":\"https:\/\/fibercrafters.pl\/produkt\/sznurek-do-szycia-fiber-crafters-6mm-100m-duo-czarny-smietanka\/#primaryimage\"},\"thumbnailUrl\":\"https:\/\/fibercrafters.pl\/wp-content\/uploads\/2024\/10\/Tekst-akapitu-52.png\",\"datePublished\":\"2024-10-22T18:59:51+00:00\",\"dateModified\":\"2026-03-17T21:11:07+00:00\",\"breadcrumb\":{\"@id\":\"https:\/\/fibercrafters.pl\/produkt\/sznurek-do-szycia-fiber-crafters-6mm-100m-duo-czarny-smietanka\/#breadcrumb\"},\"inLanguage\":\"en-US\",\"potentialAction\":[{\"@type\":\"ReadAction\",\"target\":[\"https:\/\/fibercrafters.pl\/produkt\/sznurek-do-szycia-fiber-crafters-6mm-100m-duo-czarny-smietanka\/\"]}]},{\"@type\":\"ImageObject\",\"inLanguage\":\"en-US\",\"@id\":\"https:\/\/fibercrafters.pl\/produkt\/sznurek-do-szycia-fiber-crafters-6mm-100m-duo-czarny-smietanka\/#primaryimage\",\"url\":\"https:\/\/fibercrafters.pl\/wp-content\/uploads\/2024\/10\/Tekst-akapitu-52.png\",\"contentUrl\":\"https:\/\/fibercrafters.pl\/wp-content\/uploads\/2024\/10\/Tekst-akapitu-52.png\",\"width\":1845,\"height\":1845},{\"@type\":\"BreadcrumbList\",\"@id\":\"https:\/\/fibercrafters.pl\/produkt\/sznurek-do-szycia-fiber-crafters-6mm-100m-duo-czarny-smietanka\/#breadcrumb\",\"itemListElement\":[{\"@type\":\"ListItem\",\"position\":1,\"name\":\"Strona g\u0142\u00f3wna\",\"item\":\"https:\/\/fibercrafters.pl\/\"},{\"@type\":\"ListItem\",\"position\":2,\"name\":\"Sklep\",\"item\":\"https:\/\/fibercrafters.pl\/sklep\/\"},{\"@type\":\"ListItem\",\"position\":3,\"name\":\"Sznurek do szycia FIBER CRAFTERS 6mm 100m DUO (CZARNY-\u015aMIETANKA)\"}]},{\"@type\":\"WebSite\",\"@id\":\"https:\/\/fibercrafters.pl\/#website\",\"url\":\"https:\/\/fibercrafters.pl\/\",\"name\":\"Fibercrafters\",\"description\":\"Sznurki do szycia\",\"publisher\":{\"@id\":\"https:\/\/fibercrafters.pl\/#organization\"},\"potentialAction\":[{\"@type\":\"SearchAction\",\"target\":{\"@type\":\"EntryPoint\",\"urlTemplate\":\"https:\/\/fibercrafters.pl\/?s={search_term_string}\"},\"query-input\":{\"@type\":\"PropertyValueSpecification\",\"valueRequired\":true,\"valueName\":\"search_term_string\"}}],\"inLanguage\":\"en-US\"},{\"@type\":\"Organization\",\"@id\":\"https:\/\/fibercrafters.pl\/#organization\",\"name\":\"Fibercrafters\",\"url\":\"https:\/\/fibercrafters.pl\/\",\"logo\":{\"@type\":\"ImageObject\",\"inLanguage\":\"en-US\",\"@id\":\"https:\/\/fibercrafters.pl\/#\/schema\/logo\/image\/\",\"url\":\"https:\/\/fibercrafters.pl\/wp-content\/uploads\/2025\/01\/cropped-fibercraft-1.webp\",\"contentUrl\":\"https:\/\/fibercrafters.pl\/wp-content\/uploads\/2025\/01\/cropped-fibercraft-1.webp\",\"width\":267,\"height\":144,\"caption\":\"Fibercrafters\"},\"image\":{\"@id\":\"https:\/\/fibercrafters.pl\/#\/schema\/logo\/image\/\"},\"sameAs\":[\"https:\/\/www.facebook.com\/people\/Fiber-Crafters\/61562841616266\/\",\"https:\/\/www.instagram.com\/fiber.crafters\/\"]}]}<\/script>\n<!-- \/ Yoast SEO plugin. -->","yoast_head_json":{"title":"Sznurek do szycia FIBER CRAFTERS 6mm 100m DUO (CZARNY-\u015aMIETANKA) | Fibercrafters","robots":{"index":"index","follow":"follow","max-snippet":"max-snippet:-1","max-image-preview":"max-image-preview:large","max-video-preview":"max-video-preview:-1"},"canonical":"https:\/\/fibercrafters.pl\/en\/product\/sznurek-do-szycia-fiber-crafters-6mm-100m-duo-czarny-smietanka\/","og_locale":"en_US","og_type":"article","og_title":"Sznurek do szycia FIBER CRAFTERS 6mm 100m DUO (CZARNY-\u015aMIETANKA) | Fibercrafters","og_description":"Pragn\u0119 Wam przedstawi\u0107 nowo\u015b\u0107 na polskim rynku: bawe\u0142niany, sztywny sznurek do szycia (r\u00f3wnie\u017c na maszynie domowej) \ud83d\ude09 Sznurek nie zapada...","og_url":"https:\/\/fibercrafters.pl\/en\/product\/sznurek-do-szycia-fiber-crafters-6mm-100m-duo-czarny-smietanka\/","og_site_name":"Fibercrafters","article_publisher":"https:\/\/www.facebook.com\/people\/Fiber-Crafters\/61562841616266\/","article_modified_time":"2026-03-17T21:11:07+00:00","og_image":[{"width":1024,"height":1024,"url":"https:\/\/fibercrafters.pl\/wp-content\/uploads\/2024\/10\/Tekst-akapitu-52-1024x1024.png","type":"image\/png"}],"twitter_card":"summary_large_image","twitter_misc":{"Est. reading time":"1 minute"},"schema":{"@context":"https:\/\/schema.org","@graph":[{"@type":"WebPage","@id":"https:\/\/fibercrafters.pl\/produkt\/sznurek-do-szycia-fiber-crafters-6mm-100m-duo-czarny-smietanka\/","url":"https:\/\/fibercrafters.pl\/produkt\/sznurek-do-szycia-fiber-crafters-6mm-100m-duo-czarny-smietanka\/","name":"Sznurek do szycia FIBER CRAFTERS 6mm 100m DUO (CZARNY-\u015aMIETANKA) | Fibercrafters","isPartOf":{"@id":"https:\/\/fibercrafters.pl\/#website"},"primaryImageOfPage":{"@id":"https:\/\/fibercrafters.pl\/produkt\/sznurek-do-szycia-fiber-crafters-6mm-100m-duo-czarny-smietanka\/#primaryimage"},"image":{"@id":"https:\/\/fibercrafters.pl\/produkt\/sznurek-do-szycia-fiber-crafters-6mm-100m-duo-czarny-smietanka\/#primaryimage"},"thumbnailUrl":"https:\/\/fibercrafters.pl\/wp-content\/uploads\/2024\/10\/Tekst-akapitu-52.png","datePublished":"2024-10-22T18:59:51+00:00","dateModified":"2026-03-17T21:11:07+00:00","breadcrumb":{"@id":"https:\/\/fibercrafters.pl\/produkt\/sznurek-do-szycia-fiber-crafters-6mm-100m-duo-czarny-smietanka\/#breadcrumb"},"inLanguage":"en-US","potentialAction":[{"@type":"ReadAction","target":["https:\/\/fibercrafters.pl\/produkt\/sznurek-do-szycia-fiber-crafters-6mm-100m-duo-czarny-smietanka\/"]}]},{"@type":"ImageObject","inLanguage":"en-US","@id":"https:\/\/fibercrafters.pl\/produkt\/sznurek-do-szycia-fiber-crafters-6mm-100m-duo-czarny-smietanka\/#primaryimage","url":"https:\/\/fibercrafters.pl\/wp-content\/uploads\/2024\/10\/Tekst-akapitu-52.png","contentUrl":"https:\/\/fibercrafters.pl\/wp-content\/uploads\/2024\/10\/Tekst-akapitu-52.png","width":1845,"height":1845},{"@type":"BreadcrumbList","@id":"https:\/\/fibercrafters.pl\/produkt\/sznurek-do-szycia-fiber-crafters-6mm-100m-duo-czarny-smietanka\/#breadcrumb","itemListElement":[{"@type":"ListItem","position":1,"name":"Strona g\u0142\u00f3wna","item":"https:\/\/fibercrafters.pl\/"},{"@type":"ListItem","position":2,"name":"Sklep","item":"https:\/\/fibercrafters.pl\/sklep\/"},{"@type":"ListItem","position":3,"name":"Sznurek do szycia FIBER CRAFTERS 6mm 100m DUO (CZARNY-\u015aMIETANKA)"}]},{"@type":"WebSite","@id":"https:\/\/fibercrafters.pl\/#website","url":"https:\/\/fibercrafters.pl\/","name":"Fibercrafters","description":"Sznurki do szycia","publisher":{"@id":"https:\/\/fibercrafters.pl\/#organization"},"potentialAction":[{"@type":"SearchAction","target":{"@type":"EntryPoint","urlTemplate":"https:\/\/fibercrafters.pl\/?s={search_term_string}"},"query-input":{"@type":"PropertyValueSpecification","valueRequired":true,"valueName":"search_term_string"}}],"inLanguage":"en-US"},{"@type":"Organization","@id":"https:\/\/fibercrafters.pl\/#organization","name":"Fibercrafters","url":"https:\/\/fibercrafters.pl\/","logo":{"@type":"ImageObject","inLanguage":"en-US","@id":"https:\/\/fibercrafters.pl\/#\/schema\/logo\/image\/","url":"https:\/\/fibercrafters.pl\/wp-content\/uploads\/2025\/01\/cropped-fibercraft-1.webp","contentUrl":"https:\/\/fibercrafters.pl\/wp-content\/uploads\/2025\/01\/cropped-fibercraft-1.webp","width":267,"height":144,"caption":"Fibercrafters"},"image":{"@id":"https:\/\/fibercrafters.pl\/#\/schema\/logo\/image\/"},"sameAs":["https:\/\/www.facebook.com\/people\/Fiber-Crafters\/61562841616266\/","https:\/\/www.instagram.com\/fiber.crafters\/"]}]}},"_links":{"self":[{"href":"https:\/\/fibercrafters.pl\/en\/wp-json\/wp\/v2\/product\/3458","targetHints":{"allow":["GET"]}}],"collection":[{"href":"https:\/\/fibercrafters.pl\/en\/wp-json\/wp\/v2\/product"}],"about":[{"href":"https:\/\/fibercrafters.pl\/en\/wp-json\/wp\/v2\/types\/product"}],"wp:featuredmedia":[{"embeddable":true,"href":"https:\/\/fibercrafters.pl\/en\/wp-json\/wp\/v2\/media\/3463"}],"wp:attachment":[{"href":"https:\/\/fibercrafters.pl\/en\/wp-json\/wp\/v2\/media?parent=3458"}],"wp:term":[{"taxonomy":"product_brand","embeddable":true,"href":"https:\/\/fibercrafters.pl\/en\/wp-json\/wp\/v2\/product_brand?post=3458"},{"taxonomy":"product_cat","embeddable":true,"href":"https:\/\/fibercrafters.pl\/en\/wp-json\/wp\/v2\/product_cat?post=3458"},{"taxonomy":"product_tag","embeddable":true,"href":"https:\/\/fibercrafters.pl\/en\/wp-json\/wp\/v2\/product_tag?post=3458"}],"curies":[{"name":"wp","href":"https:\/\/api.w.org\/{rel}","templated":true}]}}