{"id":3436,"date":"2024-10-12T16:33:24","date_gmt":"2024-10-12T14:33:24","guid":{"rendered":"https:\/\/fibercrafters.pl\/?post_type=product&#038;p=3436"},"modified":"2026-03-17T22:09:56","modified_gmt":"2026-03-17T21:09:56","slug":"sznurek-do-szycia-fiber-crafters-6mm-100m-drewniany","status":"publish","type":"product","link":"https:\/\/fibercrafters.pl\/en\/product\/sznurek-do-szycia-fiber-crafters-6mm-100m-drewniany\/","title":{"rendered":"Sznurek do szycia FIBER CRAFTERS 6mm 100m nr 703 DREWNIANY"},"content":{"rendered":"<p>Pragn\u0119 Wam przedstawi\u0107 nowo\u015b\u0107 na polskim rynku: bawe\u0142niany, sztywny sznurek do szycia (r\u00f3wnie\u017c na maszynie domowej) \ud83d\ude09<\/p>\n<p>Sznurek nie zapada si\u0119, nie rozci\u0105ga si\u0119 jak sznurki konkurencji, trzyma swoj\u0105 form\u0119. Zosta\u0142 stworzony w\u00a0 polskiej pracowni Fiber Crafters.<\/p>\n<p>Uszyjesz z niego: kosze, torby (przyk\u0142adowa realizacja widoczna na ostatnim zdj\u0119ciu), podk\u0142adki, dywany, bie\u017cniki, legowiska, kojce, koszyki, liny do obag\u00f3w i wiele,wiele innych.<\/p>\n<p>Przedmiotem oferty jest sznurek 6mm o nawoju 100m (mo\u017cemy nawin\u0105\u0107 wi\u0119ksz\u0105 ilo\u015b\u0107 metr\u00f3w w jednym kawa\u0142ku) w kolorze <b>703 DREWNIANY (MIESZANKA CZEKOLADY Z BE\u017bEM)<\/b>.<\/p>\n<p>Je\u015bli szukasz r\u00f3wnie\u017c nici pasuj\u0105cych kolorystycznie do sznurka &#8211;\u00a0 <b>Mamy to:)<\/b><\/p>\n<p><b>100 metr\u00f3w sznurka starczy\u0142o na uszycie du\u017cej torby widocznej na ostatnim zdj\u0119ciu oraz mniejszego koszyczka na chleb i kilku mniejszych podk\u0142adek na st\u00f3\u0142 \ud83d\ude09<\/b><\/p>\n<p><b>Zapraszam r\u00f3wnie\u017c do obejrzenia filmik\u00f3w na instagramie @fiber.crafters<\/b><\/p>\n<h2>Sztywny sznurek do szycia na maszynie<\/h2>\n<p>Zajmujesz si\u0119 <strong>szyciem <\/strong>r\u0119kodzie\u0142a? Nic nie cieszy bardziej ni\u017c samodzielnie wykonana torebka, koszyk, dywanik, podk\u0142adka, pude\u0142ko. Z naszym <strong>sznurkiem<\/strong> stworzysz zachwycaj\u0105ce prace zar\u00f3wno dla siebie, jak i na prezent dla innych. Szeroko\u015b\u0107 <strong>6 mm<\/strong> jest idealna do uk\u0142adania fantazyjnych wzor\u00f3w \u2014 zawijas\u00f3w, ornament\u00f3w czy mandali, a jednocze\u015bnie optymalna do przymocowania nici\u0105 <strong>na <\/strong>domowej <strong>maszynie<\/strong>. Je\u015bli chodzi o pomys\u0142y, to ogranicza Ci\u0119 tylko Twoja wyobra\u017ania, bo na pewno nie d\u0142ugo\u015b\u0107 \u2014 mo\u017cemy nawin\u0105\u0107 znacznie wi\u0119cej sznurka ni\u017c 100 metr\u00f3w, dzi\u0119ki czemu Tw\u00f3j projekt mo\u017ce rosn\u0105\u0107 i rozwija\u0107 si\u0119 wed\u0142ug Twojego zamys\u0142u.<\/p>\n<h3>Dlaczego sztywny sznurek bawe\u0142niany to dobry produkt do szycia na maszynie?<\/h3>\n<p>Bawe\u0142na cieszy si\u0119 du\u017c\u0105 popularno\u015bci\u0105 w\u015br\u00f3d r\u0119kodzielnik\u00f3w \u2014 jest elastyczna, przyjemna w dotyku, mo\u017cna j\u0105 pra\u0107, a stworzone z niej dzie\u0142a ciesz\u0105 oko przez d\u0142ugi czas. Oferowany przez nas <strong>sztywny sznurek do szycia na maszynie <\/strong>spe\u0142nia te wszystkie wymagania, a co wi\u0119cej \u2014 jest dost\u0119pny w uniwersalnym, ziemnym kolorze. Pasuje wi\u0119c np. do torebek w stylu boho, kt\u00f3re po uszyciu mo\u017cna dodatkowo ozdobi\u0107 lub pozostawi\u0107 w stanie surowym, ale te\u017c \u015bwietnie nadaje si\u0119 na podk\u0142adki czy koszyczki do chleba. Naturalna barwa dobrze komponuje si\u0119 z innymi kolorami i pasuje do wi\u0119kszo\u015bci aran\u017cacji wn\u0119trz. Dzi\u0119ki usztywnieniu sznurek bardzo d\u0142ugo zachowuje swoj\u0105 form\u0119, a co najwa\u017cniejsze \u2014 jest to w 100% polski produkt!<\/p>\n<h3>Wybierz sznurek 6 mm i pu\u015b\u0107 wodze wyobra\u017ani!<\/h3>\n<p>Dla nas nie ma znaczenia, czy jeste\u015b do\u015bwiadczonym tw\u00f3rc\u0105, czy dopiero zaczynasz przygod\u0119 z r\u0119kodzie\u0142em i potrzebujesz sprawdzonych, niezawodnych, a jednocze\u015bnie przyst\u0119pnych cenowo materia\u0142\u00f3w od polskiego dostawcy. Z ch\u0119ci\u0105 pomo\u017cemy Ci nie tylko zakupi\u0107 odpowiedni\u0105 ilo\u015b\u0107 <strong>sztywnego sznurka 6 mm do szycia na maszynie<\/strong>, ale te\u017c \u2014 dobra\u0107 do niego kontrastuj\u0105cy lub pasuj\u0105cy kolorystycznie inny sznurek czy nici. Mo\u017cesz liczy\u0107 na nasze do\u015bwiadczenie i pomocn\u0105 d\u0142o\u0144. Zapraszamy!<\/p>","protected":false},"excerpt":{"rendered":"<p>Pragn\u0119 Wam przedstawi\u0107 nowo\u015b\u0107 na polskim rynku: bawe\u0142niany, sztywny sznurek do szycia (r\u00f3wnie\u017c na maszynie domowej) \ud83d\ude09 Sznurek nie zapada&#8230;<\/p>","protected":false},"featured_media":4215,"template":"","meta":[],"product_brand":[],"product_cat":[102,74],"product_tag":[],"class_list":{"0":"post-3436","1":"product","2":"type-product","3":"status-publish","4":"has-post-thumbnail","6":"product_cat-sznurek-bawelniany","7":"product_cat-sznurek-do-szycia-fiber-crafters","9":"first","10":"instock","11":"shipping-taxable","12":"purchasable","13":"product-type-simple"},"yoast_head":"<!-- This site is optimized with the Yoast SEO plugin v26.7 - https:\/\/yoast.com\/wordpress\/plugins\/seo\/ -->\n<title>Sznurek do szycia na maszynie, 6mm i 100m, nr 703 drewniany | Fibercrafters<\/title>\n<meta name=\"description\" content=\"Sztywny sznurek do szycia na maszynie 5mm duo jasny, 100m. Sznurek 6mm do projekt\u00f3w DIY. Wytrzyma\u0142y i uniwersalny \u2013 kup online w naszym sklepie FiberCrafters\" \/>\n<meta name=\"robots\" content=\"index, follow, max-snippet:-1, max-image-preview:large, max-video-preview:-1\" \/>\n<link rel=\"canonical\" href=\"https:\/\/fibercrafters.pl\/en\/product\/sznurek-do-szycia-fiber-crafters-6mm-100m-drewniany\/\" \/>\n<meta property=\"og:locale\" content=\"en_US\" \/>\n<meta property=\"og:type\" content=\"article\" \/>\n<meta property=\"og:title\" content=\"Sznurek do szycia na maszynie, 6mm i 100m, nr 703 drewniany | Fibercrafters\" \/>\n<meta property=\"og:description\" content=\"Sztywny sznurek do szycia na maszynie 5mm duo jasny, 100m. Sznurek 6mm do projekt\u00f3w DIY. Wytrzyma\u0142y i uniwersalny \u2013 kup online w naszym sklepie FiberCrafters\" \/>\n<meta property=\"og:url\" content=\"https:\/\/fibercrafters.pl\/en\/product\/sznurek-do-szycia-fiber-crafters-6mm-100m-drewniany\/\" \/>\n<meta property=\"og:site_name\" content=\"Fibercrafters\" \/>\n<meta property=\"article:publisher\" content=\"https:\/\/www.facebook.com\/people\/Fiber-Crafters\/61562841616266\/\" \/>\n<meta property=\"article:modified_time\" content=\"2026-03-17T21:09:56+00:00\" \/>\n<meta property=\"og:image\" content=\"https:\/\/fibercrafters.pl\/wp-content\/uploads\/2025\/05\/Tekst-akapitu-2025-06-01T115040.295-1024x1024.png\" \/>\n\t<meta property=\"og:image:width\" content=\"1024\" \/>\n\t<meta property=\"og:image:height\" content=\"1024\" \/>\n\t<meta property=\"og:image:type\" content=\"image\/png\" \/>\n<meta name=\"twitter:card\" content=\"summary_large_image\" \/>\n<meta name=\"twitter:label1\" content=\"Est. reading time\" \/>\n\t<meta name=\"twitter:data1\" content=\"3 minutes\" \/>\n<script type=\"application\/ld+json\" class=\"yoast-schema-graph\">{\"@context\":\"https:\/\/schema.org\",\"@graph\":[{\"@type\":\"WebPage\",\"@id\":\"https:\/\/fibercrafters.pl\/produkt\/sznurek-do-szycia-fiber-crafters-6mm-100m-drewniany\/\",\"url\":\"https:\/\/fibercrafters.pl\/produkt\/sznurek-do-szycia-fiber-crafters-6mm-100m-drewniany\/\",\"name\":\"Sznurek do szycia na maszynie, 6mm i 100m, nr 703 drewniany | Fibercrafters\",\"isPartOf\":{\"@id\":\"https:\/\/fibercrafters.pl\/#website\"},\"primaryImageOfPage\":{\"@id\":\"https:\/\/fibercrafters.pl\/produkt\/sznurek-do-szycia-fiber-crafters-6mm-100m-drewniany\/#primaryimage\"},\"image\":{\"@id\":\"https:\/\/fibercrafters.pl\/produkt\/sznurek-do-szycia-fiber-crafters-6mm-100m-drewniany\/#primaryimage\"},\"thumbnailUrl\":\"https:\/\/fibercrafters.pl\/wp-content\/uploads\/2025\/05\/Tekst-akapitu-2025-06-01T115040.295.png\",\"datePublished\":\"2024-10-12T14:33:24+00:00\",\"dateModified\":\"2026-03-17T21:09:56+00:00\",\"description\":\"Sztywny sznurek do szycia na maszynie 5mm duo jasny, 100m. Sznurek 6mm do projekt\u00f3w DIY. Wytrzyma\u0142y i uniwersalny \u2013 kup online w naszym sklepie FiberCrafters\",\"breadcrumb\":{\"@id\":\"https:\/\/fibercrafters.pl\/produkt\/sznurek-do-szycia-fiber-crafters-6mm-100m-drewniany\/#breadcrumb\"},\"inLanguage\":\"en-US\",\"potentialAction\":[{\"@type\":\"ReadAction\",\"target\":[\"https:\/\/fibercrafters.pl\/produkt\/sznurek-do-szycia-fiber-crafters-6mm-100m-drewniany\/\"]}]},{\"@type\":\"ImageObject\",\"inLanguage\":\"en-US\",\"@id\":\"https:\/\/fibercrafters.pl\/produkt\/sznurek-do-szycia-fiber-crafters-6mm-100m-drewniany\/#primaryimage\",\"url\":\"https:\/\/fibercrafters.pl\/wp-content\/uploads\/2025\/05\/Tekst-akapitu-2025-06-01T115040.295.png\",\"contentUrl\":\"https:\/\/fibercrafters.pl\/wp-content\/uploads\/2025\/05\/Tekst-akapitu-2025-06-01T115040.295.png\",\"width\":1600,\"height\":1600},{\"@type\":\"BreadcrumbList\",\"@id\":\"https:\/\/fibercrafters.pl\/produkt\/sznurek-do-szycia-fiber-crafters-6mm-100m-drewniany\/#breadcrumb\",\"itemListElement\":[{\"@type\":\"ListItem\",\"position\":1,\"name\":\"Strona g\u0142\u00f3wna\",\"item\":\"https:\/\/fibercrafters.pl\/\"},{\"@type\":\"ListItem\",\"position\":2,\"name\":\"Sklep\",\"item\":\"https:\/\/fibercrafters.pl\/sklep\/\"},{\"@type\":\"ListItem\",\"position\":3,\"name\":\"Sznurek do szycia FIBER CRAFTERS 6mm 100m nr 703 DREWNIANY\"}]},{\"@type\":\"WebSite\",\"@id\":\"https:\/\/fibercrafters.pl\/#website\",\"url\":\"https:\/\/fibercrafters.pl\/\",\"name\":\"Fibercrafters\",\"description\":\"Sznurki do szycia\",\"publisher\":{\"@id\":\"https:\/\/fibercrafters.pl\/#organization\"},\"potentialAction\":[{\"@type\":\"SearchAction\",\"target\":{\"@type\":\"EntryPoint\",\"urlTemplate\":\"https:\/\/fibercrafters.pl\/?s={search_term_string}\"},\"query-input\":{\"@type\":\"PropertyValueSpecification\",\"valueRequired\":true,\"valueName\":\"search_term_string\"}}],\"inLanguage\":\"en-US\"},{\"@type\":\"Organization\",\"@id\":\"https:\/\/fibercrafters.pl\/#organization\",\"name\":\"Fibercrafters\",\"url\":\"https:\/\/fibercrafters.pl\/\",\"logo\":{\"@type\":\"ImageObject\",\"inLanguage\":\"en-US\",\"@id\":\"https:\/\/fibercrafters.pl\/#\/schema\/logo\/image\/\",\"url\":\"https:\/\/fibercrafters.pl\/wp-content\/uploads\/2025\/01\/cropped-fibercraft-1.webp\",\"contentUrl\":\"https:\/\/fibercrafters.pl\/wp-content\/uploads\/2025\/01\/cropped-fibercraft-1.webp\",\"width\":267,\"height\":144,\"caption\":\"Fibercrafters\"},\"image\":{\"@id\":\"https:\/\/fibercrafters.pl\/#\/schema\/logo\/image\/\"},\"sameAs\":[\"https:\/\/www.facebook.com\/people\/Fiber-Crafters\/61562841616266\/\",\"https:\/\/www.instagram.com\/fiber.crafters\/\"]}]}<\/script>\n<!-- \/ Yoast SEO plugin. -->","yoast_head_json":{"title":"Sznurek do szycia na maszynie, 6mm i 100m, nr 703 drewniany | Fibercrafters","description":"Sztywny sznurek do szycia na maszynie 5mm duo jasny, 100m. Sznurek 6mm do projekt\u00f3w DIY. Wytrzyma\u0142y i uniwersalny \u2013 kup online w naszym sklepie FiberCrafters","robots":{"index":"index","follow":"follow","max-snippet":"max-snippet:-1","max-image-preview":"max-image-preview:large","max-video-preview":"max-video-preview:-1"},"canonical":"https:\/\/fibercrafters.pl\/en\/product\/sznurek-do-szycia-fiber-crafters-6mm-100m-drewniany\/","og_locale":"en_US","og_type":"article","og_title":"Sznurek do szycia na maszynie, 6mm i 100m, nr 703 drewniany | Fibercrafters","og_description":"Sztywny sznurek do szycia na maszynie 5mm duo jasny, 100m. Sznurek 6mm do projekt\u00f3w DIY. Wytrzyma\u0142y i uniwersalny \u2013 kup online w naszym sklepie FiberCrafters","og_url":"https:\/\/fibercrafters.pl\/en\/product\/sznurek-do-szycia-fiber-crafters-6mm-100m-drewniany\/","og_site_name":"Fibercrafters","article_publisher":"https:\/\/www.facebook.com\/people\/Fiber-Crafters\/61562841616266\/","article_modified_time":"2026-03-17T21:09:56+00:00","og_image":[{"width":1024,"height":1024,"url":"https:\/\/fibercrafters.pl\/wp-content\/uploads\/2025\/05\/Tekst-akapitu-2025-06-01T115040.295-1024x1024.png","type":"image\/png"}],"twitter_card":"summary_large_image","twitter_misc":{"Est. reading time":"3 minutes"},"schema":{"@context":"https:\/\/schema.org","@graph":[{"@type":"WebPage","@id":"https:\/\/fibercrafters.pl\/produkt\/sznurek-do-szycia-fiber-crafters-6mm-100m-drewniany\/","url":"https:\/\/fibercrafters.pl\/produkt\/sznurek-do-szycia-fiber-crafters-6mm-100m-drewniany\/","name":"Sznurek do szycia na maszynie, 6mm i 100m, nr 703 drewniany | Fibercrafters","isPartOf":{"@id":"https:\/\/fibercrafters.pl\/#website"},"primaryImageOfPage":{"@id":"https:\/\/fibercrafters.pl\/produkt\/sznurek-do-szycia-fiber-crafters-6mm-100m-drewniany\/#primaryimage"},"image":{"@id":"https:\/\/fibercrafters.pl\/produkt\/sznurek-do-szycia-fiber-crafters-6mm-100m-drewniany\/#primaryimage"},"thumbnailUrl":"https:\/\/fibercrafters.pl\/wp-content\/uploads\/2025\/05\/Tekst-akapitu-2025-06-01T115040.295.png","datePublished":"2024-10-12T14:33:24+00:00","dateModified":"2026-03-17T21:09:56+00:00","description":"Sztywny sznurek do szycia na maszynie 5mm duo jasny, 100m. Sznurek 6mm do projekt\u00f3w DIY. Wytrzyma\u0142y i uniwersalny \u2013 kup online w naszym sklepie FiberCrafters","breadcrumb":{"@id":"https:\/\/fibercrafters.pl\/produkt\/sznurek-do-szycia-fiber-crafters-6mm-100m-drewniany\/#breadcrumb"},"inLanguage":"en-US","potentialAction":[{"@type":"ReadAction","target":["https:\/\/fibercrafters.pl\/produkt\/sznurek-do-szycia-fiber-crafters-6mm-100m-drewniany\/"]}]},{"@type":"ImageObject","inLanguage":"en-US","@id":"https:\/\/fibercrafters.pl\/produkt\/sznurek-do-szycia-fiber-crafters-6mm-100m-drewniany\/#primaryimage","url":"https:\/\/fibercrafters.pl\/wp-content\/uploads\/2025\/05\/Tekst-akapitu-2025-06-01T115040.295.png","contentUrl":"https:\/\/fibercrafters.pl\/wp-content\/uploads\/2025\/05\/Tekst-akapitu-2025-06-01T115040.295.png","width":1600,"height":1600},{"@type":"BreadcrumbList","@id":"https:\/\/fibercrafters.pl\/produkt\/sznurek-do-szycia-fiber-crafters-6mm-100m-drewniany\/#breadcrumb","itemListElement":[{"@type":"ListItem","position":1,"name":"Strona g\u0142\u00f3wna","item":"https:\/\/fibercrafters.pl\/"},{"@type":"ListItem","position":2,"name":"Sklep","item":"https:\/\/fibercrafters.pl\/sklep\/"},{"@type":"ListItem","position":3,"name":"Sznurek do szycia FIBER CRAFTERS 6mm 100m nr 703 DREWNIANY"}]},{"@type":"WebSite","@id":"https:\/\/fibercrafters.pl\/#website","url":"https:\/\/fibercrafters.pl\/","name":"Fibercrafters","description":"Sznurki do szycia","publisher":{"@id":"https:\/\/fibercrafters.pl\/#organization"},"potentialAction":[{"@type":"SearchAction","target":{"@type":"EntryPoint","urlTemplate":"https:\/\/fibercrafters.pl\/?s={search_term_string}"},"query-input":{"@type":"PropertyValueSpecification","valueRequired":true,"valueName":"search_term_string"}}],"inLanguage":"en-US"},{"@type":"Organization","@id":"https:\/\/fibercrafters.pl\/#organization","name":"Fibercrafters","url":"https:\/\/fibercrafters.pl\/","logo":{"@type":"ImageObject","inLanguage":"en-US","@id":"https:\/\/fibercrafters.pl\/#\/schema\/logo\/image\/","url":"https:\/\/fibercrafters.pl\/wp-content\/uploads\/2025\/01\/cropped-fibercraft-1.webp","contentUrl":"https:\/\/fibercrafters.pl\/wp-content\/uploads\/2025\/01\/cropped-fibercraft-1.webp","width":267,"height":144,"caption":"Fibercrafters"},"image":{"@id":"https:\/\/fibercrafters.pl\/#\/schema\/logo\/image\/"},"sameAs":["https:\/\/www.facebook.com\/people\/Fiber-Crafters\/61562841616266\/","https:\/\/www.instagram.com\/fiber.crafters\/"]}]}},"_links":{"self":[{"href":"https:\/\/fibercrafters.pl\/en\/wp-json\/wp\/v2\/product\/3436","targetHints":{"allow":["GET"]}}],"collection":[{"href":"https:\/\/fibercrafters.pl\/en\/wp-json\/wp\/v2\/product"}],"about":[{"href":"https:\/\/fibercrafters.pl\/en\/wp-json\/wp\/v2\/types\/product"}],"wp:featuredmedia":[{"embeddable":true,"href":"https:\/\/fibercrafters.pl\/en\/wp-json\/wp\/v2\/media\/4215"}],"wp:attachment":[{"href":"https:\/\/fibercrafters.pl\/en\/wp-json\/wp\/v2\/media?parent=3436"}],"wp:term":[{"taxonomy":"product_brand","embeddable":true,"href":"https:\/\/fibercrafters.pl\/en\/wp-json\/wp\/v2\/product_brand?post=3436"},{"taxonomy":"product_cat","embeddable":true,"href":"https:\/\/fibercrafters.pl\/en\/wp-json\/wp\/v2\/product_cat?post=3436"},{"taxonomy":"product_tag","embeddable":true,"href":"https:\/\/fibercrafters.pl\/en\/wp-json\/wp\/v2\/product_tag?post=3436"}],"curies":[{"name":"wp","href":"https:\/\/api.w.org\/{rel}","templated":true}]}}