{"id":3427,"date":"2024-10-12T16:25:14","date_gmt":"2024-10-12T14:25:14","guid":{"rendered":"https:\/\/fibercrafters.pl\/?post_type=product&#038;p=3427"},"modified":"2026-03-17T22:10:29","modified_gmt":"2026-03-17T21:10:29","slug":"nici-nic-hard-do-sztywny-sznurek-do-szycia-5000y-fiolet","status":"publish","type":"product","link":"https:\/\/fibercrafters.pl\/en\/product\/nici-nic-hard-do-sztywny-sznurek-do-szycia-5000y-fiolet\/","title":{"rendered":"NICI ni\u0107 HARD do sztywny sznurek do szycia 5000y FIOLET"},"content":{"rendered":"<p>Przedmiotem oferty jest du\u017ca szpula wzmocnionej nici kolorystycznie pasuj\u0105cej do\u00a0<b>SZTYWNEGO SZNURKA DO SZYCIA<\/b>\u00a0 w kolorze<b> FIOLET<\/b>.<\/p>\n<p>Naw\u00f3j 5000y (ok 4500m), grubo\u015b\u0107 120 (40\/2).<\/p>\n<p>Niezawodnie pod wzgl\u0119dem zrywalno\u015bci i \u015bcieralno\u015bci.<\/p>\n<p>&nbsp;<\/p>\n<p>SZNUREK DO SZYCIA to nowo\u015b\u0107 na polskim rynku: bawe\u0142niany, sztywny sznurek do szycia (r\u00f3wnie\u017c na maszynie domowej) \ud83d\ude09<\/p>\n<p>Sznurek nie zapada si\u0119, nie rozci\u0105ga si\u0119 jak sznurki konkurencji, trzyma swoj\u0105 form\u0119. Zosta\u0142 stworzony w\u00a0 polskiej pracowni Fiber Crafters.<\/p>\n<p>Uszyjesz z niego: kosze, torby (przyk\u0142adowa realizacja widoczna na ostatnim zdj\u0119ciu), podk\u0142adki, dywany, bie\u017cniki, legowiska, kojce, koszyki, liny do obag\u00f3w i wiele,wiele innych.<\/p>","protected":false},"excerpt":{"rendered":"<p>Przedmiotem oferty jest du\u017ca szpula wzmocnionej nici kolorystycznie pasuj\u0105cej do\u00a0SZTYWNEGO SZNURKA DO SZYCIA\u00a0 w kolorze FIOLET. Naw\u00f3j 5000y (ok 4500m),&#8230;<\/p>","protected":false},"featured_media":3419,"template":"","meta":[],"product_brand":[],"product_cat":[15],"product_tag":[],"class_list":{"0":"post-3427","1":"product","2":"type-product","3":"status-publish","4":"has-post-thumbnail","6":"product_cat-nici_do_sznurka_fiber_crafters","8":"first","9":"instock","10":"shipping-taxable","11":"purchasable","12":"product-type-simple"},"yoast_head":"<!-- This site is optimized with the Yoast SEO plugin v26.7 - https:\/\/yoast.com\/wordpress\/plugins\/seo\/ -->\n<title>NICI ni\u0107 HARD do sztywny sznurek do szycia 5000y FIOLET | Fibercrafters<\/title>\n<meta name=\"robots\" content=\"index, follow, max-snippet:-1, max-image-preview:large, max-video-preview:-1\" \/>\n<link rel=\"canonical\" href=\"https:\/\/fibercrafters.pl\/en\/product\/nici-nic-hard-do-sztywny-sznurek-do-szycia-5000y-fiolet\/\" \/>\n<meta property=\"og:locale\" content=\"en_US\" \/>\n<meta property=\"og:type\" content=\"article\" \/>\n<meta property=\"og:title\" content=\"NICI ni\u0107 HARD do sztywny sznurek do szycia 5000y FIOLET | Fibercrafters\" \/>\n<meta property=\"og:description\" content=\"Przedmiotem oferty jest du\u017ca szpula wzmocnionej nici kolorystycznie pasuj\u0105cej do\u00a0SZTYWNEGO SZNURKA DO SZYCIA\u00a0 w kolorze FIOLET. Naw\u00f3j 5000y (ok 4500m),...\" \/>\n<meta property=\"og:url\" content=\"https:\/\/fibercrafters.pl\/en\/product\/nici-nic-hard-do-sztywny-sznurek-do-szycia-5000y-fiolet\/\" \/>\n<meta property=\"og:site_name\" content=\"Fibercrafters\" \/>\n<meta property=\"article:publisher\" content=\"https:\/\/www.facebook.com\/people\/Fiber-Crafters\/61562841616266\/\" \/>\n<meta property=\"article:modified_time\" content=\"2026-03-17T21:10:29+00:00\" \/>\n<meta property=\"og:image\" content=\"https:\/\/fibercrafters.pl\/wp-content\/uploads\/2024\/10\/in5040183737.jpg\" \/>\n\t<meta property=\"og:image:width\" content=\"600\" \/>\n\t<meta property=\"og:image:height\" content=\"600\" \/>\n\t<meta property=\"og:image:type\" content=\"image\/jpeg\" \/>\n<meta name=\"twitter:card\" content=\"summary_large_image\" \/>\n<meta name=\"twitter:label1\" content=\"Est. reading time\" \/>\n\t<meta name=\"twitter:data1\" content=\"1 minute\" \/>\n<script type=\"application\/ld+json\" class=\"yoast-schema-graph\">{\"@context\":\"https:\/\/schema.org\",\"@graph\":[{\"@type\":\"WebPage\",\"@id\":\"https:\/\/fibercrafters.pl\/produkt\/nici-nic-hard-do-sztywny-sznurek-do-szycia-5000y-fiolet\/\",\"url\":\"https:\/\/fibercrafters.pl\/produkt\/nici-nic-hard-do-sztywny-sznurek-do-szycia-5000y-fiolet\/\",\"name\":\"NICI ni\u0107 HARD do sztywny sznurek do szycia 5000y FIOLET | Fibercrafters\",\"isPartOf\":{\"@id\":\"https:\/\/fibercrafters.pl\/#website\"},\"primaryImageOfPage\":{\"@id\":\"https:\/\/fibercrafters.pl\/produkt\/nici-nic-hard-do-sztywny-sznurek-do-szycia-5000y-fiolet\/#primaryimage\"},\"image\":{\"@id\":\"https:\/\/fibercrafters.pl\/produkt\/nici-nic-hard-do-sztywny-sznurek-do-szycia-5000y-fiolet\/#primaryimage\"},\"thumbnailUrl\":\"https:\/\/fibercrafters.pl\/wp-content\/uploads\/2024\/10\/in5040183737.jpg\",\"datePublished\":\"2024-10-12T14:25:14+00:00\",\"dateModified\":\"2026-03-17T21:10:29+00:00\",\"breadcrumb\":{\"@id\":\"https:\/\/fibercrafters.pl\/produkt\/nici-nic-hard-do-sztywny-sznurek-do-szycia-5000y-fiolet\/#breadcrumb\"},\"inLanguage\":\"en-US\",\"potentialAction\":[{\"@type\":\"ReadAction\",\"target\":[\"https:\/\/fibercrafters.pl\/produkt\/nici-nic-hard-do-sztywny-sznurek-do-szycia-5000y-fiolet\/\"]}]},{\"@type\":\"ImageObject\",\"inLanguage\":\"en-US\",\"@id\":\"https:\/\/fibercrafters.pl\/produkt\/nici-nic-hard-do-sztywny-sznurek-do-szycia-5000y-fiolet\/#primaryimage\",\"url\":\"https:\/\/fibercrafters.pl\/wp-content\/uploads\/2024\/10\/in5040183737.jpg\",\"contentUrl\":\"https:\/\/fibercrafters.pl\/wp-content\/uploads\/2024\/10\/in5040183737.jpg\",\"width\":600,\"height\":600},{\"@type\":\"BreadcrumbList\",\"@id\":\"https:\/\/fibercrafters.pl\/produkt\/nici-nic-hard-do-sztywny-sznurek-do-szycia-5000y-fiolet\/#breadcrumb\",\"itemListElement\":[{\"@type\":\"ListItem\",\"position\":1,\"name\":\"Strona g\u0142\u00f3wna\",\"item\":\"https:\/\/fibercrafters.pl\/\"},{\"@type\":\"ListItem\",\"position\":2,\"name\":\"Sklep\",\"item\":\"https:\/\/fibercrafters.pl\/sklep\/\"},{\"@type\":\"ListItem\",\"position\":3,\"name\":\"NICI ni\u0107 HARD do sztywny sznurek do szycia 5000y FIOLET\"}]},{\"@type\":\"WebSite\",\"@id\":\"https:\/\/fibercrafters.pl\/#website\",\"url\":\"https:\/\/fibercrafters.pl\/\",\"name\":\"Fibercrafters\",\"description\":\"Sznurki do szycia\",\"publisher\":{\"@id\":\"https:\/\/fibercrafters.pl\/#organization\"},\"potentialAction\":[{\"@type\":\"SearchAction\",\"target\":{\"@type\":\"EntryPoint\",\"urlTemplate\":\"https:\/\/fibercrafters.pl\/?s={search_term_string}\"},\"query-input\":{\"@type\":\"PropertyValueSpecification\",\"valueRequired\":true,\"valueName\":\"search_term_string\"}}],\"inLanguage\":\"en-US\"},{\"@type\":\"Organization\",\"@id\":\"https:\/\/fibercrafters.pl\/#organization\",\"name\":\"Fibercrafters\",\"url\":\"https:\/\/fibercrafters.pl\/\",\"logo\":{\"@type\":\"ImageObject\",\"inLanguage\":\"en-US\",\"@id\":\"https:\/\/fibercrafters.pl\/#\/schema\/logo\/image\/\",\"url\":\"https:\/\/fibercrafters.pl\/wp-content\/uploads\/2025\/01\/cropped-fibercraft-1.webp\",\"contentUrl\":\"https:\/\/fibercrafters.pl\/wp-content\/uploads\/2025\/01\/cropped-fibercraft-1.webp\",\"width\":267,\"height\":144,\"caption\":\"Fibercrafters\"},\"image\":{\"@id\":\"https:\/\/fibercrafters.pl\/#\/schema\/logo\/image\/\"},\"sameAs\":[\"https:\/\/www.facebook.com\/people\/Fiber-Crafters\/61562841616266\/\",\"https:\/\/www.instagram.com\/fiber.crafters\/\"]}]}<\/script>\n<!-- \/ Yoast SEO plugin. -->","yoast_head_json":{"title":"NICI ni\u0107 HARD do sztywny sznurek do szycia 5000y FIOLET | Fibercrafters","robots":{"index":"index","follow":"follow","max-snippet":"max-snippet:-1","max-image-preview":"max-image-preview:large","max-video-preview":"max-video-preview:-1"},"canonical":"https:\/\/fibercrafters.pl\/en\/product\/nici-nic-hard-do-sztywny-sznurek-do-szycia-5000y-fiolet\/","og_locale":"en_US","og_type":"article","og_title":"NICI ni\u0107 HARD do sztywny sznurek do szycia 5000y FIOLET | Fibercrafters","og_description":"Przedmiotem oferty jest du\u017ca szpula wzmocnionej nici kolorystycznie pasuj\u0105cej do\u00a0SZTYWNEGO SZNURKA DO SZYCIA\u00a0 w kolorze FIOLET. Naw\u00f3j 5000y (ok 4500m),...","og_url":"https:\/\/fibercrafters.pl\/en\/product\/nici-nic-hard-do-sztywny-sznurek-do-szycia-5000y-fiolet\/","og_site_name":"Fibercrafters","article_publisher":"https:\/\/www.facebook.com\/people\/Fiber-Crafters\/61562841616266\/","article_modified_time":"2026-03-17T21:10:29+00:00","og_image":[{"width":600,"height":600,"url":"https:\/\/fibercrafters.pl\/wp-content\/uploads\/2024\/10\/in5040183737.jpg","type":"image\/jpeg"}],"twitter_card":"summary_large_image","twitter_misc":{"Est. reading time":"1 minute"},"schema":{"@context":"https:\/\/schema.org","@graph":[{"@type":"WebPage","@id":"https:\/\/fibercrafters.pl\/produkt\/nici-nic-hard-do-sztywny-sznurek-do-szycia-5000y-fiolet\/","url":"https:\/\/fibercrafters.pl\/produkt\/nici-nic-hard-do-sztywny-sznurek-do-szycia-5000y-fiolet\/","name":"NICI ni\u0107 HARD do sztywny sznurek do szycia 5000y FIOLET | Fibercrafters","isPartOf":{"@id":"https:\/\/fibercrafters.pl\/#website"},"primaryImageOfPage":{"@id":"https:\/\/fibercrafters.pl\/produkt\/nici-nic-hard-do-sztywny-sznurek-do-szycia-5000y-fiolet\/#primaryimage"},"image":{"@id":"https:\/\/fibercrafters.pl\/produkt\/nici-nic-hard-do-sztywny-sznurek-do-szycia-5000y-fiolet\/#primaryimage"},"thumbnailUrl":"https:\/\/fibercrafters.pl\/wp-content\/uploads\/2024\/10\/in5040183737.jpg","datePublished":"2024-10-12T14:25:14+00:00","dateModified":"2026-03-17T21:10:29+00:00","breadcrumb":{"@id":"https:\/\/fibercrafters.pl\/produkt\/nici-nic-hard-do-sztywny-sznurek-do-szycia-5000y-fiolet\/#breadcrumb"},"inLanguage":"en-US","potentialAction":[{"@type":"ReadAction","target":["https:\/\/fibercrafters.pl\/produkt\/nici-nic-hard-do-sztywny-sznurek-do-szycia-5000y-fiolet\/"]}]},{"@type":"ImageObject","inLanguage":"en-US","@id":"https:\/\/fibercrafters.pl\/produkt\/nici-nic-hard-do-sztywny-sznurek-do-szycia-5000y-fiolet\/#primaryimage","url":"https:\/\/fibercrafters.pl\/wp-content\/uploads\/2024\/10\/in5040183737.jpg","contentUrl":"https:\/\/fibercrafters.pl\/wp-content\/uploads\/2024\/10\/in5040183737.jpg","width":600,"height":600},{"@type":"BreadcrumbList","@id":"https:\/\/fibercrafters.pl\/produkt\/nici-nic-hard-do-sztywny-sznurek-do-szycia-5000y-fiolet\/#breadcrumb","itemListElement":[{"@type":"ListItem","position":1,"name":"Strona g\u0142\u00f3wna","item":"https:\/\/fibercrafters.pl\/"},{"@type":"ListItem","position":2,"name":"Sklep","item":"https:\/\/fibercrafters.pl\/sklep\/"},{"@type":"ListItem","position":3,"name":"NICI ni\u0107 HARD do sztywny sznurek do szycia 5000y FIOLET"}]},{"@type":"WebSite","@id":"https:\/\/fibercrafters.pl\/#website","url":"https:\/\/fibercrafters.pl\/","name":"Fibercrafters","description":"Sznurki do szycia","publisher":{"@id":"https:\/\/fibercrafters.pl\/#organization"},"potentialAction":[{"@type":"SearchAction","target":{"@type":"EntryPoint","urlTemplate":"https:\/\/fibercrafters.pl\/?s={search_term_string}"},"query-input":{"@type":"PropertyValueSpecification","valueRequired":true,"valueName":"search_term_string"}}],"inLanguage":"en-US"},{"@type":"Organization","@id":"https:\/\/fibercrafters.pl\/#organization","name":"Fibercrafters","url":"https:\/\/fibercrafters.pl\/","logo":{"@type":"ImageObject","inLanguage":"en-US","@id":"https:\/\/fibercrafters.pl\/#\/schema\/logo\/image\/","url":"https:\/\/fibercrafters.pl\/wp-content\/uploads\/2025\/01\/cropped-fibercraft-1.webp","contentUrl":"https:\/\/fibercrafters.pl\/wp-content\/uploads\/2025\/01\/cropped-fibercraft-1.webp","width":267,"height":144,"caption":"Fibercrafters"},"image":{"@id":"https:\/\/fibercrafters.pl\/#\/schema\/logo\/image\/"},"sameAs":["https:\/\/www.facebook.com\/people\/Fiber-Crafters\/61562841616266\/","https:\/\/www.instagram.com\/fiber.crafters\/"]}]}},"_links":{"self":[{"href":"https:\/\/fibercrafters.pl\/en\/wp-json\/wp\/v2\/product\/3427","targetHints":{"allow":["GET"]}}],"collection":[{"href":"https:\/\/fibercrafters.pl\/en\/wp-json\/wp\/v2\/product"}],"about":[{"href":"https:\/\/fibercrafters.pl\/en\/wp-json\/wp\/v2\/types\/product"}],"wp:featuredmedia":[{"embeddable":true,"href":"https:\/\/fibercrafters.pl\/en\/wp-json\/wp\/v2\/media\/3419"}],"wp:attachment":[{"href":"https:\/\/fibercrafters.pl\/en\/wp-json\/wp\/v2\/media?parent=3427"}],"wp:term":[{"taxonomy":"product_brand","embeddable":true,"href":"https:\/\/fibercrafters.pl\/en\/wp-json\/wp\/v2\/product_brand?post=3427"},{"taxonomy":"product_cat","embeddable":true,"href":"https:\/\/fibercrafters.pl\/en\/wp-json\/wp\/v2\/product_cat?post=3427"},{"taxonomy":"product_tag","embeddable":true,"href":"https:\/\/fibercrafters.pl\/en\/wp-json\/wp\/v2\/product_tag?post=3427"}],"curies":[{"name":"wp","href":"https:\/\/api.w.org\/{rel}","templated":true}]}}