{"id":3324,"date":"2024-08-15T15:25:46","date_gmt":"2024-08-15T13:25:46","guid":{"rendered":"https:\/\/fibercrafters.pl\/?post_type=product&#038;p=3324"},"modified":"2026-03-17T22:06:54","modified_gmt":"2026-03-17T21:06:54","slug":"sznurek-do-szycia-fiber-crafters-10mm-10m-trawa-morska","status":"publish","type":"product","link":"https:\/\/fibercrafters.pl\/en\/product\/sznurek-do-szycia-fiber-crafters-10mm-10m-trawa-morska\/","title":{"rendered":"Sznurek do szycia FIBER CRAFTERS 10mm 10m TRAWA MORSKA"},"content":{"rendered":"<h2>Sznurek z trawy morskiej do szycia &mdash; 10 mm<\/h2>\n<p>Ka\u017cda osoba zajmuj\u0105ca si\u0119 r\u0119kodzie\u0142em &mdash; czy to hobbystycznie, czy zawodowo &mdash; wie, \u017ce tworzenie najpi\u0119kniejszych, niezwyk\u0142ych produkt\u00f3w zaczyna si\u0119 od czego\u015b ma\u0142ego i niepozornego. To jednak w\u0142a\u015bnie takie wysokogatunkowe materia\u0142y przes\u0105dzaj\u0105 o tym, czy wyroby handmade prezentuj\u0105 si\u0119 naprawd\u0119 wyj\u0105tkowo, a przy tym odznaczaj\u0105 si\u0119 doskona\u0142\u0105 jako\u015bci\u0105. \u015awietnym przyk\u0142adem jest <strong>sznur z trawy morskiej<\/strong>, kt\u00f3ry oferujemy w Fiber Crafters. Znakomicie nada si\u0119 on do szycia maszynowego najr\u00f3\u017cniejszych produkt\u00f3w, od torebek po dywany, nie tylko zapewniaj\u0105c im nienagann\u0105 trwa\u0142o\u015b\u0107, ale te\u017c nietuzinkowy charakter.<\/p>\n<h2>Wytrzyma\u0142y sznur z trawy morskiej do r\u0119kodzie\u0142a<\/h2>\n<p>Przedstawiamy <strong>sznurek z trawy morskiej<\/strong> &mdash; naturalny produkt pleciony z w\u0142\u00f3kien ro\u015bliny znanej jako hiacynt wodny, kt\u00f3ry jest formowany w praktyczny warkocz, poddawany nast\u0119pnie suszeniu, aby zachowa\u0142 swoj\u0105 wytrzyma\u0142o\u015b\u0107. Dzi\u0119ki temu jest on wprost idealny dla wszystkich os\u00f3b zajmuj\u0105cych si\u0119 r\u0119kodzie\u0142em, podobnie jak dla pracowni r\u0119kodzielniczych, szwalni czy hurtowni b\u0105d\u017a sklep\u00f3w z artyku\u0142ami handmade.<\/p>\n<p>Nasz <strong>sznur z trawy morskiej<\/strong> mo\u017cna po\u0142\u0105czy\u0107 z bawe\u0142nianym, sztywnym <strong>sznurkiem <\/strong>do szycia &mdash; wykorzystuj\u0105c cho\u0107by maszyn\u0119 domow\u0105 &mdash; aby przygotowywa\u0107 r\u00f3\u017cnorodne wyroby. Dzi\u0119ki tej lilii wodnej uszyjesz m.in.:<\/p>\n<ul>\n<li>torby (przyk\u0142adowa realizacja widoczna na zdj\u0119ciu),<\/li>\n<li>kosze,<\/li>\n<li>podk\u0142adki,<\/li>\n<li>dywany i bie\u017cniki,<\/li>\n<li>legowiska lub kojce,<\/li>\n<li>koszyki.<\/li>\n<\/ul>\n<h3>Trawa morska: sznurek 10 mm dla hobbyst\u00f3w lub pracowni r\u0119kodzielniczych<\/h3>\n<p>Przedmiotem naszej oferty jest <strong>sznurek z trawy morskiej<\/strong> <strong>10 mm<\/strong> o nawoju 10 m. Doskonale nada si\u0119 on do projekt\u00f3w handmade, zar\u00f3wno pojedynczych, jak i seryjnych &mdash; dbamy bowiem o powtarzalno\u015b\u0107 koloru proponowanych wyrob\u00f3w. Je\u015bli natomiast poza samym sznurem szukasz r\u00f3wnie\u017c nici pasuj\u0105cych do niego kolorystycznie &mdash; bez obaw, mamy to! Serdecznie zapraszamy do sprawdzenia pe\u0142nej oferty, a tak\u017ce do sk\u0142adania zam\u00f3wie\u0144!<\/p>","protected":false},"excerpt":{"rendered":"<p>Sznurek z trawy morskiej do szycia &mdash; 10 mm Ka\u017cda osoba zajmuj\u0105ca si\u0119 r\u0119kodzie\u0142em &mdash; czy to hobbystycznie, czy zawodowo&#8230;<\/p>","protected":false},"featured_media":3325,"template":"","meta":[],"product_brand":[],"product_cat":[74],"product_tag":[],"class_list":{"0":"post-3324","1":"product","2":"type-product","3":"status-publish","4":"has-post-thumbnail","6":"product_cat-sznurek-do-szycia-fiber-crafters","8":"first","9":"instock","10":"shipping-taxable","11":"purchasable","12":"product-type-simple"},"yoast_head":"<!-- This site is optimized with the Yoast SEO plugin v26.7 - https:\/\/yoast.com\/wordpress\/plugins\/seo\/ -->\n<title>Sznurek z trawy morskiej, 10mm, do szycia, 10m | Fibercrafters<\/title>\n<meta name=\"description\" content=\"Naturalny sznurek z trawy morskiej 10mm \u2013 ekologiczny materia\u0142 do makramy oraz szycia. Sznurek 10mm idealny do koszyk\u00f3w, torebek oraz w\u0142asnych projekt\u00f3w!\" \/>\n<meta name=\"robots\" content=\"index, follow, max-snippet:-1, max-image-preview:large, max-video-preview:-1\" \/>\n<link rel=\"canonical\" href=\"https:\/\/fibercrafters.pl\/en\/product\/sznurek-do-szycia-fiber-crafters-10mm-10m-trawa-morska\/\" \/>\n<meta property=\"og:locale\" content=\"en_US\" \/>\n<meta property=\"og:type\" content=\"article\" \/>\n<meta property=\"og:title\" content=\"Sznurek z trawy morskiej, 10mm, do szycia, 10m | Fibercrafters\" \/>\n<meta property=\"og:description\" content=\"Naturalny sznurek z trawy morskiej 10mm \u2013 ekologiczny materia\u0142 do makramy oraz szycia. Sznurek 10mm idealny do koszyk\u00f3w, torebek oraz w\u0142asnych projekt\u00f3w!\" \/>\n<meta property=\"og:url\" content=\"https:\/\/fibercrafters.pl\/en\/product\/sznurek-do-szycia-fiber-crafters-10mm-10m-trawa-morska\/\" \/>\n<meta property=\"og:site_name\" content=\"Fibercrafters\" \/>\n<meta property=\"article:publisher\" content=\"https:\/\/www.facebook.com\/people\/Fiber-Crafters\/61562841616266\/\" \/>\n<meta property=\"article:modified_time\" content=\"2026-03-17T21:06:54+00:00\" \/>\n<meta property=\"og:image\" content=\"https:\/\/fibercrafters.pl\/wp-content\/uploads\/2024\/08\/photoroom-20240812_155708.png\" \/>\n\t<meta property=\"og:image:width\" content=\"1152\" \/>\n\t<meta property=\"og:image:height\" content=\"1206\" \/>\n\t<meta property=\"og:image:type\" content=\"image\/png\" \/>\n<meta name=\"twitter:card\" content=\"summary_large_image\" \/>\n<meta name=\"twitter:label1\" content=\"Est. reading time\" \/>\n\t<meta name=\"twitter:data1\" content=\"1 minute\" \/>\n<script type=\"application\/ld+json\" class=\"yoast-schema-graph\">{\"@context\":\"https:\/\/schema.org\",\"@graph\":[{\"@type\":\"WebPage\",\"@id\":\"https:\/\/fibercrafters.pl\/produkt\/sznurek-do-szycia-fiber-crafters-10mm-10m-trawa-morska\/\",\"url\":\"https:\/\/fibercrafters.pl\/produkt\/sznurek-do-szycia-fiber-crafters-10mm-10m-trawa-morska\/\",\"name\":\"Sznurek z trawy morskiej, 10mm, do szycia, 10m | Fibercrafters\",\"isPartOf\":{\"@id\":\"https:\/\/fibercrafters.pl\/#website\"},\"primaryImageOfPage\":{\"@id\":\"https:\/\/fibercrafters.pl\/produkt\/sznurek-do-szycia-fiber-crafters-10mm-10m-trawa-morska\/#primaryimage\"},\"image\":{\"@id\":\"https:\/\/fibercrafters.pl\/produkt\/sznurek-do-szycia-fiber-crafters-10mm-10m-trawa-morska\/#primaryimage\"},\"thumbnailUrl\":\"https:\/\/fibercrafters.pl\/wp-content\/uploads\/2024\/08\/photoroom-20240812_155708.png\",\"datePublished\":\"2024-08-15T13:25:46+00:00\",\"dateModified\":\"2026-03-17T21:06:54+00:00\",\"description\":\"Naturalny sznurek z trawy morskiej 10mm \u2013 ekologiczny materia\u0142 do makramy oraz szycia. Sznurek 10mm idealny do koszyk\u00f3w, torebek oraz w\u0142asnych projekt\u00f3w!\",\"breadcrumb\":{\"@id\":\"https:\/\/fibercrafters.pl\/produkt\/sznurek-do-szycia-fiber-crafters-10mm-10m-trawa-morska\/#breadcrumb\"},\"inLanguage\":\"en-US\",\"potentialAction\":[{\"@type\":\"ReadAction\",\"target\":[\"https:\/\/fibercrafters.pl\/produkt\/sznurek-do-szycia-fiber-crafters-10mm-10m-trawa-morska\/\"]}]},{\"@type\":\"ImageObject\",\"inLanguage\":\"en-US\",\"@id\":\"https:\/\/fibercrafters.pl\/produkt\/sznurek-do-szycia-fiber-crafters-10mm-10m-trawa-morska\/#primaryimage\",\"url\":\"https:\/\/fibercrafters.pl\/wp-content\/uploads\/2024\/08\/photoroom-20240812_155708.png\",\"contentUrl\":\"https:\/\/fibercrafters.pl\/wp-content\/uploads\/2024\/08\/photoroom-20240812_155708.png\",\"width\":1152,\"height\":1206},{\"@type\":\"BreadcrumbList\",\"@id\":\"https:\/\/fibercrafters.pl\/produkt\/sznurek-do-szycia-fiber-crafters-10mm-10m-trawa-morska\/#breadcrumb\",\"itemListElement\":[{\"@type\":\"ListItem\",\"position\":1,\"name\":\"Strona g\u0142\u00f3wna\",\"item\":\"https:\/\/fibercrafters.pl\/\"},{\"@type\":\"ListItem\",\"position\":2,\"name\":\"Sklep\",\"item\":\"https:\/\/fibercrafters.pl\/sklep\/\"},{\"@type\":\"ListItem\",\"position\":3,\"name\":\"Sznurek do szycia FIBER CRAFTERS 10mm 10m TRAWA MORSKA\"}]},{\"@type\":\"WebSite\",\"@id\":\"https:\/\/fibercrafters.pl\/#website\",\"url\":\"https:\/\/fibercrafters.pl\/\",\"name\":\"Fibercrafters\",\"description\":\"Sznurki do szycia\",\"publisher\":{\"@id\":\"https:\/\/fibercrafters.pl\/#organization\"},\"potentialAction\":[{\"@type\":\"SearchAction\",\"target\":{\"@type\":\"EntryPoint\",\"urlTemplate\":\"https:\/\/fibercrafters.pl\/?s={search_term_string}\"},\"query-input\":{\"@type\":\"PropertyValueSpecification\",\"valueRequired\":true,\"valueName\":\"search_term_string\"}}],\"inLanguage\":\"en-US\"},{\"@type\":\"Organization\",\"@id\":\"https:\/\/fibercrafters.pl\/#organization\",\"name\":\"Fibercrafters\",\"url\":\"https:\/\/fibercrafters.pl\/\",\"logo\":{\"@type\":\"ImageObject\",\"inLanguage\":\"en-US\",\"@id\":\"https:\/\/fibercrafters.pl\/#\/schema\/logo\/image\/\",\"url\":\"https:\/\/fibercrafters.pl\/wp-content\/uploads\/2025\/01\/cropped-fibercraft-1.webp\",\"contentUrl\":\"https:\/\/fibercrafters.pl\/wp-content\/uploads\/2025\/01\/cropped-fibercraft-1.webp\",\"width\":267,\"height\":144,\"caption\":\"Fibercrafters\"},\"image\":{\"@id\":\"https:\/\/fibercrafters.pl\/#\/schema\/logo\/image\/\"},\"sameAs\":[\"https:\/\/www.facebook.com\/people\/Fiber-Crafters\/61562841616266\/\",\"https:\/\/www.instagram.com\/fiber.crafters\/\"]}]}<\/script>\n<!-- \/ Yoast SEO plugin. -->","yoast_head_json":{"title":"Sznurek z trawy morskiej, 10mm, do szycia, 10m | Fibercrafters","description":"Naturalny sznurek z trawy morskiej 10mm \u2013 ekologiczny materia\u0142 do makramy oraz szycia. Sznurek 10mm idealny do koszyk\u00f3w, torebek oraz w\u0142asnych projekt\u00f3w!","robots":{"index":"index","follow":"follow","max-snippet":"max-snippet:-1","max-image-preview":"max-image-preview:large","max-video-preview":"max-video-preview:-1"},"canonical":"https:\/\/fibercrafters.pl\/en\/product\/sznurek-do-szycia-fiber-crafters-10mm-10m-trawa-morska\/","og_locale":"en_US","og_type":"article","og_title":"Sznurek z trawy morskiej, 10mm, do szycia, 10m | Fibercrafters","og_description":"Naturalny sznurek z trawy morskiej 10mm \u2013 ekologiczny materia\u0142 do makramy oraz szycia. Sznurek 10mm idealny do koszyk\u00f3w, torebek oraz w\u0142asnych projekt\u00f3w!","og_url":"https:\/\/fibercrafters.pl\/en\/product\/sznurek-do-szycia-fiber-crafters-10mm-10m-trawa-morska\/","og_site_name":"Fibercrafters","article_publisher":"https:\/\/www.facebook.com\/people\/Fiber-Crafters\/61562841616266\/","article_modified_time":"2026-03-17T21:06:54+00:00","og_image":[{"width":1152,"height":1206,"url":"https:\/\/fibercrafters.pl\/wp-content\/uploads\/2024\/08\/photoroom-20240812_155708.png","type":"image\/png"}],"twitter_card":"summary_large_image","twitter_misc":{"Est. reading time":"1 minute"},"schema":{"@context":"https:\/\/schema.org","@graph":[{"@type":"WebPage","@id":"https:\/\/fibercrafters.pl\/produkt\/sznurek-do-szycia-fiber-crafters-10mm-10m-trawa-morska\/","url":"https:\/\/fibercrafters.pl\/produkt\/sznurek-do-szycia-fiber-crafters-10mm-10m-trawa-morska\/","name":"Sznurek z trawy morskiej, 10mm, do szycia, 10m | Fibercrafters","isPartOf":{"@id":"https:\/\/fibercrafters.pl\/#website"},"primaryImageOfPage":{"@id":"https:\/\/fibercrafters.pl\/produkt\/sznurek-do-szycia-fiber-crafters-10mm-10m-trawa-morska\/#primaryimage"},"image":{"@id":"https:\/\/fibercrafters.pl\/produkt\/sznurek-do-szycia-fiber-crafters-10mm-10m-trawa-morska\/#primaryimage"},"thumbnailUrl":"https:\/\/fibercrafters.pl\/wp-content\/uploads\/2024\/08\/photoroom-20240812_155708.png","datePublished":"2024-08-15T13:25:46+00:00","dateModified":"2026-03-17T21:06:54+00:00","description":"Naturalny sznurek z trawy morskiej 10mm \u2013 ekologiczny materia\u0142 do makramy oraz szycia. Sznurek 10mm idealny do koszyk\u00f3w, torebek oraz w\u0142asnych projekt\u00f3w!","breadcrumb":{"@id":"https:\/\/fibercrafters.pl\/produkt\/sznurek-do-szycia-fiber-crafters-10mm-10m-trawa-morska\/#breadcrumb"},"inLanguage":"en-US","potentialAction":[{"@type":"ReadAction","target":["https:\/\/fibercrafters.pl\/produkt\/sznurek-do-szycia-fiber-crafters-10mm-10m-trawa-morska\/"]}]},{"@type":"ImageObject","inLanguage":"en-US","@id":"https:\/\/fibercrafters.pl\/produkt\/sznurek-do-szycia-fiber-crafters-10mm-10m-trawa-morska\/#primaryimage","url":"https:\/\/fibercrafters.pl\/wp-content\/uploads\/2024\/08\/photoroom-20240812_155708.png","contentUrl":"https:\/\/fibercrafters.pl\/wp-content\/uploads\/2024\/08\/photoroom-20240812_155708.png","width":1152,"height":1206},{"@type":"BreadcrumbList","@id":"https:\/\/fibercrafters.pl\/produkt\/sznurek-do-szycia-fiber-crafters-10mm-10m-trawa-morska\/#breadcrumb","itemListElement":[{"@type":"ListItem","position":1,"name":"Strona g\u0142\u00f3wna","item":"https:\/\/fibercrafters.pl\/"},{"@type":"ListItem","position":2,"name":"Sklep","item":"https:\/\/fibercrafters.pl\/sklep\/"},{"@type":"ListItem","position":3,"name":"Sznurek do szycia FIBER CRAFTERS 10mm 10m TRAWA MORSKA"}]},{"@type":"WebSite","@id":"https:\/\/fibercrafters.pl\/#website","url":"https:\/\/fibercrafters.pl\/","name":"Fibercrafters","description":"Sznurki do szycia","publisher":{"@id":"https:\/\/fibercrafters.pl\/#organization"},"potentialAction":[{"@type":"SearchAction","target":{"@type":"EntryPoint","urlTemplate":"https:\/\/fibercrafters.pl\/?s={search_term_string}"},"query-input":{"@type":"PropertyValueSpecification","valueRequired":true,"valueName":"search_term_string"}}],"inLanguage":"en-US"},{"@type":"Organization","@id":"https:\/\/fibercrafters.pl\/#organization","name":"Fibercrafters","url":"https:\/\/fibercrafters.pl\/","logo":{"@type":"ImageObject","inLanguage":"en-US","@id":"https:\/\/fibercrafters.pl\/#\/schema\/logo\/image\/","url":"https:\/\/fibercrafters.pl\/wp-content\/uploads\/2025\/01\/cropped-fibercraft-1.webp","contentUrl":"https:\/\/fibercrafters.pl\/wp-content\/uploads\/2025\/01\/cropped-fibercraft-1.webp","width":267,"height":144,"caption":"Fibercrafters"},"image":{"@id":"https:\/\/fibercrafters.pl\/#\/schema\/logo\/image\/"},"sameAs":["https:\/\/www.facebook.com\/people\/Fiber-Crafters\/61562841616266\/","https:\/\/www.instagram.com\/fiber.crafters\/"]}]}},"_links":{"self":[{"href":"https:\/\/fibercrafters.pl\/en\/wp-json\/wp\/v2\/product\/3324","targetHints":{"allow":["GET"]}}],"collection":[{"href":"https:\/\/fibercrafters.pl\/en\/wp-json\/wp\/v2\/product"}],"about":[{"href":"https:\/\/fibercrafters.pl\/en\/wp-json\/wp\/v2\/types\/product"}],"wp:featuredmedia":[{"embeddable":true,"href":"https:\/\/fibercrafters.pl\/en\/wp-json\/wp\/v2\/media\/3325"}],"wp:attachment":[{"href":"https:\/\/fibercrafters.pl\/en\/wp-json\/wp\/v2\/media?parent=3324"}],"wp:term":[{"taxonomy":"product_brand","embeddable":true,"href":"https:\/\/fibercrafters.pl\/en\/wp-json\/wp\/v2\/product_brand?post=3324"},{"taxonomy":"product_cat","embeddable":true,"href":"https:\/\/fibercrafters.pl\/en\/wp-json\/wp\/v2\/product_cat?post=3324"},{"taxonomy":"product_tag","embeddable":true,"href":"https:\/\/fibercrafters.pl\/en\/wp-json\/wp\/v2\/product_tag?post=3324"}],"curies":[{"name":"wp","href":"https:\/\/api.w.org\/{rel}","templated":true}]}}