{"id":2074,"date":"2022-01-20T14:18:32","date_gmt":"2022-01-20T13:18:32","guid":{"rendered":"https:\/\/fibercrafters.pl\/?page_id=2074"},"modified":"2023-11-11T16:32:28","modified_gmt":"2023-11-11T15:32:28","slug":"dostawy","status":"publish","type":"page","link":"https:\/\/fibercrafters.pl\/en\/dostawy\/","title":{"rendered":"Dostawy"},"content":{"rendered":"<div data-elementor-type=\"wp-page\" data-elementor-id=\"2074\" class=\"elementor elementor-2074\">\n\t\t\t\t\t\t<section class=\"elementor-section elementor-top-section elementor-element elementor-element-57fe4e4 elementor-section-boxed elementor-section-height-default elementor-section-height-default\" data-id=\"57fe4e4\" data-element_type=\"section\">\n\t\t\t\t\t\t<div class=\"elementor-container elementor-column-gap-default\">\n\t\t\t\t\t<div class=\"elementor-column elementor-col-100 elementor-top-column elementor-element elementor-element-b91f02d\" data-id=\"b91f02d\" data-element_type=\"column\">\n\t\t\t<div class=\"elementor-widget-wrap elementor-element-populated\">\n\t\t\t\t\t\t<div class=\"elementor-element elementor-element-3b7cd5a elementor-widget elementor-widget-text-editor\" data-id=\"3b7cd5a\" data-element_type=\"widget\" data-widget_type=\"text-editor.default\">\n\t\t\t\t<div class=\"elementor-widget-container\">\n\t\t\t\t\t\t\t\t\t<p><span style=\"font-weight: bold;\">Koszty i termin wysy\u0142ki<\/span><\/p><ol><li style=\"list-style-type: none;\"><ol style=\"padding-left: 20px;\"><li>Towar wysy\u0142any jest pod adres wskazany w formularzu zam\u00f3wienia. Sklep poinformuje Klienta niezw\u0142ocznie o nieprawid\u0142owo wype\u0142nionym formularzu zam\u00f3wienia, kt\u00f3ry uniemo\u017cliwia dokonanie wysy\u0142ki lub mo\u017ce j\u0105 op\u00f3\u017ani\u0107 (nieprawid\u0142owe lub niekompletne dan).<\/li><li>Po nadaniu\/wys\u0142aniu produkty, niezale\u017cnie od sposobu wysy\u0142ki (Kurier lub Paczkomaty Inpost), nie ma mo\u017cliwo\u015bci zmiany adresu dostawy.\u00a0<\/li><li>Towar jest dostarczany za pomoc\u0105 wyspecjalizowanych firm kurierskich.<\/li><li>Przesy\u0142ka wysy\u0142ana jest zgodnie z terminem podanym przy ka\u017cdym Towarze na stronach serwisu. Przy wyborze opcji p\u0142atno\u015bci \u201eprzelew\u201d do czasu podanego na stronach serwisu nale\u017cy doliczy\u0107 czas zaksi\u0119gowania \u015brodk\u00f3w na rachunku bankowym sklepu (zwykle 1-2 dni robocze).<\/li><li>Klient jest obci\u0105\u017cany kosztami dostawy (wysy\u0142ki) okre\u015blonymi w cenniku transportu. Klient mo\u017ce si\u0119 zapozna\u0107 z cennikiem w ka\u017cdej chwili klikaj\u0105c w link \u201ecennik transportu\u201d.<\/li><li>Sklep nie ponosi odpowiedzialno\u015bci za nieterminowe dostarczenie przesy\u0142ki przez firm\u0119 kuriersk\u0105.<\/li><\/ol><\/li><\/ol>\t\t\t\t\t\t\t\t<\/div>\n\t\t\t\t<\/div>\n\t\t\t\t\t<\/div>\n\t\t<\/div>\n\t\t\t\t\t<\/div>\n\t\t<\/section>\n\t\t\t\t<\/div>","protected":false},"excerpt":{"rendered":"<p>Koszty i termin wysy\u0142ki Towar wysy\u0142any jest pod adres wskazany w formularzu zam\u00f3wienia. Sklep poinformuje Klienta niezw\u0142ocznie o nieprawid\u0142owo wype\u0142nionym&#8230;<\/p>","protected":false},"author":1,"featured_media":0,"parent":0,"menu_order":0,"comment_status":"closed","ping_status":"closed","template":"","meta":{"footnotes":""},"class_list":["post-2074","page","type-page","status-publish","hentry"],"yoast_head":"<!-- This site is optimized with the Yoast SEO plugin v26.7 - https:\/\/yoast.com\/wordpress\/plugins\/seo\/ -->\n<title>Dostawy | Fibercrafters<\/title>\n<meta name=\"robots\" content=\"index, follow, max-snippet:-1, max-image-preview:large, max-video-preview:-1\" \/>\n<link rel=\"canonical\" href=\"https:\/\/fibercrafters.pl\/en\/dostawy\/\" \/>\n<meta property=\"og:locale\" content=\"en_US\" \/>\n<meta property=\"og:type\" content=\"article\" \/>\n<meta property=\"og:title\" content=\"Dostawy | Fibercrafters\" \/>\n<meta property=\"og:description\" content=\"Koszty i termin wysy\u0142ki Towar wysy\u0142any jest pod adres wskazany w formularzu zam\u00f3wienia. Sklep poinformuje Klienta niezw\u0142ocznie o nieprawid\u0142owo wype\u0142nionym...\" \/>\n<meta property=\"og:url\" content=\"https:\/\/fibercrafters.pl\/en\/dostawy\/\" \/>\n<meta property=\"og:site_name\" content=\"Fibercrafters\" \/>\n<meta property=\"article:publisher\" content=\"https:\/\/www.facebook.com\/people\/Fiber-Crafters\/61562841616266\/\" \/>\n<meta property=\"article:modified_time\" content=\"2023-11-11T15:32:28+00:00\" \/>\n<meta name=\"twitter:card\" content=\"summary_large_image\" \/>\n<meta name=\"twitter:label1\" content=\"Est. reading time\" \/>\n\t<meta name=\"twitter:data1\" content=\"1 minute\" \/>\n<script type=\"application\/ld+json\" class=\"yoast-schema-graph\">{\"@context\":\"https:\/\/schema.org\",\"@graph\":[{\"@type\":\"WebPage\",\"@id\":\"https:\/\/fibercrafters.pl\/dostawy\/\",\"url\":\"https:\/\/fibercrafters.pl\/dostawy\/\",\"name\":\"Dostawy | Fibercrafters\",\"isPartOf\":{\"@id\":\"https:\/\/fibercrafters.pl\/#website\"},\"datePublished\":\"2022-01-20T13:18:32+00:00\",\"dateModified\":\"2023-11-11T15:32:28+00:00\",\"breadcrumb\":{\"@id\":\"https:\/\/fibercrafters.pl\/dostawy\/#breadcrumb\"},\"inLanguage\":\"en-US\",\"potentialAction\":[{\"@type\":\"ReadAction\",\"target\":[\"https:\/\/fibercrafters.pl\/dostawy\/\"]}]},{\"@type\":\"BreadcrumbList\",\"@id\":\"https:\/\/fibercrafters.pl\/dostawy\/#breadcrumb\",\"itemListElement\":[{\"@type\":\"ListItem\",\"position\":1,\"name\":\"Strona g\u0142\u00f3wna\",\"item\":\"https:\/\/fibercrafters.pl\/\"},{\"@type\":\"ListItem\",\"position\":2,\"name\":\"Dostawy\"}]},{\"@type\":\"WebSite\",\"@id\":\"https:\/\/fibercrafters.pl\/#website\",\"url\":\"https:\/\/fibercrafters.pl\/\",\"name\":\"Fibercrafters\",\"description\":\"Sznurki do szycia\",\"publisher\":{\"@id\":\"https:\/\/fibercrafters.pl\/#organization\"},\"potentialAction\":[{\"@type\":\"SearchAction\",\"target\":{\"@type\":\"EntryPoint\",\"urlTemplate\":\"https:\/\/fibercrafters.pl\/?s={search_term_string}\"},\"query-input\":{\"@type\":\"PropertyValueSpecification\",\"valueRequired\":true,\"valueName\":\"search_term_string\"}}],\"inLanguage\":\"en-US\"},{\"@type\":\"Organization\",\"@id\":\"https:\/\/fibercrafters.pl\/#organization\",\"name\":\"Fibercrafters\",\"url\":\"https:\/\/fibercrafters.pl\/\",\"logo\":{\"@type\":\"ImageObject\",\"inLanguage\":\"en-US\",\"@id\":\"https:\/\/fibercrafters.pl\/#\/schema\/logo\/image\/\",\"url\":\"https:\/\/fibercrafters.pl\/wp-content\/uploads\/2025\/01\/cropped-fibercraft-1.webp\",\"contentUrl\":\"https:\/\/fibercrafters.pl\/wp-content\/uploads\/2025\/01\/cropped-fibercraft-1.webp\",\"width\":267,\"height\":144,\"caption\":\"Fibercrafters\"},\"image\":{\"@id\":\"https:\/\/fibercrafters.pl\/#\/schema\/logo\/image\/\"},\"sameAs\":[\"https:\/\/www.facebook.com\/people\/Fiber-Crafters\/61562841616266\/\",\"https:\/\/www.instagram.com\/fiber.crafters\/\"]}]}<\/script>\n<!-- \/ Yoast SEO plugin. -->","yoast_head_json":{"title":"Dostawy | Fibercrafters","robots":{"index":"index","follow":"follow","max-snippet":"max-snippet:-1","max-image-preview":"max-image-preview:large","max-video-preview":"max-video-preview:-1"},"canonical":"https:\/\/fibercrafters.pl\/en\/dostawy\/","og_locale":"en_US","og_type":"article","og_title":"Dostawy | Fibercrafters","og_description":"Koszty i termin wysy\u0142ki Towar wysy\u0142any jest pod adres wskazany w formularzu zam\u00f3wienia. Sklep poinformuje Klienta niezw\u0142ocznie o nieprawid\u0142owo wype\u0142nionym...","og_url":"https:\/\/fibercrafters.pl\/en\/dostawy\/","og_site_name":"Fibercrafters","article_publisher":"https:\/\/www.facebook.com\/people\/Fiber-Crafters\/61562841616266\/","article_modified_time":"2023-11-11T15:32:28+00:00","twitter_card":"summary_large_image","twitter_misc":{"Est. reading time":"1 minute"},"schema":{"@context":"https:\/\/schema.org","@graph":[{"@type":"WebPage","@id":"https:\/\/fibercrafters.pl\/dostawy\/","url":"https:\/\/fibercrafters.pl\/dostawy\/","name":"Dostawy | Fibercrafters","isPartOf":{"@id":"https:\/\/fibercrafters.pl\/#website"},"datePublished":"2022-01-20T13:18:32+00:00","dateModified":"2023-11-11T15:32:28+00:00","breadcrumb":{"@id":"https:\/\/fibercrafters.pl\/dostawy\/#breadcrumb"},"inLanguage":"en-US","potentialAction":[{"@type":"ReadAction","target":["https:\/\/fibercrafters.pl\/dostawy\/"]}]},{"@type":"BreadcrumbList","@id":"https:\/\/fibercrafters.pl\/dostawy\/#breadcrumb","itemListElement":[{"@type":"ListItem","position":1,"name":"Strona g\u0142\u00f3wna","item":"https:\/\/fibercrafters.pl\/"},{"@type":"ListItem","position":2,"name":"Dostawy"}]},{"@type":"WebSite","@id":"https:\/\/fibercrafters.pl\/#website","url":"https:\/\/fibercrafters.pl\/","name":"Fibercrafters","description":"Sznurki do szycia","publisher":{"@id":"https:\/\/fibercrafters.pl\/#organization"},"potentialAction":[{"@type":"SearchAction","target":{"@type":"EntryPoint","urlTemplate":"https:\/\/fibercrafters.pl\/?s={search_term_string}"},"query-input":{"@type":"PropertyValueSpecification","valueRequired":true,"valueName":"search_term_string"}}],"inLanguage":"en-US"},{"@type":"Organization","@id":"https:\/\/fibercrafters.pl\/#organization","name":"Fibercrafters","url":"https:\/\/fibercrafters.pl\/","logo":{"@type":"ImageObject","inLanguage":"en-US","@id":"https:\/\/fibercrafters.pl\/#\/schema\/logo\/image\/","url":"https:\/\/fibercrafters.pl\/wp-content\/uploads\/2025\/01\/cropped-fibercraft-1.webp","contentUrl":"https:\/\/fibercrafters.pl\/wp-content\/uploads\/2025\/01\/cropped-fibercraft-1.webp","width":267,"height":144,"caption":"Fibercrafters"},"image":{"@id":"https:\/\/fibercrafters.pl\/#\/schema\/logo\/image\/"},"sameAs":["https:\/\/www.facebook.com\/people\/Fiber-Crafters\/61562841616266\/","https:\/\/www.instagram.com\/fiber.crafters\/"]}]}},"_links":{"self":[{"href":"https:\/\/fibercrafters.pl\/en\/wp-json\/wp\/v2\/pages\/2074","targetHints":{"allow":["GET"]}}],"collection":[{"href":"https:\/\/fibercrafters.pl\/en\/wp-json\/wp\/v2\/pages"}],"about":[{"href":"https:\/\/fibercrafters.pl\/en\/wp-json\/wp\/v2\/types\/page"}],"author":[{"embeddable":true,"href":"https:\/\/fibercrafters.pl\/en\/wp-json\/wp\/v2\/users\/1"}],"replies":[{"embeddable":true,"href":"https:\/\/fibercrafters.pl\/en\/wp-json\/wp\/v2\/comments?post=2074"}],"version-history":[{"count":19,"href":"https:\/\/fibercrafters.pl\/en\/wp-json\/wp\/v2\/pages\/2074\/revisions"}],"predecessor-version":[{"id":2878,"href":"https:\/\/fibercrafters.pl\/en\/wp-json\/wp\/v2\/pages\/2074\/revisions\/2878"}],"wp:attachment":[{"href":"https:\/\/fibercrafters.pl\/en\/wp-json\/wp\/v2\/media?parent=2074"}],"curies":[{"name":"wp","href":"https:\/\/api.w.org\/{rel}","templated":true}]}}