{"id":2072,"date":"2022-01-20T14:18:14","date_gmt":"2022-01-20T13:18:14","guid":{"rendered":"https:\/\/fibercrafters.pl\/?page_id=2072"},"modified":"2023-12-03T15:18:03","modified_gmt":"2023-12-03T14:18:03","slug":"platnosci","status":"publish","type":"page","link":"https:\/\/fibercrafters.pl\/en\/platnosci\/","title":{"rendered":"P\u0142atno\u015bci"},"content":{"rendered":"<div data-elementor-type=\"wp-page\" data-elementor-id=\"2072\" class=\"elementor elementor-2072\">\n\t\t\t\t\t\t<section class=\"elementor-section elementor-top-section elementor-element elementor-element-e3301dd elementor-section-boxed elementor-section-height-default elementor-section-height-default\" data-id=\"e3301dd\" data-element_type=\"section\">\n\t\t\t\t\t\t<div class=\"elementor-container elementor-column-gap-default\">\n\t\t\t\t\t<div class=\"elementor-column elementor-col-100 elementor-top-column elementor-element elementor-element-c1aacf4\" data-id=\"c1aacf4\" data-element_type=\"column\">\n\t\t\t<div class=\"elementor-widget-wrap elementor-element-populated\">\n\t\t\t\t\t\t<div class=\"elementor-element elementor-element-b4e3792 elementor-widget elementor-widget-text-editor\" data-id=\"b4e3792\" data-element_type=\"widget\" data-widget_type=\"text-editor.default\">\n\t\t\t\t<div class=\"elementor-widget-container\">\n\t\t\t\t\t\t\t\t\t<p><strong>Sk\u0142adanie zam\u00f3wie\u0144<\/strong><\/p>\n<ol>\n<li>Wszystkie ceny podane na stronie internetowej&nbsp;<a href=\"https:\/\/fibercrafters.pl\/en\/\">https:\/\/fibercrafters.pl<\/a>&nbsp;s\u0105 cenami brutto podanymi w z\u0142otych polskich. Podane ceny nie obejmuj\u0105 koszt\u00f3w wysy\u0142ki.<\/li>\n<li>Zam\u00f3wienia s\u0105 przyjmowane przez stron\u0119 internetow\u0105.<\/li>\n<li>Zam\u00f3wienia sk\u0142adane poprzez stron\u0119 internetow\u0105 mo\u017cna sk\u0142ada\u0107 24 godziny na dob\u0119, 7 dni w tygodniu przez ca\u0142y rok.<\/li>\n<li>Zam\u00f3wienie zostaje z\u0142o\u017cone na&nbsp;produkt prezentowany na zdj\u0119ciu i opisany w charakterystyce.<\/li>\n<li>Zam\u00f3wienie jest skuteczne, je\u015bli Klient prawid\u0142owo wype\u0142ni formularz zam\u00f3wienia i prawid\u0142owo poda prawdziwe dane kontaktowe w tym dok\u0142adny adres, na kt\u00f3ry Towar ma by\u0107 wys\u0142any oraz numer telefonu i adres e-mail.<\/li>\n<li>W wypadku gdy podane dane nie s\u0105 kompletne, Sprzedaj\u0105cy skontaktuje si\u0119 z Klientem. Je\u015bli kontakt z Klientem nie b\u0119dzie mo\u017cliwy (podane dane nie s\u0105 kompletne lub nieprawid\u0142owe), Sprzedaj\u0105cy ma prawo do anulowania Zam\u00f3wienia.<\/li>\n<li>Klient w procesie zakupu towaru otrzyma faktur\u0119, kt\u00f3ra b\u0119dzie przes\u0142ana drog\u0105 elektroniczn\u0105, na wskazany adres e-mail w postaci elektronicznego obrazu dokument\u00f3w rozliczeniowych, w szczeg\u00f3lno\u015bci takich jak: faktury z za\u0142\u0105cznikami, faktury koryguj\u0105ce z za\u0142\u0105cznikami i formularzy. Niniejsza zgoda uprawnia Sprzedaj\u0105cego r\u00f3wnie\u017c do wystawiania i przesy\u0142ania faktur w formie elektronicznej, zgodnie&nbsp;<em>z rozporz\u0105dzeniem Ministra Finans\u00f3w z dnia 20 grudnia 2012 r. w sprawie przesy\u0142ania faktur w formie elektronicznej, zasad ich przechowywania oraz trybu udost\u0119pniania organowi podatkowemu lub organowi kontroli skarbowej.<\/em><\/li>\n<li>W trakcie sk\u0142adania Zam\u00f3wienia, Klient mo\u017ce wyrazi\u0107 zgod\u0119 na umieszczenie danych osobowych w bazie danych Sklepu Internetowego Sprzedaj\u0105cego w celu ich przetwarzania w zwi\u0105zku z realizacj\u0105 Zam\u00f3wienia. W wypadku udzielenia zgody, Klient ma prawo do wgl\u0105du w swoje dane, ich poprawiania oraz \u017c\u0105dania ich usuni\u0119cia.<\/li>\n<li>Podanie danych osobowych w celu realizacji zam\u00f3wienia jest dobrowolne.&nbsp;<\/li>\n<li>Klient mo\u017ce skorzysta\u0107 z opcji zapami\u0119tania jego danych przez system w celu u\u0142atwienia procesu sk\u0142adania kolejnego Zam\u00f3wienia. W tym celu Klient powinien poda\u0107 login i has\u0142o, niezb\u0119dne do uzyskania dost\u0119pu do swojego konta. Login Klienta to podany przez niego adres e-mail. Has\u0142o jest ci\u0105giem znak\u00f3w ustalanych przez Klienta. Has\u0142o Klienta nie jest znane Sprzedaj\u0105cemu i Klient ma obowi\u0105zek zachowania go w tajemnicy i chronienia przed niepowo\u0142anym dost\u0119pem os\u00f3b trzecich.<\/li>\n<li>Po z\u0142o\u017ceniu przez Klienta skutecznego zam\u00f3wienia, otrzyma on automatyczn\u0105 odpowied\u017a ze sklepu potwierdzaj\u0105c\u0105 otrzymanie zam\u00f3wienia.<\/li>\n<li>Czas rozpocz\u0119cia realizacji zam\u00f3wienia pokrywa si\u0119 z momentem wp\u0142ywu wp\u0142aty na rachunek bankowy podany w potwierdzeniu zam\u00f3wienia.<\/li>\n<li>\u201cCzas realizacji zam\u00f3wienia\/dostarczenia produktu\u201d podany w opisie produktu rozumiany jest jako czas liczony w dniach roboczych od momentu wp\u0142ywu wp\u0142aty na rachunek bankowy do momentu wys\u0142ania zam\u00f3wienia.&nbsp;<\/li>\n<\/ol>\n<p><strong>Koszty i termin wysy\u0142ki<\/strong><\/p>\n<ol>\n<li>Towar wysy\u0142any jest pod adres wskazany w formularzu zam\u00f3wienia. Sklep poinformuje Klienta niezw\u0142ocznie o nieprawid\u0142owo wype\u0142nionym formularzu zam\u00f3wienia, kt\u00f3ry uniemo\u017cliwia dokonanie wysy\u0142ki lub mo\u017ce j\u0105 op\u00f3\u017ani\u0107 (nieprawid\u0142owe lub niekompletne dane).<\/li>\n<li>Po nadaniu\/wys\u0142aniu produkty, niezale\u017cnie od sposobu wysy\u0142ki (Kurier lub Paczkomaty Inpost), nie ma mo\u017cliwo\u015bci zmiany adresu dostawy.&nbsp;<\/li>\n<li>Towar jest dostarczany za pomoc\u0105 wyspecjalizowanych firm kurierskich.<\/li>\n<li>Przesy\u0142ka wysy\u0142ana jest zgodnie z terminem podanym przy ka\u017cdym Towarze na stronach serwisu. Przy wyborze opcji p\u0142atno\u015bci \u201eprzelew\u201d do czasu podanego na stronach serwisu nale\u017cy doliczy\u0107 czas zaksi\u0119gowania \u015brodk\u00f3w na rachunku bankowym sklepu (zwykle 1-2 dni robocze).<\/li>\n<li>Klient jest obci\u0105\u017cany kosztami dostawy (wysy\u0142ki) okre\u015blonymi w cenniku transportu. Klient mo\u017ce si\u0119 zapozna\u0107 z cennikiem w ka\u017cdej chwili klikaj\u0105c w link \u201ecennik transportu\u201d.<\/li>\n<li>Sklep nie ponosi odpowiedzialno\u015bci za nieterminowe dostarczenie przesy\u0142ki przez firm\u0119 kuriersk\u0105.<\/li>\n<\/ol>\n<div>\n<p><span style=\"font-weight: bold;\">P\u0142atno\u015bci<\/span><\/p>\n<p>&nbsp; &nbsp; &nbsp; Na ka\u017cdy sprzedany towar wystawiamy imienny dow\u00f3d zakupu (faktur\u0119). P\u0142atno\u015b\u0107 za zam\u00f3wiony towar nast\u0119puje przelewem na konto bankowe Sklepu lub poprzez Przelewy24 .<\/p>\n<\/div>\t\t\t\t\t\t\t\t<\/div>\n\t\t\t\t<\/div>\n\t\t\t\t\t<\/div>\n\t\t<\/div>\n\t\t\t\t\t<\/div>\n\t\t<\/section>\n\t\t\t\t<\/div>","protected":false},"excerpt":{"rendered":"<p>Sk\u0142adanie zam\u00f3wie\u0144 Wszystkie ceny podane na stronie internetowej&nbsp;https:\/\/fibercrafters.pl&nbsp;s\u0105 cenami brutto podanymi w z\u0142otych polskich. Podane ceny nie obejmuj\u0105 koszt\u00f3w wysy\u0142ki&#8230;.<\/p>","protected":false},"author":1,"featured_media":0,"parent":0,"menu_order":0,"comment_status":"closed","ping_status":"closed","template":"","meta":{"footnotes":""},"class_list":["post-2072","page","type-page","status-publish","hentry"],"yoast_head":"<!-- This site is optimized with the Yoast SEO plugin v26.7 - https:\/\/yoast.com\/wordpress\/plugins\/seo\/ -->\n<title>P\u0142atno\u015bci | Fibercrafters<\/title>\n<meta name=\"robots\" content=\"index, follow, max-snippet:-1, max-image-preview:large, max-video-preview:-1\" \/>\n<link rel=\"canonical\" href=\"https:\/\/fibercrafters.pl\/en\/platnosci\/\" \/>\n<meta property=\"og:locale\" content=\"en_US\" \/>\n<meta property=\"og:type\" content=\"article\" \/>\n<meta property=\"og:title\" content=\"P\u0142atno\u015bci | Fibercrafters\" \/>\n<meta property=\"og:description\" content=\"Sk\u0142adanie zam\u00f3wie\u0144 Wszystkie ceny podane na stronie internetowej&nbsp;https:\/\/fibercrafters.pl&nbsp;s\u0105 cenami brutto podanymi w z\u0142otych polskich. Podane ceny nie obejmuj\u0105 koszt\u00f3w wysy\u0142ki....\" \/>\n<meta property=\"og:url\" content=\"https:\/\/fibercrafters.pl\/en\/platnosci\/\" \/>\n<meta property=\"og:site_name\" content=\"Fibercrafters\" \/>\n<meta property=\"article:publisher\" content=\"https:\/\/www.facebook.com\/people\/Fiber-Crafters\/61562841616266\/\" \/>\n<meta property=\"article:modified_time\" content=\"2023-12-03T14:18:03+00:00\" \/>\n<meta name=\"twitter:card\" content=\"summary_large_image\" \/>\n<meta name=\"twitter:label1\" content=\"Est. reading time\" \/>\n\t<meta name=\"twitter:data1\" content=\"3 minutes\" \/>\n<script type=\"application\/ld+json\" class=\"yoast-schema-graph\">{\"@context\":\"https:\/\/schema.org\",\"@graph\":[{\"@type\":\"WebPage\",\"@id\":\"https:\/\/fibercrafters.pl\/platnosci\/\",\"url\":\"https:\/\/fibercrafters.pl\/platnosci\/\",\"name\":\"P\u0142atno\u015bci | Fibercrafters\",\"isPartOf\":{\"@id\":\"https:\/\/fibercrafters.pl\/#website\"},\"datePublished\":\"2022-01-20T13:18:14+00:00\",\"dateModified\":\"2023-12-03T14:18:03+00:00\",\"breadcrumb\":{\"@id\":\"https:\/\/fibercrafters.pl\/platnosci\/#breadcrumb\"},\"inLanguage\":\"en-US\",\"potentialAction\":[{\"@type\":\"ReadAction\",\"target\":[\"https:\/\/fibercrafters.pl\/platnosci\/\"]}]},{\"@type\":\"BreadcrumbList\",\"@id\":\"https:\/\/fibercrafters.pl\/platnosci\/#breadcrumb\",\"itemListElement\":[{\"@type\":\"ListItem\",\"position\":1,\"name\":\"Strona g\u0142\u00f3wna\",\"item\":\"https:\/\/fibercrafters.pl\/\"},{\"@type\":\"ListItem\",\"position\":2,\"name\":\"P\u0142atno\u015bci\"}]},{\"@type\":\"WebSite\",\"@id\":\"https:\/\/fibercrafters.pl\/#website\",\"url\":\"https:\/\/fibercrafters.pl\/\",\"name\":\"Fibercrafters\",\"description\":\"Sznurki do szycia\",\"publisher\":{\"@id\":\"https:\/\/fibercrafters.pl\/#organization\"},\"potentialAction\":[{\"@type\":\"SearchAction\",\"target\":{\"@type\":\"EntryPoint\",\"urlTemplate\":\"https:\/\/fibercrafters.pl\/?s={search_term_string}\"},\"query-input\":{\"@type\":\"PropertyValueSpecification\",\"valueRequired\":true,\"valueName\":\"search_term_string\"}}],\"inLanguage\":\"en-US\"},{\"@type\":\"Organization\",\"@id\":\"https:\/\/fibercrafters.pl\/#organization\",\"name\":\"Fibercrafters\",\"url\":\"https:\/\/fibercrafters.pl\/\",\"logo\":{\"@type\":\"ImageObject\",\"inLanguage\":\"en-US\",\"@id\":\"https:\/\/fibercrafters.pl\/#\/schema\/logo\/image\/\",\"url\":\"https:\/\/fibercrafters.pl\/wp-content\/uploads\/2025\/01\/cropped-fibercraft-1.webp\",\"contentUrl\":\"https:\/\/fibercrafters.pl\/wp-content\/uploads\/2025\/01\/cropped-fibercraft-1.webp\",\"width\":267,\"height\":144,\"caption\":\"Fibercrafters\"},\"image\":{\"@id\":\"https:\/\/fibercrafters.pl\/#\/schema\/logo\/image\/\"},\"sameAs\":[\"https:\/\/www.facebook.com\/people\/Fiber-Crafters\/61562841616266\/\",\"https:\/\/www.instagram.com\/fiber.crafters\/\"]}]}<\/script>\n<!-- \/ Yoast SEO plugin. -->","yoast_head_json":{"title":"P\u0142atno\u015bci | Fibercrafters","robots":{"index":"index","follow":"follow","max-snippet":"max-snippet:-1","max-image-preview":"max-image-preview:large","max-video-preview":"max-video-preview:-1"},"canonical":"https:\/\/fibercrafters.pl\/en\/platnosci\/","og_locale":"en_US","og_type":"article","og_title":"P\u0142atno\u015bci | Fibercrafters","og_description":"Sk\u0142adanie zam\u00f3wie\u0144 Wszystkie ceny podane na stronie internetowej&nbsp;https:\/\/fibercrafters.pl&nbsp;s\u0105 cenami brutto podanymi w z\u0142otych polskich. Podane ceny nie obejmuj\u0105 koszt\u00f3w wysy\u0142ki....","og_url":"https:\/\/fibercrafters.pl\/en\/platnosci\/","og_site_name":"Fibercrafters","article_publisher":"https:\/\/www.facebook.com\/people\/Fiber-Crafters\/61562841616266\/","article_modified_time":"2023-12-03T14:18:03+00:00","twitter_card":"summary_large_image","twitter_misc":{"Est. reading time":"3 minutes"},"schema":{"@context":"https:\/\/schema.org","@graph":[{"@type":"WebPage","@id":"https:\/\/fibercrafters.pl\/platnosci\/","url":"https:\/\/fibercrafters.pl\/platnosci\/","name":"P\u0142atno\u015bci | Fibercrafters","isPartOf":{"@id":"https:\/\/fibercrafters.pl\/#website"},"datePublished":"2022-01-20T13:18:14+00:00","dateModified":"2023-12-03T14:18:03+00:00","breadcrumb":{"@id":"https:\/\/fibercrafters.pl\/platnosci\/#breadcrumb"},"inLanguage":"en-US","potentialAction":[{"@type":"ReadAction","target":["https:\/\/fibercrafters.pl\/platnosci\/"]}]},{"@type":"BreadcrumbList","@id":"https:\/\/fibercrafters.pl\/platnosci\/#breadcrumb","itemListElement":[{"@type":"ListItem","position":1,"name":"Strona g\u0142\u00f3wna","item":"https:\/\/fibercrafters.pl\/"},{"@type":"ListItem","position":2,"name":"P\u0142atno\u015bci"}]},{"@type":"WebSite","@id":"https:\/\/fibercrafters.pl\/#website","url":"https:\/\/fibercrafters.pl\/","name":"Fibercrafters","description":"Sznurki do szycia","publisher":{"@id":"https:\/\/fibercrafters.pl\/#organization"},"potentialAction":[{"@type":"SearchAction","target":{"@type":"EntryPoint","urlTemplate":"https:\/\/fibercrafters.pl\/?s={search_term_string}"},"query-input":{"@type":"PropertyValueSpecification","valueRequired":true,"valueName":"search_term_string"}}],"inLanguage":"en-US"},{"@type":"Organization","@id":"https:\/\/fibercrafters.pl\/#organization","name":"Fibercrafters","url":"https:\/\/fibercrafters.pl\/","logo":{"@type":"ImageObject","inLanguage":"en-US","@id":"https:\/\/fibercrafters.pl\/#\/schema\/logo\/image\/","url":"https:\/\/fibercrafters.pl\/wp-content\/uploads\/2025\/01\/cropped-fibercraft-1.webp","contentUrl":"https:\/\/fibercrafters.pl\/wp-content\/uploads\/2025\/01\/cropped-fibercraft-1.webp","width":267,"height":144,"caption":"Fibercrafters"},"image":{"@id":"https:\/\/fibercrafters.pl\/#\/schema\/logo\/image\/"},"sameAs":["https:\/\/www.facebook.com\/people\/Fiber-Crafters\/61562841616266\/","https:\/\/www.instagram.com\/fiber.crafters\/"]}]}},"_links":{"self":[{"href":"https:\/\/fibercrafters.pl\/en\/wp-json\/wp\/v2\/pages\/2072","targetHints":{"allow":["GET"]}}],"collection":[{"href":"https:\/\/fibercrafters.pl\/en\/wp-json\/wp\/v2\/pages"}],"about":[{"href":"https:\/\/fibercrafters.pl\/en\/wp-json\/wp\/v2\/types\/page"}],"author":[{"embeddable":true,"href":"https:\/\/fibercrafters.pl\/en\/wp-json\/wp\/v2\/users\/1"}],"replies":[{"embeddable":true,"href":"https:\/\/fibercrafters.pl\/en\/wp-json\/wp\/v2\/comments?post=2072"}],"version-history":[{"count":19,"href":"https:\/\/fibercrafters.pl\/en\/wp-json\/wp\/v2\/pages\/2072\/revisions"}],"predecessor-version":[{"id":3241,"href":"https:\/\/fibercrafters.pl\/en\/wp-json\/wp\/v2\/pages\/2072\/revisions\/3241"}],"wp:attachment":[{"href":"https:\/\/fibercrafters.pl\/en\/wp-json\/wp\/v2\/media?parent=2072"}],"curies":[{"name":"wp","href":"https:\/\/api.w.org\/{rel}","templated":true}]}}