{"id":2047,"date":"2022-01-17T19:28:31","date_gmt":"2022-01-17T18:28:31","guid":{"rendered":"https:\/\/fibercrafters.pl\/?page_id=2047"},"modified":"2025-05-03T21:41:59","modified_gmt":"2025-05-03T19:41:59","slug":"polityka-prywatnosci","status":"publish","type":"page","link":"https:\/\/fibercrafters.pl\/en\/polityka-prywatnosci\/","title":{"rendered":"Polityka prywatno\u015bci"},"content":{"rendered":"<div data-elementor-type=\"wp-page\" data-elementor-id=\"2047\" class=\"elementor elementor-2047\">\n\t\t\t\t\t\t<section class=\"elementor-section elementor-top-section elementor-element elementor-element-80db26d elementor-section-boxed elementor-section-height-default elementor-section-height-default\" data-id=\"80db26d\" data-element_type=\"section\">\n\t\t\t\t\t\t<div class=\"elementor-container elementor-column-gap-default\">\n\t\t\t\t\t<div class=\"elementor-column elementor-col-100 elementor-top-column elementor-element elementor-element-aaa00c4\" data-id=\"aaa00c4\" data-element_type=\"column\">\n\t\t\t<div class=\"elementor-widget-wrap elementor-element-populated\">\n\t\t\t\t\t\t<div class=\"elementor-element elementor-element-9d0c996 elementor-widget elementor-widget-text-editor\" data-id=\"9d0c996\" data-element_type=\"widget\" data-widget_type=\"text-editor.default\">\n\t\t\t\t<div class=\"elementor-widget-container\">\n\t\t\t\t\t\t\t\t\t<p><span style=\"font-weight: bold;\">Polityka prywatno\u015bci oraz ochrona danych osobowych<\/span><\/p><ol><li>Administratorem danych osobowych U\u017cytkownik\u00f3w jest Fiber Crafters 86-300 Grudzi\u0105dz, ul. D\u0119bowa 41, REGON: 340522130, NIP: 876-224-30-01.<\/li><li>Dane osobowe U\u017cytkownik\u00f3w s\u0105 przez Fiber Crafters przetwarzane wy\u0142\u0105cznie w celu ewidencji sprzeda\u017cy, realizowania zam\u00f3wie\u0144 oraz do kontaktowania si\u0119 z U\u017cytkownikiem w sprawach dotycz\u0105cych zam\u00f3wie\u0144 (podstaw\u0105 prawn\u0105 przetwarzania danych U\u017cytkownik\u00f3w w celu \u015bwiadczenia us\u0142ug jest niezb\u0119dno\u015b\u0107 do wykonania um\u00f3w o ich \u015bwiadczenie \u2013 tak\u0105 umow\u0105 jest regulamin).<\/li><li>Dane U\u017cytkownika gromadzone przez Administratora w celach wymienionych w punkcie 2.\u00a0to: imi\u0119, nazwisko, adres zamieszkania, adres email, numer telefonu, numer konta bankowego. W przypadku podmiot\u00f3w gospodarczych s\u0105 to dodatkowo: nazwa firmy, NIP, adres siedziby firmy. Dane przekazywane s\u0105 dobrowolnie przez U\u017cytkownika.\u00a0<\/li><li>Dane U\u017cytkownik\u00f3w\u00a0nie b\u0119d\u0105 wykorzystywane w celach marketingowych, nie b\u0119d\u0105 przekazywane do pa\u0144stwa trzeciego lub organizacji mi\u0119dzynarodowej.<\/li><li>Dane U\u017cytkownik\u00f3w mog\u0105 by\u0107 udost\u0119pniane organom pa\u0144stwowym uprawnionym do ich otrzymania na mocy obowi\u0105zuj\u0105cych przepis\u00f3w prawa oraz, w przypadku nieuregulowania nale\u017cno\u015bci wobec Fiber Crafters, podmiotom prowadz\u0105cym w jego imieniu post\u0119powanie zwi\u0105zane z dochodzeniem nale\u017cno\u015bci.<\/li><li>Dane osobowe wykorzystywane s\u0105 w celu realizacji um\u00f3w sprzeda\u017cy, w zawi\u0105zku z tym mog\u0105 by\u0107 przekazywane podmiotom\/realizatorom us\u0142ugi dor\u0119czenia przesy\u0142ki np. firmom kurierskim czy Poczcie Polskiej.<\/li><li>U\u017cytkownik ma prawo dost\u0119pu do wgl\u0105du do swoich danych oraz do ich sprostowania, usuni\u0119cia lub\u00a0ograniczenia ich\u00a0przetwarzania. U\u017cytkownik mo\u017ce r\u00f3wnie\u017c wycofa\u0107 zgod\u0119 na\u00a0przetwarzanie danych osobowych.<\/li><li>W celu usuni\u0119cia danych osobowych ze zbioru danych, U\u017cytkownik powinien przes\u0142a\u0107 do Fiber Crafters stosowne o\u015bwiadczenie w formie elektronicznej na adres <a href=\"https:\/\/fibercrafters.pl\/en\/kontakt\/\">crafters.fiber@gmail.com<\/a> lub na pi\u015bmie. Fiber Crafters mo\u017ce odm\u00f3wi\u0107 usuni\u0119cia danych U\u017cytkownika, je\u017celi U\u017cytkownik ten nie uregulowa\u0142 nale\u017cno\u015bci wobec Fiber Crafters lub naruszy\u0142 niniejszy Regulamin b\u0105d\u017a obowi\u0105zuj\u0105ce przepisy prawa, a zachowanie danych jest niezb\u0119dne do wyja\u015bnienia tych okoliczno\u015bci i ustalenia odpowiedzialno\u015bci U\u017cytkownika.<\/li><li>Dane U\u017cytkownika przetwarzane b\u0119d\u0105 do czasu istnienia podstawy do ich przetwarzania: w przypadku przetwarzania danych w celu realizacji zam\u00f3wienia;\u00a0w przypadku przetwarzania danych na podstawie zgody U\u017cytkownika\u2013 do momentu jej cofni\u0119cia.<\/li><li>Informacja o metodach i \u015brodkach technicznych s\u0142u\u017c\u0105cych wykrywaniu i korygowaniu b\u0142\u0119d\u00f3w we wprowadzanych danych:<ol><li>W trakcie sk\u0142adania Zam\u00f3wienia, do momentu naci\u015bni\u0119cia przycisku \u201eZ\u0142\u00f3\u017c zam\u00f3wienie\u201d Klienci posiadaj\u0105cy konto w Sklepie internetowym maj\u0105 mo\u017cliwo\u015b\u0107 samodzielnego korygowania wprowadzonych danych poprzez edycj\u0119 profilu konta.<\/li><li>Weryfikacji danych lub korekty Zam\u00f3wienia mo\u017cna dokona\u0107 tak\u017ce poprzez wys\u0142anie wiadomo\u015bci e-mail do Us\u0142ugodawcy na adres crafters.fiber@gmail.com<\/li><li>Klient ma mo\u017cliwo\u015b\u0107 zmiany danych wprowadzonych podczas tworzenia Konta w ka\u017cdym czasie w ramach udost\u0119pnionych opcji.<\/li><\/ol><\/li><li>Informacja o zasadach i sposobach utrwalania, zabezpieczania i udost\u0119pniania przez Us\u0142ugodawc\u0119 drugiej stronie tre\u015bci zawieranej umowy:<ol><li>Utrwalenie, zabezpieczenie i udost\u0119pnienie tre\u015bci zawieranej umowy nast\u0119puje przez przes\u0142anie stosownej wiadomo\u015bci e-mail po zawarciu Umowy Sprzeda\u017cy.<\/li><li>Utrwalenie, zabezpieczenie i udost\u0119pnienie tre\u015bci zawieranej Umowy Sprzeda\u017cy nast\u0119puje przez wys\u0142anie Klientowi na podany adres e-mail tre\u015bci zawieranej umowy lub przez przekazanie Klientowi specyfikacji Zam\u00f3wienia oraz dowodu zakupu.<\/li><\/ol><\/li><\/ol>\t\t\t\t\t\t\t\t<\/div>\n\t\t\t\t<\/div>\n\t\t\t\t\t<\/div>\n\t\t<\/div>\n\t\t\t\t\t<\/div>\n\t\t<\/section>\n\t\t\t\t<section class=\"elementor-section elementor-top-section elementor-element elementor-element-e3f4631 elementor-section-boxed elementor-section-height-default elementor-section-height-default\" data-id=\"e3f4631\" data-element_type=\"section\">\n\t\t\t\t\t\t<div class=\"elementor-container elementor-column-gap-default\">\n\t\t\t\t\t<div class=\"elementor-column elementor-col-100 elementor-top-column elementor-element elementor-element-9142b43\" data-id=\"9142b43\" data-element_type=\"column\">\n\t\t\t<div class=\"elementor-widget-wrap elementor-element-populated\">\n\t\t\t\t\t\t<div class=\"elementor-element elementor-element-e739be6 elementor-widget elementor-widget-text-editor\" data-id=\"e739be6\" data-element_type=\"widget\" data-widget_type=\"text-editor.default\">\n\t\t\t\t<div class=\"elementor-widget-container\">\n\t\t\t\t\t\t\t\t\t<p>Lorem ipsum dolor sit amet, consectetur adipiscing elit. Ut elit tellus, luctus nec ullamcorper mattis, pulvinar dapibus leo.<\/p>\t\t\t\t\t\t\t\t<\/div>\n\t\t\t\t<\/div>\n\t\t\t\t\t<\/div>\n\t\t<\/div>\n\t\t\t\t\t<\/div>\n\t\t<\/section>\n\t\t\t\t<\/div>","protected":false},"excerpt":{"rendered":"<p>Polityka prywatno\u015bci oraz ochrona danych osobowych Administratorem danych osobowych U\u017cytkownik\u00f3w jest Fiber Crafters 86-300 Grudzi\u0105dz, ul. D\u0119bowa 41, REGON: 340522130,&#8230;<\/p>","protected":false},"author":1,"featured_media":0,"parent":0,"menu_order":0,"comment_status":"closed","ping_status":"closed","template":"","meta":{"footnotes":""},"class_list":["post-2047","page","type-page","status-publish","hentry"],"yoast_head":"<!-- This site is optimized with the Yoast SEO plugin v26.7 - https:\/\/yoast.com\/wordpress\/plugins\/seo\/ -->\n<title>Polityka prywatno\u015bci | Fibercrafters<\/title>\n<meta name=\"robots\" content=\"index, follow, max-snippet:-1, max-image-preview:large, max-video-preview:-1\" \/>\n<link rel=\"canonical\" href=\"https:\/\/fibercrafters.pl\/en\/polityka-prywatnosci\/\" \/>\n<meta property=\"og:locale\" content=\"en_US\" \/>\n<meta property=\"og:type\" content=\"article\" \/>\n<meta property=\"og:title\" content=\"Polityka prywatno\u015bci | Fibercrafters\" \/>\n<meta property=\"og:description\" content=\"Polityka prywatno\u015bci oraz ochrona danych osobowych Administratorem danych osobowych U\u017cytkownik\u00f3w jest Fiber Crafters 86-300 Grudzi\u0105dz, ul. D\u0119bowa 41, REGON: 340522130,...\" \/>\n<meta property=\"og:url\" content=\"https:\/\/fibercrafters.pl\/en\/polityka-prywatnosci\/\" \/>\n<meta property=\"og:site_name\" content=\"Fibercrafters\" \/>\n<meta property=\"article:publisher\" content=\"https:\/\/www.facebook.com\/people\/Fiber-Crafters\/61562841616266\/\" \/>\n<meta property=\"article:modified_time\" content=\"2025-05-03T19:41:59+00:00\" \/>\n<meta name=\"twitter:card\" content=\"summary_large_image\" \/>\n<meta name=\"twitter:label1\" content=\"Est. reading time\" \/>\n\t<meta name=\"twitter:data1\" content=\"3 minutes\" \/>\n<script type=\"application\/ld+json\" class=\"yoast-schema-graph\">{\"@context\":\"https:\/\/schema.org\",\"@graph\":[{\"@type\":\"WebPage\",\"@id\":\"https:\/\/fibercrafters.pl\/polityka-prywatnosci\/\",\"url\":\"https:\/\/fibercrafters.pl\/polityka-prywatnosci\/\",\"name\":\"Polityka prywatno\u015bci | Fibercrafters\",\"isPartOf\":{\"@id\":\"https:\/\/fibercrafters.pl\/#website\"},\"datePublished\":\"2022-01-17T18:28:31+00:00\",\"dateModified\":\"2025-05-03T19:41:59+00:00\",\"breadcrumb\":{\"@id\":\"https:\/\/fibercrafters.pl\/polityka-prywatnosci\/#breadcrumb\"},\"inLanguage\":\"en-US\",\"potentialAction\":[{\"@type\":\"ReadAction\",\"target\":[\"https:\/\/fibercrafters.pl\/polityka-prywatnosci\/\"]}]},{\"@type\":\"BreadcrumbList\",\"@id\":\"https:\/\/fibercrafters.pl\/polityka-prywatnosci\/#breadcrumb\",\"itemListElement\":[{\"@type\":\"ListItem\",\"position\":1,\"name\":\"Strona g\u0142\u00f3wna\",\"item\":\"https:\/\/fibercrafters.pl\/\"},{\"@type\":\"ListItem\",\"position\":2,\"name\":\"Polityka prywatno\u015bci\"}]},{\"@type\":\"WebSite\",\"@id\":\"https:\/\/fibercrafters.pl\/#website\",\"url\":\"https:\/\/fibercrafters.pl\/\",\"name\":\"Fibercrafters\",\"description\":\"Sznurki do szycia\",\"publisher\":{\"@id\":\"https:\/\/fibercrafters.pl\/#organization\"},\"potentialAction\":[{\"@type\":\"SearchAction\",\"target\":{\"@type\":\"EntryPoint\",\"urlTemplate\":\"https:\/\/fibercrafters.pl\/?s={search_term_string}\"},\"query-input\":{\"@type\":\"PropertyValueSpecification\",\"valueRequired\":true,\"valueName\":\"search_term_string\"}}],\"inLanguage\":\"en-US\"},{\"@type\":\"Organization\",\"@id\":\"https:\/\/fibercrafters.pl\/#organization\",\"name\":\"Fibercrafters\",\"url\":\"https:\/\/fibercrafters.pl\/\",\"logo\":{\"@type\":\"ImageObject\",\"inLanguage\":\"en-US\",\"@id\":\"https:\/\/fibercrafters.pl\/#\/schema\/logo\/image\/\",\"url\":\"https:\/\/fibercrafters.pl\/wp-content\/uploads\/2025\/01\/cropped-fibercraft-1.webp\",\"contentUrl\":\"https:\/\/fibercrafters.pl\/wp-content\/uploads\/2025\/01\/cropped-fibercraft-1.webp\",\"width\":267,\"height\":144,\"caption\":\"Fibercrafters\"},\"image\":{\"@id\":\"https:\/\/fibercrafters.pl\/#\/schema\/logo\/image\/\"},\"sameAs\":[\"https:\/\/www.facebook.com\/people\/Fiber-Crafters\/61562841616266\/\",\"https:\/\/www.instagram.com\/fiber.crafters\/\"]}]}<\/script>\n<!-- \/ Yoast SEO plugin. -->","yoast_head_json":{"title":"Polityka prywatno\u015bci | Fibercrafters","robots":{"index":"index","follow":"follow","max-snippet":"max-snippet:-1","max-image-preview":"max-image-preview:large","max-video-preview":"max-video-preview:-1"},"canonical":"https:\/\/fibercrafters.pl\/en\/polityka-prywatnosci\/","og_locale":"en_US","og_type":"article","og_title":"Polityka prywatno\u015bci | Fibercrafters","og_description":"Polityka prywatno\u015bci oraz ochrona danych osobowych Administratorem danych osobowych U\u017cytkownik\u00f3w jest Fiber Crafters 86-300 Grudzi\u0105dz, ul. D\u0119bowa 41, REGON: 340522130,...","og_url":"https:\/\/fibercrafters.pl\/en\/polityka-prywatnosci\/","og_site_name":"Fibercrafters","article_publisher":"https:\/\/www.facebook.com\/people\/Fiber-Crafters\/61562841616266\/","article_modified_time":"2025-05-03T19:41:59+00:00","twitter_card":"summary_large_image","twitter_misc":{"Est. reading time":"3 minutes"},"schema":{"@context":"https:\/\/schema.org","@graph":[{"@type":"WebPage","@id":"https:\/\/fibercrafters.pl\/polityka-prywatnosci\/","url":"https:\/\/fibercrafters.pl\/polityka-prywatnosci\/","name":"Polityka prywatno\u015bci | Fibercrafters","isPartOf":{"@id":"https:\/\/fibercrafters.pl\/#website"},"datePublished":"2022-01-17T18:28:31+00:00","dateModified":"2025-05-03T19:41:59+00:00","breadcrumb":{"@id":"https:\/\/fibercrafters.pl\/polityka-prywatnosci\/#breadcrumb"},"inLanguage":"en-US","potentialAction":[{"@type":"ReadAction","target":["https:\/\/fibercrafters.pl\/polityka-prywatnosci\/"]}]},{"@type":"BreadcrumbList","@id":"https:\/\/fibercrafters.pl\/polityka-prywatnosci\/#breadcrumb","itemListElement":[{"@type":"ListItem","position":1,"name":"Strona g\u0142\u00f3wna","item":"https:\/\/fibercrafters.pl\/"},{"@type":"ListItem","position":2,"name":"Polityka prywatno\u015bci"}]},{"@type":"WebSite","@id":"https:\/\/fibercrafters.pl\/#website","url":"https:\/\/fibercrafters.pl\/","name":"Fibercrafters","description":"Sznurki do szycia","publisher":{"@id":"https:\/\/fibercrafters.pl\/#organization"},"potentialAction":[{"@type":"SearchAction","target":{"@type":"EntryPoint","urlTemplate":"https:\/\/fibercrafters.pl\/?s={search_term_string}"},"query-input":{"@type":"PropertyValueSpecification","valueRequired":true,"valueName":"search_term_string"}}],"inLanguage":"en-US"},{"@type":"Organization","@id":"https:\/\/fibercrafters.pl\/#organization","name":"Fibercrafters","url":"https:\/\/fibercrafters.pl\/","logo":{"@type":"ImageObject","inLanguage":"en-US","@id":"https:\/\/fibercrafters.pl\/#\/schema\/logo\/image\/","url":"https:\/\/fibercrafters.pl\/wp-content\/uploads\/2025\/01\/cropped-fibercraft-1.webp","contentUrl":"https:\/\/fibercrafters.pl\/wp-content\/uploads\/2025\/01\/cropped-fibercraft-1.webp","width":267,"height":144,"caption":"Fibercrafters"},"image":{"@id":"https:\/\/fibercrafters.pl\/#\/schema\/logo\/image\/"},"sameAs":["https:\/\/www.facebook.com\/people\/Fiber-Crafters\/61562841616266\/","https:\/\/www.instagram.com\/fiber.crafters\/"]}]}},"_links":{"self":[{"href":"https:\/\/fibercrafters.pl\/en\/wp-json\/wp\/v2\/pages\/2047","targetHints":{"allow":["GET"]}}],"collection":[{"href":"https:\/\/fibercrafters.pl\/en\/wp-json\/wp\/v2\/pages"}],"about":[{"href":"https:\/\/fibercrafters.pl\/en\/wp-json\/wp\/v2\/types\/page"}],"author":[{"embeddable":true,"href":"https:\/\/fibercrafters.pl\/en\/wp-json\/wp\/v2\/users\/1"}],"replies":[{"embeddable":true,"href":"https:\/\/fibercrafters.pl\/en\/wp-json\/wp\/v2\/comments?post=2047"}],"version-history":[{"count":10,"href":"https:\/\/fibercrafters.pl\/en\/wp-json\/wp\/v2\/pages\/2047\/revisions"}],"predecessor-version":[{"id":4087,"href":"https:\/\/fibercrafters.pl\/en\/wp-json\/wp\/v2\/pages\/2047\/revisions\/4087"}],"wp:attachment":[{"href":"https:\/\/fibercrafters.pl\/en\/wp-json\/wp\/v2\/media?parent=2047"}],"curies":[{"name":"wp","href":"https:\/\/api.w.org\/{rel}","templated":true}]}}